{"id":57534,"date":"2021-06-08T09:33:12","date_gmt":"2021-06-08T13:33:12","guid":{"rendered":"https:\/\/machineriesbst.com\/?post_type=product&#038;p=57534"},"modified":"2023-11-30T20:24:36","modified_gmt":"2023-12-01T01:24:36","slug":"plaqueuse-de-chant-holytek-k330-2013","status":"publish","type":"product","link":"https:\/\/machineriesbst.com\/en\/catalogue\/plaqueuse-de-chant-holytek-k330-2013\/","title":{"rendered":"2013 Holytek- K330 edgebander"},"content":{"rendered":"<table cellspacing=\"0\" cellpadding=\"3\">\n<tbody>\n<tr>\n<td colspan=\"2\"><b>Automatic edgebander with glue tank - K330<\/b><\/td>\n<\/tr>\n<tr>\n<td>Voltages available<\/td>\n<td>230V \/ 60C \/ 1Ph or 600V \/ 60C \/ 3Ph (on request only)<\/td>\n<\/tr>\n<tr>\n<td>End-cut motor<\/td>\n<td>0.18 kW<\/td>\n<\/tr>\n<tr>\n<td>Trimming motor<\/td>\n<td>0.55 kW<\/td>\n<\/tr>\n<tr>\n<td>Polishing unit motor<\/td>\n<td>0.12 kW each<\/td>\n<\/tr>\n<tr>\n<td>Applicator roller motor<\/td>\n<td>0.18 kW<\/td>\n<\/tr>\n<tr>\n<td>Drive motor<\/td>\n<td>0.37 kW<\/td>\n<\/tr>\n<tr>\n<td>Glue tank power<\/td>\n<td>1455 W<\/td>\n<\/tr>\n<tr>\n<td>Electrical intensity<\/td>\n<td>19A<\/td>\n<\/tr>\n<tr>\n<td>Working temperature<\/td>\n<td>~ 200 \u00b0 C<\/td>\n<\/tr>\n<tr>\n<td>Temperature in standby mode<\/td>\n<td>~ 160 \u00b0 C<\/td>\n<\/tr>\n<tr>\n<td>Drive speed<\/td>\n<td>6 m \/ min<\/td>\n<\/tr>\n<tr>\n<td>Circular blade of the end cut<\/td>\n<td>\u00d8 80 mm - Z16<\/td>\n<\/tr>\n<tr>\n<td>Combined radius \/ chamfer carbide end mills<\/td>\n<td>10,000 RPM - \u00d8 75 mm - Radius: 3 mm - Chamfer: 15 \u00b0<\/td>\n<\/tr>\n<tr>\n<td>Cleaning and polishing wheels<\/td>\n<td>3000 RPM - \u00d8 120 mm<\/td>\n<\/tr>\n<tr>\n<td>Panel thickness<\/td>\n<td>10 ~ 45mm<\/td>\n<\/tr>\n<tr>\n<td>Edge thickness<\/td>\n<td>0.4mm ~ 3mm \/ up to 4mm on draw sheet<\/td>\n<\/tr>\n<tr>\n<td>Suction outlet diameter<\/td>\n<td>120 mm<\/td>\n<\/tr>\n<tr>\n<td>Dimensions of the machine<\/td>\n<td>2500 (W) x 1280 (D) x 1300 (H) mm<\/td>\n<\/tr>\n<\/tbody>\n<\/table>","protected":false},"excerpt":{"rendered":"<p>Automatic edgebander with glue tank - K330 Voltages available 230V \/ 60C \/ 1Ph or 600V \/ 60C \/ 3Ph (on request only) End-cutting motor 0.18 kW Trimming motor 0.55 kW Unit motor polishing 0.12 kW each Applicator roller motor 0.18 kW Drive motor 0.37 kW Glue tank power 1455 W Current [\u2026]<\/p>","protected":false},"author":3,"featured_media":49548,"comment_status":"open","ping_status":"closed","template":"","meta":[],"product_cat":[363],"product_tag":[],"acf":[],"yoast_head":"<!-- This site is optimized with the Yoast SEO plugin v16.8 - https:\/\/yoast.com\/wordpress\/plugins\/seo\/ -->\n<title>Plaqueuse de chant Holytek- K330 2013 - Machineries BST<\/title>\n<meta name=\"robots\" content=\"index, follow, max-snippet:-1, max-image-preview:large, max-video-preview:-1\" \/>\n<link rel=\"canonical\" href=\"https:\/\/machineriesbst.com\/en\/catalogue\/plaqueuse-de-chant-holytek-k330-2013\/\" \/>\n<meta property=\"og:locale\" content=\"en_US\" \/>\n<meta property=\"og:type\" content=\"article\" \/>\n<meta property=\"og:title\" content=\"Plaqueuse de chant Holytek- K330 2013 - Machineries BST\" \/>\n<meta property=\"og:description\" content=\"Plaqueuse de chant automatique avec r\u00e9servoir \u00e0 colle - K330 Voltages disponibles 230V\/60C\/1Ph ou 600V\/60C\/3Ph (sur demande seulement) Moteur du coupe en bout 0,18 kW Moteur d&#039;affleurage 0,55 kW Moteur de l&#039;unit\u00e9 de polissage 0,12 kW chacun Moteur du rouleau applicateur 0,18 kW Moteur d&#039;entra\u00eenement 0,37 kW Puissance du r\u00e9servoir \u00e0 colle 1455 W Intensit\u00e9 [&hellip;]\" \/>\n<meta property=\"og:url\" content=\"https:\/\/machineriesbst.com\/en\/catalogue\/plaqueuse-de-chant-holytek-k330-2013\/\" \/>\n<meta property=\"og:site_name\" content=\"Machineries BST\" \/>\n<meta property=\"article:modified_time\" content=\"2023-12-01T01:24:36+00:00\" \/>\n<meta property=\"og:image\" content=\"https:\/\/machineriesbst.com\/wp-content\/uploads\/2021\/05\/20170620_080849_resized.jpg\" \/>\n\t<meta property=\"og:image:width\" content=\"1024\" \/>\n\t<meta property=\"og:image:height\" content=\"576\" \/>\n<meta name=\"twitter:card\" content=\"summary_large_image\" \/>\n<meta name=\"twitter:label1\" content=\"Est. reading time\" \/>\n\t<meta name=\"twitter:data1\" content=\"1 minute\" \/>\n<script type=\"application\/ld+json\" class=\"yoast-schema-graph\">{\"@context\":\"https:\/\/schema.org\",\"@graph\":[{\"@type\":\"WebSite\",\"@id\":\"https:\/\/machineriesbst.com\/en\/#website\",\"url\":\"https:\/\/machineriesbst.com\/en\/\",\"name\":\"Machineries BST\",\"description\":\"Machines neuves &amp; usag\\u00e9es\",\"potentialAction\":[{\"@type\":\"SearchAction\",\"target\":{\"@type\":\"EntryPoint\",\"urlTemplate\":\"https:\/\/machineriesbst.com\/en\/?s={search_term_string}\"},\"query-input\":\"required name=search_term_string\"}],\"inLanguage\":\"en-US\"},{\"@type\":\"ImageObject\",\"@id\":\"https:\/\/machineriesbst.com\/en\/catalogue\/plaqueuse-de-chant-holytek-k330-2013\/#primaryimage\",\"inLanguage\":\"en-US\",\"url\":\"https:\/\/machineriesbst.com\/wp-content\/uploads\/2021\/05\/20170620_080849_resized.jpg\",\"contentUrl\":\"https:\/\/machineriesbst.com\/wp-content\/uploads\/2021\/05\/20170620_080849_resized.jpg\",\"width\":1024,\"height\":576},{\"@type\":\"WebPage\",\"@id\":\"https:\/\/machineriesbst.com\/en\/catalogue\/plaqueuse-de-chant-holytek-k330-2013\/#webpage\",\"url\":\"https:\/\/machineriesbst.com\/en\/catalogue\/plaqueuse-de-chant-holytek-k330-2013\/\",\"name\":\"Plaqueuse de chant Holytek- K330 2013 - Machineries BST\",\"isPartOf\":{\"@id\":\"https:\/\/machineriesbst.com\/en\/#website\"},\"primaryImageOfPage\":{\"@id\":\"https:\/\/machineriesbst.com\/en\/catalogue\/plaqueuse-de-chant-holytek-k330-2013\/#primaryimage\"},\"datePublished\":\"2021-06-08T13:33:12+00:00\",\"dateModified\":\"2023-12-01T01:24:36+00:00\",\"breadcrumb\":{\"@id\":\"https:\/\/machineriesbst.com\/en\/catalogue\/plaqueuse-de-chant-holytek-k330-2013\/#breadcrumb\"},\"inLanguage\":\"en-US\",\"potentialAction\":[{\"@type\":\"ReadAction\",\"target\":[\"https:\/\/machineriesbst.com\/en\/catalogue\/plaqueuse-de-chant-holytek-k330-2013\/\"]}]},{\"@type\":\"BreadcrumbList\",\"@id\":\"https:\/\/machineriesbst.com\/en\/catalogue\/plaqueuse-de-chant-holytek-k330-2013\/#breadcrumb\",\"itemListElement\":[{\"@type\":\"ListItem\",\"position\":1,\"name\":\"Accueil\",\"item\":\"https:\/\/machineriesbst.com\/en\/\"},{\"@type\":\"ListItem\",\"position\":2,\"name\":\"Catalogue\",\"item\":\"https:\/\/machineriesbst.com\/en\/catalog\/\"},{\"@type\":\"ListItem\",\"position\":3,\"name\":\"Plaqueuse de chant Holytek- K330 2013\"}]}]}<\/script>\n<!-- \/ Yoast SEO plugin. -->","yoast_head_json":{"title":"Plaqueuse de chant Holytek- K330 2013 - Machineries BST","robots":{"index":"index","follow":"follow","max-snippet":"max-snippet:-1","max-image-preview":"max-image-preview:large","max-video-preview":"max-video-preview:-1"},"canonical":"https:\/\/machineriesbst.com\/en\/catalogue\/plaqueuse-de-chant-holytek-k330-2013\/","og_locale":"en_US","og_type":"article","og_title":"Plaqueuse de chant Holytek- K330 2013 - Machineries BST","og_description":"Plaqueuse de chant automatique avec r\u00e9servoir \u00e0 colle - K330 Voltages disponibles 230V\/60C\/1Ph ou 600V\/60C\/3Ph (sur demande seulement) Moteur du coupe en bout 0,18 kW Moteur d'affleurage 0,55 kW Moteur de l'unit\u00e9 de polissage 0,12 kW chacun Moteur du rouleau applicateur 0,18 kW Moteur d'entra\u00eenement 0,37 kW Puissance du r\u00e9servoir \u00e0 colle 1455 W Intensit\u00e9 [&hellip;]","og_url":"https:\/\/machineriesbst.com\/en\/catalogue\/plaqueuse-de-chant-holytek-k330-2013\/","og_site_name":"Machineries BST","article_modified_time":"2023-12-01T01:24:36+00:00","og_image":[{"width":1024,"height":576,"url":"https:\/\/machineriesbst.com\/wp-content\/uploads\/2021\/05\/20170620_080849_resized.jpg","path":"\/home\/jepeto\/public_html\/wp-content\/uploads\/2021\/05\/20170620_080849_resized.jpg","size":"full","id":49548,"alt":"","pixels":589824,"type":"image\/jpeg"}],"twitter_card":"summary_large_image","twitter_misc":{"Est. reading time":"1 minute"},"schema":{"@context":"https:\/\/schema.org","@graph":[{"@type":"WebSite","@id":"https:\/\/machineriesbst.com\/en\/#website","url":"https:\/\/machineriesbst.com\/en\/","name":"Machineries BST","description":"Machines neuves &amp; usag\u00e9es","potentialAction":[{"@type":"SearchAction","target":{"@type":"EntryPoint","urlTemplate":"https:\/\/machineriesbst.com\/en\/?s={search_term_string}"},"query-input":"required name=search_term_string"}],"inLanguage":"en-US"},{"@type":"ImageObject","@id":"https:\/\/machineriesbst.com\/en\/catalogue\/plaqueuse-de-chant-holytek-k330-2013\/#primaryimage","inLanguage":"en-US","url":"https:\/\/machineriesbst.com\/wp-content\/uploads\/2021\/05\/20170620_080849_resized.jpg","contentUrl":"https:\/\/machineriesbst.com\/wp-content\/uploads\/2021\/05\/20170620_080849_resized.jpg","width":1024,"height":576},{"@type":"WebPage","@id":"https:\/\/machineriesbst.com\/en\/catalogue\/plaqueuse-de-chant-holytek-k330-2013\/#webpage","url":"https:\/\/machineriesbst.com\/en\/catalogue\/plaqueuse-de-chant-holytek-k330-2013\/","name":"Plaqueuse de chant Holytek- K330 2013 - Machineries BST","isPartOf":{"@id":"https:\/\/machineriesbst.com\/en\/#website"},"primaryImageOfPage":{"@id":"https:\/\/machineriesbst.com\/en\/catalogue\/plaqueuse-de-chant-holytek-k330-2013\/#primaryimage"},"datePublished":"2021-06-08T13:33:12+00:00","dateModified":"2023-12-01T01:24:36+00:00","breadcrumb":{"@id":"https:\/\/machineriesbst.com\/en\/catalogue\/plaqueuse-de-chant-holytek-k330-2013\/#breadcrumb"},"inLanguage":"en-US","potentialAction":[{"@type":"ReadAction","target":["https:\/\/machineriesbst.com\/en\/catalogue\/plaqueuse-de-chant-holytek-k330-2013\/"]}]},{"@type":"BreadcrumbList","@id":"https:\/\/machineriesbst.com\/en\/catalogue\/plaqueuse-de-chant-holytek-k330-2013\/#breadcrumb","itemListElement":[{"@type":"ListItem","position":1,"name":"Accueil","item":"https:\/\/machineriesbst.com\/en\/"},{"@type":"ListItem","position":2,"name":"Catalogue","item":"https:\/\/machineriesbst.com\/en\/catalog\/"},{"@type":"ListItem","position":3,"name":"Plaqueuse de chant Holytek- K330 2013"}]}]}},"_links":{"self":[{"href":"https:\/\/machineriesbst.com\/en\/wp-json\/wp\/v2\/product\/57534"}],"collection":[{"href":"https:\/\/machineriesbst.com\/en\/wp-json\/wp\/v2\/product"}],"about":[{"href":"https:\/\/machineriesbst.com\/en\/wp-json\/wp\/v2\/types\/product"}],"author":[{"embeddable":true,"href":"https:\/\/machineriesbst.com\/en\/wp-json\/wp\/v2\/users\/3"}],"replies":[{"embeddable":true,"href":"https:\/\/machineriesbst.com\/en\/wp-json\/wp\/v2\/comments?post=57534"}],"wp:featuredmedia":[{"embeddable":true,"href":"https:\/\/machineriesbst.com\/en\/wp-json\/wp\/v2\/media\/49548"}],"wp:attachment":[{"href":"https:\/\/machineriesbst.com\/en\/wp-json\/wp\/v2\/media?parent=57534"}],"wp:term":[{"taxonomy":"product_cat","embeddable":true,"href":"https:\/\/machineriesbst.com\/en\/wp-json\/wp\/v2\/product_cat?post=57534"},{"taxonomy":"product_tag","embeddable":true,"href":"https:\/\/machineriesbst.com\/en\/wp-json\/wp\/v2\/product_tag?post=57534"}],"curies":[{"name":"wp","href":"https:\/\/api.w.org\/{rel}","templated":true}]}}