{"id":57520,"date":"2021-06-08T09:33:09","date_gmt":"2021-06-08T13:33:09","guid":{"rendered":"https:\/\/machineriesbst.com\/?post_type=product&#038;p=57520"},"modified":"2023-11-30T20:24:36","modified_gmt":"2023-12-01T01:24:36","slug":"scm-ten-220-class","status":"publish","type":"product","link":"https:\/\/machineriesbst.com\/en\/catalogue\/scm-ten-220-class\/","title":{"rendered":"SCM Ten 220 Class"},"content":{"rendered":"<p>The exclusive cutting solution<br \/>\nDesigned to make you more productive, the Ten Class 220 is unique in its class. One of the main characteristics is the simplicity of installation. The interchangeable spindle system allows:<br \/>\nThe tools to always be ready for assembly, no setup time, no wrenches, changing spacers, just insert the new tool and go.<br \/>\nIn seconds, the new tool can be adjusted and ready for use.<br \/>\nMachining of oversized and large parts.<br \/>\nThe improved clamping system includes the ability to work two parts in a single pass.<br \/>\nTool rotation speed: 3600 rpm<br \/>\nMotor power 7.5 (10) kW (Hp)<br \/>\nMaximum blade diameter: 400 mm<br \/>\nWorking stroke towards the tool: +\/- 105mm<br \/>\nExtension fence up to 2800 mm and inclination +\/- 45 degrees<\/p>","protected":false},"excerpt":{"rendered":"<p>The Exclusive Cutting Solution Designed to make you more productive, the Ten 220 class is unique in its class. One of the main characteristics is the simplicity of installation. The interchangeable spindle system allows: Tools to always be ready for assembly, no installation time, no keys, change of spacers, [\u2026]<\/p>","protected":false},"author":3,"featured_media":49544,"comment_status":"open","ping_status":"closed","template":"","meta":[],"product_cat":[308],"product_tag":[],"acf":[],"yoast_head":"<!-- This site is optimized with the Yoast SEO plugin v16.8 - https:\/\/yoast.com\/wordpress\/plugins\/seo\/ -->\n<title>SCM Ten 220 Class - Machineries BST<\/title>\n<meta name=\"robots\" content=\"index, follow, max-snippet:-1, max-image-preview:large, max-video-preview:-1\" \/>\n<link rel=\"canonical\" href=\"https:\/\/machineriesbst.com\/en\/catalogue\/scm-ten-220-class\/\" \/>\n<meta property=\"og:locale\" content=\"en_US\" \/>\n<meta property=\"og:type\" content=\"article\" \/>\n<meta property=\"og:title\" content=\"SCM Ten 220 Class - Machineries BST\" \/>\n<meta property=\"og:description\" content=\"La solution exclusive de d\u00e9coupage Con\u00e7u pour vous rendre plus productif, la classe Ten 220 est unique dans sa classe. Une des caract\u00e9ristiques principales est la simplicit\u00e9 de mise en place. Le syst\u00e8me de broche interchangeable permet: Les outils pour toujours \u00eatre pr\u00eats pour le montage, pas de temps d&#039;installation, pas de cl\u00e9s, changement d&#039;entretoises, [&hellip;]\" \/>\n<meta property=\"og:url\" content=\"https:\/\/machineriesbst.com\/en\/catalogue\/scm-ten-220-class\/\" \/>\n<meta property=\"og:site_name\" content=\"Machineries BST\" \/>\n<meta property=\"article:modified_time\" content=\"2023-12-01T01:24:36+00:00\" \/>\n<meta property=\"og:image\" content=\"https:\/\/machineriesbst.com\/wp-content\/uploads\/2021\/05\/1-200.jpg\" \/>\n\t<meta property=\"og:image:width\" content=\"500\" \/>\n\t<meta property=\"og:image:height\" content=\"500\" \/>\n<meta name=\"twitter:card\" content=\"summary_large_image\" \/>\n<meta name=\"twitter:label1\" content=\"Est. reading time\" \/>\n\t<meta name=\"twitter:data1\" content=\"1 minute\" \/>\n<script type=\"application\/ld+json\" class=\"yoast-schema-graph\">{\"@context\":\"https:\/\/schema.org\",\"@graph\":[{\"@type\":\"WebSite\",\"@id\":\"https:\/\/machineriesbst.com\/en\/#website\",\"url\":\"https:\/\/machineriesbst.com\/en\/\",\"name\":\"Machineries BST\",\"description\":\"Machines neuves &amp; usag\\u00e9es\",\"potentialAction\":[{\"@type\":\"SearchAction\",\"target\":{\"@type\":\"EntryPoint\",\"urlTemplate\":\"https:\/\/machineriesbst.com\/en\/?s={search_term_string}\"},\"query-input\":\"required name=search_term_string\"}],\"inLanguage\":\"en-US\"},{\"@type\":\"ImageObject\",\"@id\":\"https:\/\/machineriesbst.com\/en\/catalogue\/scm-ten-220-class\/#primaryimage\",\"inLanguage\":\"en-US\",\"url\":\"https:\/\/machineriesbst.com\/wp-content\/uploads\/2021\/05\/1-200.jpg\",\"contentUrl\":\"https:\/\/machineriesbst.com\/wp-content\/uploads\/2021\/05\/1-200.jpg\",\"width\":500,\"height\":500},{\"@type\":\"WebPage\",\"@id\":\"https:\/\/machineriesbst.com\/en\/catalogue\/scm-ten-220-class\/#webpage\",\"url\":\"https:\/\/machineriesbst.com\/en\/catalogue\/scm-ten-220-class\/\",\"name\":\"SCM Ten 220 Class - Machineries BST\",\"isPartOf\":{\"@id\":\"https:\/\/machineriesbst.com\/en\/#website\"},\"primaryImageOfPage\":{\"@id\":\"https:\/\/machineriesbst.com\/en\/catalogue\/scm-ten-220-class\/#primaryimage\"},\"datePublished\":\"2021-06-08T13:33:09+00:00\",\"dateModified\":\"2023-12-01T01:24:36+00:00\",\"breadcrumb\":{\"@id\":\"https:\/\/machineriesbst.com\/en\/catalogue\/scm-ten-220-class\/#breadcrumb\"},\"inLanguage\":\"en-US\",\"potentialAction\":[{\"@type\":\"ReadAction\",\"target\":[\"https:\/\/machineriesbst.com\/en\/catalogue\/scm-ten-220-class\/\"]}]},{\"@type\":\"BreadcrumbList\",\"@id\":\"https:\/\/machineriesbst.com\/en\/catalogue\/scm-ten-220-class\/#breadcrumb\",\"itemListElement\":[{\"@type\":\"ListItem\",\"position\":1,\"name\":\"Accueil\",\"item\":\"https:\/\/machineriesbst.com\/en\/\"},{\"@type\":\"ListItem\",\"position\":2,\"name\":\"Catalogue\",\"item\":\"https:\/\/machineriesbst.com\/en\/catalog\/\"},{\"@type\":\"ListItem\",\"position\":3,\"name\":\"SCM Ten 220 Class\"}]}]}<\/script>\n<!-- \/ Yoast SEO plugin. -->","yoast_head_json":{"title":"SCM Ten 220 Class - Machineries BST","robots":{"index":"index","follow":"follow","max-snippet":"max-snippet:-1","max-image-preview":"max-image-preview:large","max-video-preview":"max-video-preview:-1"},"canonical":"https:\/\/machineriesbst.com\/en\/catalogue\/scm-ten-220-class\/","og_locale":"en_US","og_type":"article","og_title":"SCM Ten 220 Class - Machineries BST","og_description":"La solution exclusive de d\u00e9coupage Con\u00e7u pour vous rendre plus productif, la classe Ten 220 est unique dans sa classe. Une des caract\u00e9ristiques principales est la simplicit\u00e9 de mise en place. Le syst\u00e8me de broche interchangeable permet: Les outils pour toujours \u00eatre pr\u00eats pour le montage, pas de temps d'installation, pas de cl\u00e9s, changement d'entretoises, [&hellip;]","og_url":"https:\/\/machineriesbst.com\/en\/catalogue\/scm-ten-220-class\/","og_site_name":"Machineries BST","article_modified_time":"2023-12-01T01:24:36+00:00","og_image":[{"width":500,"height":500,"url":"https:\/\/machineriesbst.com\/wp-content\/uploads\/2021\/05\/1-200.jpg","path":"\/home\/jepeto\/public_html\/wp-content\/uploads\/2021\/05\/1-200.jpg","size":"full","id":49544,"alt":"","pixels":250000,"type":"image\/jpeg"}],"twitter_card":"summary_large_image","twitter_misc":{"Est. reading time":"1 minute"},"schema":{"@context":"https:\/\/schema.org","@graph":[{"@type":"WebSite","@id":"https:\/\/machineriesbst.com\/en\/#website","url":"https:\/\/machineriesbst.com\/en\/","name":"Machineries BST","description":"Machines neuves &amp; usag\u00e9es","potentialAction":[{"@type":"SearchAction","target":{"@type":"EntryPoint","urlTemplate":"https:\/\/machineriesbst.com\/en\/?s={search_term_string}"},"query-input":"required name=search_term_string"}],"inLanguage":"en-US"},{"@type":"ImageObject","@id":"https:\/\/machineriesbst.com\/en\/catalogue\/scm-ten-220-class\/#primaryimage","inLanguage":"en-US","url":"https:\/\/machineriesbst.com\/wp-content\/uploads\/2021\/05\/1-200.jpg","contentUrl":"https:\/\/machineriesbst.com\/wp-content\/uploads\/2021\/05\/1-200.jpg","width":500,"height":500},{"@type":"WebPage","@id":"https:\/\/machineriesbst.com\/en\/catalogue\/scm-ten-220-class\/#webpage","url":"https:\/\/machineriesbst.com\/en\/catalogue\/scm-ten-220-class\/","name":"SCM Ten 220 Class - Machineries BST","isPartOf":{"@id":"https:\/\/machineriesbst.com\/en\/#website"},"primaryImageOfPage":{"@id":"https:\/\/machineriesbst.com\/en\/catalogue\/scm-ten-220-class\/#primaryimage"},"datePublished":"2021-06-08T13:33:09+00:00","dateModified":"2023-12-01T01:24:36+00:00","breadcrumb":{"@id":"https:\/\/machineriesbst.com\/en\/catalogue\/scm-ten-220-class\/#breadcrumb"},"inLanguage":"en-US","potentialAction":[{"@type":"ReadAction","target":["https:\/\/machineriesbst.com\/en\/catalogue\/scm-ten-220-class\/"]}]},{"@type":"BreadcrumbList","@id":"https:\/\/machineriesbst.com\/en\/catalogue\/scm-ten-220-class\/#breadcrumb","itemListElement":[{"@type":"ListItem","position":1,"name":"Accueil","item":"https:\/\/machineriesbst.com\/en\/"},{"@type":"ListItem","position":2,"name":"Catalogue","item":"https:\/\/machineriesbst.com\/en\/catalog\/"},{"@type":"ListItem","position":3,"name":"SCM Ten 220 Class"}]}]}},"_links":{"self":[{"href":"https:\/\/machineriesbst.com\/en\/wp-json\/wp\/v2\/product\/57520"}],"collection":[{"href":"https:\/\/machineriesbst.com\/en\/wp-json\/wp\/v2\/product"}],"about":[{"href":"https:\/\/machineriesbst.com\/en\/wp-json\/wp\/v2\/types\/product"}],"author":[{"embeddable":true,"href":"https:\/\/machineriesbst.com\/en\/wp-json\/wp\/v2\/users\/3"}],"replies":[{"embeddable":true,"href":"https:\/\/machineriesbst.com\/en\/wp-json\/wp\/v2\/comments?post=57520"}],"wp:featuredmedia":[{"embeddable":true,"href":"https:\/\/machineriesbst.com\/en\/wp-json\/wp\/v2\/media\/49544"}],"wp:attachment":[{"href":"https:\/\/machineriesbst.com\/en\/wp-json\/wp\/v2\/media?parent=57520"}],"wp:term":[{"taxonomy":"product_cat","embeddable":true,"href":"https:\/\/machineriesbst.com\/en\/wp-json\/wp\/v2\/product_cat?post=57520"},{"taxonomy":"product_tag","embeddable":true,"href":"https:\/\/machineriesbst.com\/en\/wp-json\/wp\/v2\/product_tag?post=57520"}],"curies":[{"name":"wp","href":"https:\/\/api.w.org\/{rel}","templated":true}]}}