{"id":57519,"date":"2021-06-08T09:32:41","date_gmt":"2021-06-08T13:32:41","guid":{"rendered":"https:\/\/machineriesbst.com\/?post_type=product&#038;p=57519"},"modified":"2023-11-30T20:24:36","modified_gmt":"2023-12-01T01:24:36","slug":"tenonneuse-bacci-tsg2t-double-table-round-end","status":"publish","type":"product","link":"https:\/\/machineriesbst.com\/en\/catalogue\/tenonneuse-bacci-tsg2t-double-table-round-end\/","title":{"rendered":"Bacci TSG2T double table round end tenoner"},"content":{"rendered":"<p>Inclined table for inclined tenons.<\/p>\n<p>Technical characteristics: Maximum spindle width 115 mm + 2Rmin \/ maximum spindle depth with standard tool 10-45 mm<\/p>\n<p>PIN code min \/ max depth using special tool 6-90 mm<\/p>\n<p>Maximum spindle thickness 42 mm<\/p>\n<p>Table tilt up 0-15 \u00b0<\/p>\n<p>Tilt down 0 \u00b0 30 \u00b0<\/p>\n<p>0-15 \u00b0 pneumatic table support 2 tilt side of the table<\/p>\n<p>Maximum inclination of parts 0-45 \u00b0<\/p>\n<p>Spindle speed 6000 rpm.<\/p>\n<p>Motor spindle approx. 3.0 kW<\/p>\n<p>Motor rotation approx. 0.75 kW<\/p>","protected":false},"excerpt":{"rendered":"<p>Inclined table for inclined tenons. Technical characteristics: Maximum spindle width 115 mm + 2Rmin \/ maximum spindle depth with standard tool 10-45 mm Min \/ max depth of PIN code using special tool 6-90 mm Maximum spindle thickness 42 mm Tilt table up 0-15 \u00b0 Tilt [\u2026]<\/p>","protected":false},"author":3,"featured_media":49543,"comment_status":"open","ping_status":"closed","template":"","meta":[],"product_cat":[308],"product_tag":[],"acf":[],"yoast_head":"<!-- This site is optimized with the Yoast SEO plugin v16.8 - https:\/\/yoast.com\/wordpress\/plugins\/seo\/ -->\n<title>Tenonneuse Bacci TSG2T double table round end - Machineries BST<\/title>\n<meta name=\"robots\" content=\"index, follow, max-snippet:-1, max-image-preview:large, max-video-preview:-1\" \/>\n<link rel=\"canonical\" href=\"https:\/\/machineriesbst.com\/en\/catalogue\/tenonneuse-bacci-tsg2t-double-table-round-end\/\" \/>\n<meta property=\"og:locale\" content=\"en_US\" \/>\n<meta property=\"og:type\" content=\"article\" \/>\n<meta property=\"og:title\" content=\"Tenonneuse Bacci TSG2T double table round end - Machineries BST\" \/>\n<meta property=\"og:description\" content=\"Table inclin\u00e9e pour tenons inclin\u00e9s. Caract\u00e9ristiques techniques: Largeur maximale des broches 115 mm + 2Rmin \/ profondeur maximale des broches avec outil standard 10-45 mm Profondeur min \/ max du code PIN \u00e0 l&#039;aide d&#039;un outil sp\u00e9cial 6-90 mm Epaisseur maximale de broche 42 mm Inclinaison de la table vers le haut 0-15 \u00b0 Inclinaison [&hellip;]\" \/>\n<meta property=\"og:url\" content=\"https:\/\/machineriesbst.com\/en\/catalogue\/tenonneuse-bacci-tsg2t-double-table-round-end\/\" \/>\n<meta property=\"og:site_name\" content=\"Machineries BST\" \/>\n<meta property=\"article:modified_time\" content=\"2023-12-01T01:24:36+00:00\" \/>\n<meta property=\"og:image\" content=\"https:\/\/machineriesbst.com\/wp-content\/uploads\/2021\/05\/1-199.jpg\" \/>\n\t<meta property=\"og:image:width\" content=\"500\" \/>\n\t<meta property=\"og:image:height\" content=\"500\" \/>\n<meta name=\"twitter:card\" content=\"summary_large_image\" \/>\n<script type=\"application\/ld+json\" class=\"yoast-schema-graph\">{\"@context\":\"https:\/\/schema.org\",\"@graph\":[{\"@type\":\"WebSite\",\"@id\":\"https:\/\/machineriesbst.com\/en\/#website\",\"url\":\"https:\/\/machineriesbst.com\/en\/\",\"name\":\"Machineries BST\",\"description\":\"Machines neuves &amp; usag\\u00e9es\",\"potentialAction\":[{\"@type\":\"SearchAction\",\"target\":{\"@type\":\"EntryPoint\",\"urlTemplate\":\"https:\/\/machineriesbst.com\/en\/?s={search_term_string}\"},\"query-input\":\"required name=search_term_string\"}],\"inLanguage\":\"en-US\"},{\"@type\":\"ImageObject\",\"@id\":\"https:\/\/machineriesbst.com\/en\/catalogue\/tenonneuse-bacci-tsg2t-double-table-round-end\/#primaryimage\",\"inLanguage\":\"en-US\",\"url\":\"https:\/\/machineriesbst.com\/wp-content\/uploads\/2021\/05\/1-199.jpg\",\"contentUrl\":\"https:\/\/machineriesbst.com\/wp-content\/uploads\/2021\/05\/1-199.jpg\",\"width\":500,\"height\":500},{\"@type\":\"WebPage\",\"@id\":\"https:\/\/machineriesbst.com\/en\/catalogue\/tenonneuse-bacci-tsg2t-double-table-round-end\/#webpage\",\"url\":\"https:\/\/machineriesbst.com\/en\/catalogue\/tenonneuse-bacci-tsg2t-double-table-round-end\/\",\"name\":\"Tenonneuse Bacci TSG2T double table round end - Machineries BST\",\"isPartOf\":{\"@id\":\"https:\/\/machineriesbst.com\/en\/#website\"},\"primaryImageOfPage\":{\"@id\":\"https:\/\/machineriesbst.com\/en\/catalogue\/tenonneuse-bacci-tsg2t-double-table-round-end\/#primaryimage\"},\"datePublished\":\"2021-06-08T13:32:41+00:00\",\"dateModified\":\"2023-12-01T01:24:36+00:00\",\"breadcrumb\":{\"@id\":\"https:\/\/machineriesbst.com\/en\/catalogue\/tenonneuse-bacci-tsg2t-double-table-round-end\/#breadcrumb\"},\"inLanguage\":\"en-US\",\"potentialAction\":[{\"@type\":\"ReadAction\",\"target\":[\"https:\/\/machineriesbst.com\/en\/catalogue\/tenonneuse-bacci-tsg2t-double-table-round-end\/\"]}]},{\"@type\":\"BreadcrumbList\",\"@id\":\"https:\/\/machineriesbst.com\/en\/catalogue\/tenonneuse-bacci-tsg2t-double-table-round-end\/#breadcrumb\",\"itemListElement\":[{\"@type\":\"ListItem\",\"position\":1,\"name\":\"Accueil\",\"item\":\"https:\/\/machineriesbst.com\/en\/\"},{\"@type\":\"ListItem\",\"position\":2,\"name\":\"Catalogue\",\"item\":\"https:\/\/machineriesbst.com\/en\/catalog\/\"},{\"@type\":\"ListItem\",\"position\":3,\"name\":\"Tenonneuse Bacci TSG2T double table round end\"}]}]}<\/script>\n<!-- \/ Yoast SEO plugin. -->","yoast_head_json":{"title":"Tenonneuse Bacci TSG2T double table round end - Machineries BST","robots":{"index":"index","follow":"follow","max-snippet":"max-snippet:-1","max-image-preview":"max-image-preview:large","max-video-preview":"max-video-preview:-1"},"canonical":"https:\/\/machineriesbst.com\/en\/catalogue\/tenonneuse-bacci-tsg2t-double-table-round-end\/","og_locale":"en_US","og_type":"article","og_title":"Tenonneuse Bacci TSG2T double table round end - Machineries BST","og_description":"Table inclin\u00e9e pour tenons inclin\u00e9s. Caract\u00e9ristiques techniques: Largeur maximale des broches 115 mm + 2Rmin \/ profondeur maximale des broches avec outil standard 10-45 mm Profondeur min \/ max du code PIN \u00e0 l'aide d'un outil sp\u00e9cial 6-90 mm Epaisseur maximale de broche 42 mm Inclinaison de la table vers le haut 0-15 \u00b0 Inclinaison [&hellip;]","og_url":"https:\/\/machineriesbst.com\/en\/catalogue\/tenonneuse-bacci-tsg2t-double-table-round-end\/","og_site_name":"Machineries BST","article_modified_time":"2023-12-01T01:24:36+00:00","og_image":[{"width":500,"height":500,"url":"https:\/\/machineriesbst.com\/wp-content\/uploads\/2021\/05\/1-199.jpg","path":"\/home\/jepeto\/public_html\/wp-content\/uploads\/2021\/05\/1-199.jpg","size":"full","id":49543,"alt":"","pixels":250000,"type":"image\/jpeg"}],"twitter_card":"summary_large_image","schema":{"@context":"https:\/\/schema.org","@graph":[{"@type":"WebSite","@id":"https:\/\/machineriesbst.com\/en\/#website","url":"https:\/\/machineriesbst.com\/en\/","name":"Machineries BST","description":"Machines neuves &amp; usag\u00e9es","potentialAction":[{"@type":"SearchAction","target":{"@type":"EntryPoint","urlTemplate":"https:\/\/machineriesbst.com\/en\/?s={search_term_string}"},"query-input":"required name=search_term_string"}],"inLanguage":"en-US"},{"@type":"ImageObject","@id":"https:\/\/machineriesbst.com\/en\/catalogue\/tenonneuse-bacci-tsg2t-double-table-round-end\/#primaryimage","inLanguage":"en-US","url":"https:\/\/machineriesbst.com\/wp-content\/uploads\/2021\/05\/1-199.jpg","contentUrl":"https:\/\/machineriesbst.com\/wp-content\/uploads\/2021\/05\/1-199.jpg","width":500,"height":500},{"@type":"WebPage","@id":"https:\/\/machineriesbst.com\/en\/catalogue\/tenonneuse-bacci-tsg2t-double-table-round-end\/#webpage","url":"https:\/\/machineriesbst.com\/en\/catalogue\/tenonneuse-bacci-tsg2t-double-table-round-end\/","name":"Tenonneuse Bacci TSG2T double table round end - Machineries BST","isPartOf":{"@id":"https:\/\/machineriesbst.com\/en\/#website"},"primaryImageOfPage":{"@id":"https:\/\/machineriesbst.com\/en\/catalogue\/tenonneuse-bacci-tsg2t-double-table-round-end\/#primaryimage"},"datePublished":"2021-06-08T13:32:41+00:00","dateModified":"2023-12-01T01:24:36+00:00","breadcrumb":{"@id":"https:\/\/machineriesbst.com\/en\/catalogue\/tenonneuse-bacci-tsg2t-double-table-round-end\/#breadcrumb"},"inLanguage":"en-US","potentialAction":[{"@type":"ReadAction","target":["https:\/\/machineriesbst.com\/en\/catalogue\/tenonneuse-bacci-tsg2t-double-table-round-end\/"]}]},{"@type":"BreadcrumbList","@id":"https:\/\/machineriesbst.com\/en\/catalogue\/tenonneuse-bacci-tsg2t-double-table-round-end\/#breadcrumb","itemListElement":[{"@type":"ListItem","position":1,"name":"Accueil","item":"https:\/\/machineriesbst.com\/en\/"},{"@type":"ListItem","position":2,"name":"Catalogue","item":"https:\/\/machineriesbst.com\/en\/catalog\/"},{"@type":"ListItem","position":3,"name":"Tenonneuse Bacci TSG2T double table round end"}]}]}},"_links":{"self":[{"href":"https:\/\/machineriesbst.com\/en\/wp-json\/wp\/v2\/product\/57519"}],"collection":[{"href":"https:\/\/machineriesbst.com\/en\/wp-json\/wp\/v2\/product"}],"about":[{"href":"https:\/\/machineriesbst.com\/en\/wp-json\/wp\/v2\/types\/product"}],"author":[{"embeddable":true,"href":"https:\/\/machineriesbst.com\/en\/wp-json\/wp\/v2\/users\/3"}],"replies":[{"embeddable":true,"href":"https:\/\/machineriesbst.com\/en\/wp-json\/wp\/v2\/comments?post=57519"}],"wp:featuredmedia":[{"embeddable":true,"href":"https:\/\/machineriesbst.com\/en\/wp-json\/wp\/v2\/media\/49543"}],"wp:attachment":[{"href":"https:\/\/machineriesbst.com\/en\/wp-json\/wp\/v2\/media?parent=57519"}],"wp:term":[{"taxonomy":"product_cat","embeddable":true,"href":"https:\/\/machineriesbst.com\/en\/wp-json\/wp\/v2\/product_cat?post=57519"},{"taxonomy":"product_tag","embeddable":true,"href":"https:\/\/machineriesbst.com\/en\/wp-json\/wp\/v2\/product_tag?post=57519"}],"curies":[{"name":"wp","href":"https:\/\/api.w.org\/{rel}","templated":true}]}}