{"id":57505,"date":"2021-06-08T09:32:37","date_gmt":"2021-06-08T13:32:37","guid":{"rendered":"https:\/\/machineriesbst.com\/?post_type=product&#038;p=57505"},"modified":"2023-11-30T20:24:37","modified_gmt":"2023-12-01T01:24:37","slug":"systeme-de-percage-maggi-46-double-ligne","status":"publish","type":"product","link":"https:\/\/machineriesbst.com\/en\/catalogue\/systeme-de-percage-maggi-46-double-ligne\/","title":{"rendered":"Maggi 46 drilling system (Double line)"},"content":{"rendered":"<pre id=\"tw-target-text\" class=\"tw-data-text tw-ta tw-text-small\" dir=\"ltr\" data-placeholder=\"Traduction\" data-fulltext=\"\"><span lang=\"fr\">Pneumatic drilling machine Very clean, in perfect condition More photos available on request The Maggi System 46 drilling machine offers (2) 23 spindle heads on 32 mm centers; The distance between the first and last spindle center of each head is 27-23 \/ 32 &quot;(704 mm). Front adjustment for quick and easy adjustment. (2) 1.5 HP 2800 rpm motors ; Max. The drilling depth is 2-1 \/ 16 &quot;(55 mm). Side depth counter system; 400 mm removable support rollers for long panels. The maximum distance between the heads is 25-19 \/ 32 &quot;(650 mm) and the minimum width is 5-1 \/ 8&quot; (130 mm). Complete with: 46 quick-change chucks, 10 &#39;extension fence with (4) stops and (2) pneumatic reference pins; (6) Patented safety clips. This machine can be used for one or two line in-line drilling. Uses 22 LH (red) and 24 RH (black) bore bits. Working air pressure 94 psi. Net weight: 820 lbs .; Weight: 940 lbs.<\/span><\/pre>","protected":false},"excerpt":{"rendered":"<p>Pneumatic drilling machine Very clean, in perfect condition More photos available upon request The Maggi System 46 drilling machine offers (2) 23 pin heads on 32mm centers; The distance between the first and last spindle center of each head is 27-23\/32&quot; (704 mm). [\u2026]<\/p>","protected":false},"author":3,"featured_media":49471,"comment_status":"open","ping_status":"closed","template":"","meta":[],"product_cat":[86],"product_tag":[],"acf":[],"yoast_head":"<!-- This site is optimized with the Yoast SEO plugin v16.8 - https:\/\/yoast.com\/wordpress\/plugins\/seo\/ -->\n<title>Syst\u00e8me de per\u00e7age Maggi 46 (Double ligne) - Machineries BST<\/title>\n<meta name=\"robots\" content=\"index, follow, max-snippet:-1, max-image-preview:large, max-video-preview:-1\" \/>\n<link rel=\"canonical\" href=\"https:\/\/machineriesbst.com\/en\/catalogue\/systeme-de-percage-maggi-46-double-ligne\/\" \/>\n<meta property=\"og:locale\" content=\"en_US\" \/>\n<meta property=\"og:type\" content=\"article\" \/>\n<meta property=\"og:title\" content=\"Syst\u00e8me de per\u00e7age Maggi 46 (Double ligne) - Machineries BST\" \/>\n<meta property=\"og:description\" content=\"Machine per\u00e7euse pneumatique Tr\u00e8s propre, en parfait \u00e9tat Plus de photos disponibles sur demande La machine de per\u00e7age Maggi System 46 offre (2) t\u00eates \u00e0 23 broches sur des centres de 32 mm; La distance entre le premier et le dernier centre de la broche de chaque t\u00eate est de 27-23 \/ 32 &quot;(704 mm). [&hellip;]\" \/>\n<meta property=\"og:url\" content=\"https:\/\/machineriesbst.com\/en\/catalogue\/systeme-de-percage-maggi-46-double-ligne\/\" \/>\n<meta property=\"og:site_name\" content=\"Machineries BST\" \/>\n<meta property=\"article:modified_time\" content=\"2023-12-01T01:24:37+00:00\" \/>\n<meta property=\"og:image\" content=\"https:\/\/machineriesbst.com\/wp-content\/uploads\/2021\/05\/20170511_102015.jpg\" \/>\n\t<meta property=\"og:image:width\" content=\"2048\" \/>\n\t<meta property=\"og:image:height\" content=\"1152\" \/>\n<meta name=\"twitter:card\" content=\"summary_large_image\" \/>\n<meta name=\"twitter:label1\" content=\"Est. reading time\" \/>\n\t<meta name=\"twitter:data1\" content=\"1 minute\" \/>\n<script type=\"application\/ld+json\" class=\"yoast-schema-graph\">{\"@context\":\"https:\/\/schema.org\",\"@graph\":[{\"@type\":\"WebSite\",\"@id\":\"https:\/\/machineriesbst.com\/en\/#website\",\"url\":\"https:\/\/machineriesbst.com\/en\/\",\"name\":\"Machineries BST\",\"description\":\"Machines neuves &amp; usag\\u00e9es\",\"potentialAction\":[{\"@type\":\"SearchAction\",\"target\":{\"@type\":\"EntryPoint\",\"urlTemplate\":\"https:\/\/machineriesbst.com\/en\/?s={search_term_string}\"},\"query-input\":\"required name=search_term_string\"}],\"inLanguage\":\"en-US\"},{\"@type\":\"ImageObject\",\"@id\":\"https:\/\/machineriesbst.com\/en\/catalogue\/systeme-de-percage-maggi-46-double-ligne\/#primaryimage\",\"inLanguage\":\"en-US\",\"url\":\"https:\/\/machineriesbst.com\/wp-content\/uploads\/2021\/05\/20170511_102015.jpg\",\"contentUrl\":\"https:\/\/machineriesbst.com\/wp-content\/uploads\/2021\/05\/20170511_102015.jpg\",\"width\":2048,\"height\":1152},{\"@type\":\"WebPage\",\"@id\":\"https:\/\/machineriesbst.com\/en\/catalogue\/systeme-de-percage-maggi-46-double-ligne\/#webpage\",\"url\":\"https:\/\/machineriesbst.com\/en\/catalogue\/systeme-de-percage-maggi-46-double-ligne\/\",\"name\":\"Syst\\u00e8me de per\\u00e7age Maggi 46 (Double ligne) - Machineries BST\",\"isPartOf\":{\"@id\":\"https:\/\/machineriesbst.com\/en\/#website\"},\"primaryImageOfPage\":{\"@id\":\"https:\/\/machineriesbst.com\/en\/catalogue\/systeme-de-percage-maggi-46-double-ligne\/#primaryimage\"},\"datePublished\":\"2021-06-08T13:32:37+00:00\",\"dateModified\":\"2023-12-01T01:24:37+00:00\",\"breadcrumb\":{\"@id\":\"https:\/\/machineriesbst.com\/en\/catalogue\/systeme-de-percage-maggi-46-double-ligne\/#breadcrumb\"},\"inLanguage\":\"en-US\",\"potentialAction\":[{\"@type\":\"ReadAction\",\"target\":[\"https:\/\/machineriesbst.com\/en\/catalogue\/systeme-de-percage-maggi-46-double-ligne\/\"]}]},{\"@type\":\"BreadcrumbList\",\"@id\":\"https:\/\/machineriesbst.com\/en\/catalogue\/systeme-de-percage-maggi-46-double-ligne\/#breadcrumb\",\"itemListElement\":[{\"@type\":\"ListItem\",\"position\":1,\"name\":\"Accueil\",\"item\":\"https:\/\/machineriesbst.com\/en\/\"},{\"@type\":\"ListItem\",\"position\":2,\"name\":\"Catalogue\",\"item\":\"https:\/\/machineriesbst.com\/en\/catalog\/\"},{\"@type\":\"ListItem\",\"position\":3,\"name\":\"Syst\\u00e8me de per\\u00e7age Maggi 46 (Double ligne)\"}]}]}<\/script>\n<!-- \/ Yoast SEO plugin. -->","yoast_head_json":{"title":"Syst\u00e8me de per\u00e7age Maggi 46 (Double ligne) - Machineries BST","robots":{"index":"index","follow":"follow","max-snippet":"max-snippet:-1","max-image-preview":"max-image-preview:large","max-video-preview":"max-video-preview:-1"},"canonical":"https:\/\/machineriesbst.com\/en\/catalogue\/systeme-de-percage-maggi-46-double-ligne\/","og_locale":"en_US","og_type":"article","og_title":"Syst\u00e8me de per\u00e7age Maggi 46 (Double ligne) - Machineries BST","og_description":"Machine per\u00e7euse pneumatique Tr\u00e8s propre, en parfait \u00e9tat Plus de photos disponibles sur demande La machine de per\u00e7age Maggi System 46 offre (2) t\u00eates \u00e0 23 broches sur des centres de 32 mm; La distance entre le premier et le dernier centre de la broche de chaque t\u00eate est de 27-23 \/ 32 \"(704 mm). [&hellip;]","og_url":"https:\/\/machineriesbst.com\/en\/catalogue\/systeme-de-percage-maggi-46-double-ligne\/","og_site_name":"Machineries BST","article_modified_time":"2023-12-01T01:24:37+00:00","og_image":[{"width":2048,"height":1152,"url":"https:\/\/machineriesbst.com\/wp-content\/uploads\/2021\/05\/20170511_102015.jpg","path":"\/home\/jepeto\/public_html\/wp-content\/uploads\/2021\/05\/20170511_102015.jpg","size":"full","id":49471,"alt":"","pixels":2359296,"type":"image\/jpeg"}],"twitter_card":"summary_large_image","twitter_misc":{"Est. reading time":"1 minute"},"schema":{"@context":"https:\/\/schema.org","@graph":[{"@type":"WebSite","@id":"https:\/\/machineriesbst.com\/en\/#website","url":"https:\/\/machineriesbst.com\/en\/","name":"Machineries BST","description":"Machines neuves &amp; usag\u00e9es","potentialAction":[{"@type":"SearchAction","target":{"@type":"EntryPoint","urlTemplate":"https:\/\/machineriesbst.com\/en\/?s={search_term_string}"},"query-input":"required name=search_term_string"}],"inLanguage":"en-US"},{"@type":"ImageObject","@id":"https:\/\/machineriesbst.com\/en\/catalogue\/systeme-de-percage-maggi-46-double-ligne\/#primaryimage","inLanguage":"en-US","url":"https:\/\/machineriesbst.com\/wp-content\/uploads\/2021\/05\/20170511_102015.jpg","contentUrl":"https:\/\/machineriesbst.com\/wp-content\/uploads\/2021\/05\/20170511_102015.jpg","width":2048,"height":1152},{"@type":"WebPage","@id":"https:\/\/machineriesbst.com\/en\/catalogue\/systeme-de-percage-maggi-46-double-ligne\/#webpage","url":"https:\/\/machineriesbst.com\/en\/catalogue\/systeme-de-percage-maggi-46-double-ligne\/","name":"Syst\u00e8me de per\u00e7age Maggi 46 (Double ligne) - Machineries BST","isPartOf":{"@id":"https:\/\/machineriesbst.com\/en\/#website"},"primaryImageOfPage":{"@id":"https:\/\/machineriesbst.com\/en\/catalogue\/systeme-de-percage-maggi-46-double-ligne\/#primaryimage"},"datePublished":"2021-06-08T13:32:37+00:00","dateModified":"2023-12-01T01:24:37+00:00","breadcrumb":{"@id":"https:\/\/machineriesbst.com\/en\/catalogue\/systeme-de-percage-maggi-46-double-ligne\/#breadcrumb"},"inLanguage":"en-US","potentialAction":[{"@type":"ReadAction","target":["https:\/\/machineriesbst.com\/en\/catalogue\/systeme-de-percage-maggi-46-double-ligne\/"]}]},{"@type":"BreadcrumbList","@id":"https:\/\/machineriesbst.com\/en\/catalogue\/systeme-de-percage-maggi-46-double-ligne\/#breadcrumb","itemListElement":[{"@type":"ListItem","position":1,"name":"Accueil","item":"https:\/\/machineriesbst.com\/en\/"},{"@type":"ListItem","position":2,"name":"Catalogue","item":"https:\/\/machineriesbst.com\/en\/catalog\/"},{"@type":"ListItem","position":3,"name":"Syst\u00e8me de per\u00e7age Maggi 46 (Double ligne)"}]}]}},"_links":{"self":[{"href":"https:\/\/machineriesbst.com\/en\/wp-json\/wp\/v2\/product\/57505"}],"collection":[{"href":"https:\/\/machineriesbst.com\/en\/wp-json\/wp\/v2\/product"}],"about":[{"href":"https:\/\/machineriesbst.com\/en\/wp-json\/wp\/v2\/types\/product"}],"author":[{"embeddable":true,"href":"https:\/\/machineriesbst.com\/en\/wp-json\/wp\/v2\/users\/3"}],"replies":[{"embeddable":true,"href":"https:\/\/machineriesbst.com\/en\/wp-json\/wp\/v2\/comments?post=57505"}],"wp:featuredmedia":[{"embeddable":true,"href":"https:\/\/machineriesbst.com\/en\/wp-json\/wp\/v2\/media\/49471"}],"wp:attachment":[{"href":"https:\/\/machineriesbst.com\/en\/wp-json\/wp\/v2\/media?parent=57505"}],"wp:term":[{"taxonomy":"product_cat","embeddable":true,"href":"https:\/\/machineriesbst.com\/en\/wp-json\/wp\/v2\/product_cat?post=57505"},{"taxonomy":"product_tag","embeddable":true,"href":"https:\/\/machineriesbst.com\/en\/wp-json\/wp\/v2\/product_tag?post=57505"}],"curies":[{"name":"wp","href":"https:\/\/api.w.org\/{rel}","templated":true}]}}