{"id":57499,"date":"2021-06-08T09:32:14","date_gmt":"2021-06-08T13:32:14","guid":{"rendered":"https:\/\/machineriesbst.com\/?post_type=product&#038;p=57499"},"modified":"2023-11-30T20:24:37","modified_gmt":"2023-12-01T01:24:37","slug":"accu-systems-cnc-bore-route-dowel-machine","status":"publish","type":"product","link":"https:\/\/machineriesbst.com\/en\/catalogue\/accu-systems-cnc-bore-route-dowel-machine\/","title":{"rendered":"ACCU-SYSTEMS CNC BORE ROUTE &amp; DOWEL MACHINE"},"content":{"rendered":"<p>General specs:<\/p>\n<p>- CNC machining center that perforates, crosses, glues and inserts dowels<\/p>\n<p>- 78 &quot;working x 8&quot; working width x 2 &quot;working thickness<\/p>\n<p>- (1) 2 HP horizontal drilling unit<\/p>\n<p>- (1) horizontal glue and guide unit<\/p>\n<p>- (1) 2 HP vertical drilling unit<\/p>\n<p>- (1) 4 HP vertical router<\/p>\n<p>- (1) vertical glue and guide unit<\/p>\n<p>- 8 &quot;capacity from the edge of the workpiece for vertical stations<\/p>\n<p>- (2) individual work areas with (4) pneumatic retaining clamps<\/p>\n<p>- X axis and rack pinion and needle and rotary screw in the Y axis<\/p>\n<p>- THK Linear guides for all axis movements<\/p>\n<p>- Chevaulettes hopper<\/p>\n<p>- Sealed injection system injects glue or water with minimal maintenance<\/p>\n<p>- The &quot;Protrusionator&quot; insert allows the adjustment of the ankle protuberance<\/p>\n<p>- 15 &#39;&#39; color touch control<\/p>\n<p>- 10 CFM air requirements<\/p>\n<p>- 11 &#39;x 4&#39; x 8 &#39;approx. Overall dimensions<\/p>\n<p>- Weighs approx. 3,500 lbs.<\/p>","protected":false},"excerpt":{"rendered":"<p>General specifications: - CNC machining center that punches, traverses, glues and inserts dowels - 78 &quot;working x 8&quot; working width x 2 &quot;working thickness - (1) 2 HP horizontal drilling unit - (1) horizontal glue and guide unit - (1) 2 HP vertical drilling unit - (1) router [\u2026]<\/p>","protected":false},"author":3,"featured_media":49467,"comment_status":"open","ping_status":"closed","template":"","meta":[],"product_cat":[566],"product_tag":[],"acf":[],"yoast_head":"<!-- This site is optimized with the Yoast SEO plugin v16.8 - https:\/\/yoast.com\/wordpress\/plugins\/seo\/ -->\n<title>ACCU-SYSTEMS CNC BORE ROUTE &amp; DOWEL MACHINE - Machineries BST<\/title>\n<meta name=\"robots\" content=\"index, follow, max-snippet:-1, max-image-preview:large, max-video-preview:-1\" \/>\n<link rel=\"canonical\" href=\"https:\/\/machineriesbst.com\/en\/catalogue\/accu-systems-cnc-bore-route-dowel-machine\/\" \/>\n<meta property=\"og:locale\" content=\"en_US\" \/>\n<meta property=\"og:type\" content=\"article\" \/>\n<meta property=\"og:title\" content=\"ACCU-SYSTEMS CNC BORE ROUTE &amp; DOWEL MACHINE - Machineries BST\" \/>\n<meta property=\"og:description\" content=\"Sp\u00e9cifications g\u00e9n\u00e9rales: - Centre d&#039;usinage CNC qui perfore, traverse, colle et ins\u00e8re des chevilles - 78 &quot;de travail x 8&quot; largeur de travail x 2 &quot;\u00e9paisseur de travail - (1) unit\u00e9 de forage horizontale 2 HP - (1) colle horizontale et unit\u00e9 de guidage - (1) unit\u00e9 de forage verticale 2 HP - (1) routeur [&hellip;]\" \/>\n<meta property=\"og:url\" content=\"https:\/\/machineriesbst.com\/en\/catalogue\/accu-systems-cnc-bore-route-dowel-machine\/\" \/>\n<meta property=\"og:site_name\" content=\"Machineries BST\" \/>\n<meta property=\"article:modified_time\" content=\"2023-12-01T01:24:37+00:00\" \/>\n<meta property=\"og:image\" content=\"https:\/\/machineriesbst.com\/wp-content\/uploads\/2021\/05\/1-174.jpg\" \/>\n\t<meta property=\"og:image:width\" content=\"600\" \/>\n\t<meta property=\"og:image:height\" content=\"450\" \/>\n<meta name=\"twitter:card\" content=\"summary_large_image\" \/>\n<meta name=\"twitter:label1\" content=\"Est. reading time\" \/>\n\t<meta name=\"twitter:data1\" content=\"1 minute\" \/>\n<script type=\"application\/ld+json\" class=\"yoast-schema-graph\">{\"@context\":\"https:\/\/schema.org\",\"@graph\":[{\"@type\":\"WebSite\",\"@id\":\"https:\/\/machineriesbst.com\/en\/#website\",\"url\":\"https:\/\/machineriesbst.com\/en\/\",\"name\":\"Machineries BST\",\"description\":\"Machines neuves &amp; usag\\u00e9es\",\"potentialAction\":[{\"@type\":\"SearchAction\",\"target\":{\"@type\":\"EntryPoint\",\"urlTemplate\":\"https:\/\/machineriesbst.com\/en\/?s={search_term_string}\"},\"query-input\":\"required name=search_term_string\"}],\"inLanguage\":\"en-US\"},{\"@type\":\"ImageObject\",\"@id\":\"https:\/\/machineriesbst.com\/en\/catalogue\/accu-systems-cnc-bore-route-dowel-machine\/#primaryimage\",\"inLanguage\":\"en-US\",\"url\":\"https:\/\/machineriesbst.com\/wp-content\/uploads\/2021\/05\/1-174.jpg\",\"contentUrl\":\"https:\/\/machineriesbst.com\/wp-content\/uploads\/2021\/05\/1-174.jpg\",\"width\":600,\"height\":450},{\"@type\":\"WebPage\",\"@id\":\"https:\/\/machineriesbst.com\/en\/catalogue\/accu-systems-cnc-bore-route-dowel-machine\/#webpage\",\"url\":\"https:\/\/machineriesbst.com\/en\/catalogue\/accu-systems-cnc-bore-route-dowel-machine\/\",\"name\":\"ACCU-SYSTEMS CNC BORE ROUTE & DOWEL MACHINE - Machineries BST\",\"isPartOf\":{\"@id\":\"https:\/\/machineriesbst.com\/en\/#website\"},\"primaryImageOfPage\":{\"@id\":\"https:\/\/machineriesbst.com\/en\/catalogue\/accu-systems-cnc-bore-route-dowel-machine\/#primaryimage\"},\"datePublished\":\"2021-06-08T13:32:14+00:00\",\"dateModified\":\"2023-12-01T01:24:37+00:00\",\"breadcrumb\":{\"@id\":\"https:\/\/machineriesbst.com\/en\/catalogue\/accu-systems-cnc-bore-route-dowel-machine\/#breadcrumb\"},\"inLanguage\":\"en-US\",\"potentialAction\":[{\"@type\":\"ReadAction\",\"target\":[\"https:\/\/machineriesbst.com\/en\/catalogue\/accu-systems-cnc-bore-route-dowel-machine\/\"]}]},{\"@type\":\"BreadcrumbList\",\"@id\":\"https:\/\/machineriesbst.com\/en\/catalogue\/accu-systems-cnc-bore-route-dowel-machine\/#breadcrumb\",\"itemListElement\":[{\"@type\":\"ListItem\",\"position\":1,\"name\":\"Accueil\",\"item\":\"https:\/\/machineriesbst.com\/en\/\"},{\"@type\":\"ListItem\",\"position\":2,\"name\":\"Catalogue\",\"item\":\"https:\/\/machineriesbst.com\/en\/catalog\/\"},{\"@type\":\"ListItem\",\"position\":3,\"name\":\"ACCU-SYSTEMS CNC BORE ROUTE &#038; DOWEL MACHINE\"}]}]}<\/script>\n<!-- \/ Yoast SEO plugin. -->","yoast_head_json":{"title":"ACCU-SYSTEMS CNC BORE ROUTE & DOWEL MACHINE - Machineries BST","robots":{"index":"index","follow":"follow","max-snippet":"max-snippet:-1","max-image-preview":"max-image-preview:large","max-video-preview":"max-video-preview:-1"},"canonical":"https:\/\/machineriesbst.com\/en\/catalogue\/accu-systems-cnc-bore-route-dowel-machine\/","og_locale":"en_US","og_type":"article","og_title":"ACCU-SYSTEMS CNC BORE ROUTE & DOWEL MACHINE - Machineries BST","og_description":"Sp\u00e9cifications g\u00e9n\u00e9rales: - Centre d'usinage CNC qui perfore, traverse, colle et ins\u00e8re des chevilles - 78 \"de travail x 8\" largeur de travail x 2 \"\u00e9paisseur de travail - (1) unit\u00e9 de forage horizontale 2 HP - (1) colle horizontale et unit\u00e9 de guidage - (1) unit\u00e9 de forage verticale 2 HP - (1) routeur [&hellip;]","og_url":"https:\/\/machineriesbst.com\/en\/catalogue\/accu-systems-cnc-bore-route-dowel-machine\/","og_site_name":"Machineries BST","article_modified_time":"2023-12-01T01:24:37+00:00","og_image":[{"width":600,"height":450,"url":"https:\/\/machineriesbst.com\/wp-content\/uploads\/2021\/05\/1-174.jpg","path":"\/home\/jepeto\/public_html\/wp-content\/uploads\/2021\/05\/1-174.jpg","size":"full","id":49467,"alt":"","pixels":270000,"type":"image\/jpeg"}],"twitter_card":"summary_large_image","twitter_misc":{"Est. reading time":"1 minute"},"schema":{"@context":"https:\/\/schema.org","@graph":[{"@type":"WebSite","@id":"https:\/\/machineriesbst.com\/en\/#website","url":"https:\/\/machineriesbst.com\/en\/","name":"Machineries BST","description":"Machines neuves &amp; usag\u00e9es","potentialAction":[{"@type":"SearchAction","target":{"@type":"EntryPoint","urlTemplate":"https:\/\/machineriesbst.com\/en\/?s={search_term_string}"},"query-input":"required name=search_term_string"}],"inLanguage":"en-US"},{"@type":"ImageObject","@id":"https:\/\/machineriesbst.com\/en\/catalogue\/accu-systems-cnc-bore-route-dowel-machine\/#primaryimage","inLanguage":"en-US","url":"https:\/\/machineriesbst.com\/wp-content\/uploads\/2021\/05\/1-174.jpg","contentUrl":"https:\/\/machineriesbst.com\/wp-content\/uploads\/2021\/05\/1-174.jpg","width":600,"height":450},{"@type":"WebPage","@id":"https:\/\/machineriesbst.com\/en\/catalogue\/accu-systems-cnc-bore-route-dowel-machine\/#webpage","url":"https:\/\/machineriesbst.com\/en\/catalogue\/accu-systems-cnc-bore-route-dowel-machine\/","name":"ACCU-SYSTEMS CNC BORE ROUTE & DOWEL MACHINE - Machineries BST","isPartOf":{"@id":"https:\/\/machineriesbst.com\/en\/#website"},"primaryImageOfPage":{"@id":"https:\/\/machineriesbst.com\/en\/catalogue\/accu-systems-cnc-bore-route-dowel-machine\/#primaryimage"},"datePublished":"2021-06-08T13:32:14+00:00","dateModified":"2023-12-01T01:24:37+00:00","breadcrumb":{"@id":"https:\/\/machineriesbst.com\/en\/catalogue\/accu-systems-cnc-bore-route-dowel-machine\/#breadcrumb"},"inLanguage":"en-US","potentialAction":[{"@type":"ReadAction","target":["https:\/\/machineriesbst.com\/en\/catalogue\/accu-systems-cnc-bore-route-dowel-machine\/"]}]},{"@type":"BreadcrumbList","@id":"https:\/\/machineriesbst.com\/en\/catalogue\/accu-systems-cnc-bore-route-dowel-machine\/#breadcrumb","itemListElement":[{"@type":"ListItem","position":1,"name":"Accueil","item":"https:\/\/machineriesbst.com\/en\/"},{"@type":"ListItem","position":2,"name":"Catalogue","item":"https:\/\/machineriesbst.com\/en\/catalog\/"},{"@type":"ListItem","position":3,"name":"ACCU-SYSTEMS CNC BORE ROUTE &#038; DOWEL MACHINE"}]}]}},"_links":{"self":[{"href":"https:\/\/machineriesbst.com\/en\/wp-json\/wp\/v2\/product\/57499"}],"collection":[{"href":"https:\/\/machineriesbst.com\/en\/wp-json\/wp\/v2\/product"}],"about":[{"href":"https:\/\/machineriesbst.com\/en\/wp-json\/wp\/v2\/types\/product"}],"author":[{"embeddable":true,"href":"https:\/\/machineriesbst.com\/en\/wp-json\/wp\/v2\/users\/3"}],"replies":[{"embeddable":true,"href":"https:\/\/machineriesbst.com\/en\/wp-json\/wp\/v2\/comments?post=57499"}],"wp:featuredmedia":[{"embeddable":true,"href":"https:\/\/machineriesbst.com\/en\/wp-json\/wp\/v2\/media\/49467"}],"wp:attachment":[{"href":"https:\/\/machineriesbst.com\/en\/wp-json\/wp\/v2\/media?parent=57499"}],"wp:term":[{"taxonomy":"product_cat","embeddable":true,"href":"https:\/\/machineriesbst.com\/en\/wp-json\/wp\/v2\/product_cat?post=57499"},{"taxonomy":"product_tag","embeddable":true,"href":"https:\/\/machineriesbst.com\/en\/wp-json\/wp\/v2\/product_tag?post=57499"}],"curies":[{"name":"wp","href":"https:\/\/api.w.org\/{rel}","templated":true}]}}