{"id":57482,"date":"2021-06-08T09:32:10","date_gmt":"2021-06-08T13:32:10","guid":{"rendered":"https:\/\/machineriesbst.com\/?post_type=product&#038;p=57482"},"modified":"2023-11-30T20:24:37","modified_gmt":"2023-12-01T01:24:37","slug":"jackson-harvester-shavings-machine-13138d-30-10","status":"publish","type":"product","link":"https:\/\/machineriesbst.com\/en\/catalogue\/jackson-harvester-shavings-machine-13138d-30-10\/","title":{"rendered":"JACKSON HARVESTER SHAVINGS MACHINE 13138D 30-10"},"content":{"rendered":"<p>Engine powers 2 - 4 blade planers on new bearings.<\/p>\n<p>The gearbox is driven by the hydraulic ramp<\/p>\n<p>Box is 4 &#39;x 2&#39; on almost new rolls<\/p>\n<p>Conveyor is hydraulically powered (includes electrical box and hydraulic controls and fixed hoses)<\/p>\n<p>The unit is stored indoors and is readily available<\/p>\n<p>It&#39;s a unit ready to go to work<\/p>\n<p>Rebuilt and used for about 6 months<\/p>\n<p>Most moving parts were updated or new when they were rebuilt<\/p>\n<p>A hydraulic pump is available separately.<\/p>\n<p>The machine has been stored for 4 years.<\/p>","protected":false},"excerpt":{"rendered":"<p>Engine powers 2 - 4 blade dressers on new bearings. Box is hydraulically ramp driven Box is 4&#39; x 2&#39; on nearly new rollers Conveyor is hydraulically powered (includes electrical box and hydraulic controls and fixed hoses) Unit is stored indoors and [\u2026]<\/p>","protected":false},"author":3,"featured_media":49436,"comment_status":"open","ping_status":"closed","template":"","meta":[],"product_cat":[3018],"product_tag":[],"acf":[],"yoast_head":"<!-- This site is optimized with the Yoast SEO plugin v16.8 - https:\/\/yoast.com\/wordpress\/plugins\/seo\/ -->\n<title>JACKSON HARVESTER SHAVINGS MACHINE 13138D 30-10 - Machineries BST<\/title>\n<meta name=\"robots\" content=\"index, follow, max-snippet:-1, max-image-preview:large, max-video-preview:-1\" \/>\n<link rel=\"canonical\" href=\"https:\/\/machineriesbst.com\/en\/catalogue\/jackson-harvester-shavings-machine-13138d-30-10\/\" \/>\n<meta property=\"og:locale\" content=\"en_US\" \/>\n<meta property=\"og:type\" content=\"article\" \/>\n<meta property=\"og:title\" content=\"JACKSON HARVESTER SHAVINGS MACHINE 13138D 30-10 - Machineries BST\" \/>\n<meta property=\"og:description\" content=\"Puissances du moteur 2 - 4 raboteuses de lame sur de nouveaux roulements. La bo\u00eete est entra\u00een\u00e9e \u00e0 la rampe hydraulique Box est 4 &#039;x 2&#039; sur des rouleaux presque nouveaux Le convoyeur est aliment\u00e9 par hydraulique (comprend une bo\u00eete \u00e9lectrique et des commandes hydrauliques et des tuyaux fixes) L&#039;unit\u00e9 est stock\u00e9e \u00e0 l&#039;int\u00e9rieur et [&hellip;]\" \/>\n<meta property=\"og:url\" content=\"https:\/\/machineriesbst.com\/en\/catalogue\/jackson-harvester-shavings-machine-13138d-30-10\/\" \/>\n<meta property=\"og:site_name\" content=\"Machineries BST\" \/>\n<meta property=\"article:modified_time\" content=\"2023-12-01T01:24:37+00:00\" \/>\n<meta property=\"og:image\" content=\"https:\/\/machineriesbst.com\/wp-content\/uploads\/2021\/05\/1-9.png\" \/>\n\t<meta property=\"og:image:width\" content=\"855\" \/>\n\t<meta property=\"og:image:height\" content=\"531\" \/>\n<meta name=\"twitter:card\" content=\"summary_large_image\" \/>\n<meta name=\"twitter:label1\" content=\"Est. reading time\" \/>\n\t<meta name=\"twitter:data1\" content=\"1 minute\" \/>\n<script type=\"application\/ld+json\" class=\"yoast-schema-graph\">{\"@context\":\"https:\/\/schema.org\",\"@graph\":[{\"@type\":\"WebSite\",\"@id\":\"https:\/\/machineriesbst.com\/en\/#website\",\"url\":\"https:\/\/machineriesbst.com\/en\/\",\"name\":\"Machineries BST\",\"description\":\"Machines neuves &amp; usag\\u00e9es\",\"potentialAction\":[{\"@type\":\"SearchAction\",\"target\":{\"@type\":\"EntryPoint\",\"urlTemplate\":\"https:\/\/machineriesbst.com\/en\/?s={search_term_string}\"},\"query-input\":\"required name=search_term_string\"}],\"inLanguage\":\"en-US\"},{\"@type\":\"ImageObject\",\"@id\":\"https:\/\/machineriesbst.com\/en\/catalogue\/jackson-harvester-shavings-machine-13138d-30-10\/#primaryimage\",\"inLanguage\":\"en-US\",\"url\":\"https:\/\/machineriesbst.com\/wp-content\/uploads\/2021\/05\/1-9.png\",\"contentUrl\":\"https:\/\/machineriesbst.com\/wp-content\/uploads\/2021\/05\/1-9.png\",\"width\":855,\"height\":531},{\"@type\":\"WebPage\",\"@id\":\"https:\/\/machineriesbst.com\/en\/catalogue\/jackson-harvester-shavings-machine-13138d-30-10\/#webpage\",\"url\":\"https:\/\/machineriesbst.com\/en\/catalogue\/jackson-harvester-shavings-machine-13138d-30-10\/\",\"name\":\"JACKSON HARVESTER SHAVINGS MACHINE 13138D 30-10 - Machineries BST\",\"isPartOf\":{\"@id\":\"https:\/\/machineriesbst.com\/en\/#website\"},\"primaryImageOfPage\":{\"@id\":\"https:\/\/machineriesbst.com\/en\/catalogue\/jackson-harvester-shavings-machine-13138d-30-10\/#primaryimage\"},\"datePublished\":\"2021-06-08T13:32:10+00:00\",\"dateModified\":\"2023-12-01T01:24:37+00:00\",\"breadcrumb\":{\"@id\":\"https:\/\/machineriesbst.com\/en\/catalogue\/jackson-harvester-shavings-machine-13138d-30-10\/#breadcrumb\"},\"inLanguage\":\"en-US\",\"potentialAction\":[{\"@type\":\"ReadAction\",\"target\":[\"https:\/\/machineriesbst.com\/en\/catalogue\/jackson-harvester-shavings-machine-13138d-30-10\/\"]}]},{\"@type\":\"BreadcrumbList\",\"@id\":\"https:\/\/machineriesbst.com\/en\/catalogue\/jackson-harvester-shavings-machine-13138d-30-10\/#breadcrumb\",\"itemListElement\":[{\"@type\":\"ListItem\",\"position\":1,\"name\":\"Accueil\",\"item\":\"https:\/\/machineriesbst.com\/en\/\"},{\"@type\":\"ListItem\",\"position\":2,\"name\":\"Catalogue\",\"item\":\"https:\/\/machineriesbst.com\/en\/catalog\/\"},{\"@type\":\"ListItem\",\"position\":3,\"name\":\"JACKSON HARVESTER SHAVINGS MACHINE 13138D 30-10\"}]}]}<\/script>\n<!-- \/ Yoast SEO plugin. -->","yoast_head_json":{"title":"JACKSON HARVESTER SHAVINGS MACHINE 13138D 30-10 - Machineries BST","robots":{"index":"index","follow":"follow","max-snippet":"max-snippet:-1","max-image-preview":"max-image-preview:large","max-video-preview":"max-video-preview:-1"},"canonical":"https:\/\/machineriesbst.com\/en\/catalogue\/jackson-harvester-shavings-machine-13138d-30-10\/","og_locale":"en_US","og_type":"article","og_title":"JACKSON HARVESTER SHAVINGS MACHINE 13138D 30-10 - Machineries BST","og_description":"Puissances du moteur 2 - 4 raboteuses de lame sur de nouveaux roulements. La bo\u00eete est entra\u00een\u00e9e \u00e0 la rampe hydraulique Box est 4 'x 2' sur des rouleaux presque nouveaux Le convoyeur est aliment\u00e9 par hydraulique (comprend une bo\u00eete \u00e9lectrique et des commandes hydrauliques et des tuyaux fixes) L'unit\u00e9 est stock\u00e9e \u00e0 l'int\u00e9rieur et [&hellip;]","og_url":"https:\/\/machineriesbst.com\/en\/catalogue\/jackson-harvester-shavings-machine-13138d-30-10\/","og_site_name":"Machineries BST","article_modified_time":"2023-12-01T01:24:37+00:00","og_image":[{"width":855,"height":531,"url":"https:\/\/machineriesbst.com\/wp-content\/uploads\/2021\/05\/1-9.png","path":"\/home\/jepeto\/public_html\/wp-content\/uploads\/2021\/05\/1-9.png","size":"full","id":49436,"alt":"","pixels":454005,"type":"image\/png"}],"twitter_card":"summary_large_image","twitter_misc":{"Est. reading time":"1 minute"},"schema":{"@context":"https:\/\/schema.org","@graph":[{"@type":"WebSite","@id":"https:\/\/machineriesbst.com\/en\/#website","url":"https:\/\/machineriesbst.com\/en\/","name":"Machineries BST","description":"Machines neuves &amp; usag\u00e9es","potentialAction":[{"@type":"SearchAction","target":{"@type":"EntryPoint","urlTemplate":"https:\/\/machineriesbst.com\/en\/?s={search_term_string}"},"query-input":"required name=search_term_string"}],"inLanguage":"en-US"},{"@type":"ImageObject","@id":"https:\/\/machineriesbst.com\/en\/catalogue\/jackson-harvester-shavings-machine-13138d-30-10\/#primaryimage","inLanguage":"en-US","url":"https:\/\/machineriesbst.com\/wp-content\/uploads\/2021\/05\/1-9.png","contentUrl":"https:\/\/machineriesbst.com\/wp-content\/uploads\/2021\/05\/1-9.png","width":855,"height":531},{"@type":"WebPage","@id":"https:\/\/machineriesbst.com\/en\/catalogue\/jackson-harvester-shavings-machine-13138d-30-10\/#webpage","url":"https:\/\/machineriesbst.com\/en\/catalogue\/jackson-harvester-shavings-machine-13138d-30-10\/","name":"JACKSON HARVESTER SHAVINGS MACHINE 13138D 30-10 - Machineries BST","isPartOf":{"@id":"https:\/\/machineriesbst.com\/en\/#website"},"primaryImageOfPage":{"@id":"https:\/\/machineriesbst.com\/en\/catalogue\/jackson-harvester-shavings-machine-13138d-30-10\/#primaryimage"},"datePublished":"2021-06-08T13:32:10+00:00","dateModified":"2023-12-01T01:24:37+00:00","breadcrumb":{"@id":"https:\/\/machineriesbst.com\/en\/catalogue\/jackson-harvester-shavings-machine-13138d-30-10\/#breadcrumb"},"inLanguage":"en-US","potentialAction":[{"@type":"ReadAction","target":["https:\/\/machineriesbst.com\/en\/catalogue\/jackson-harvester-shavings-machine-13138d-30-10\/"]}]},{"@type":"BreadcrumbList","@id":"https:\/\/machineriesbst.com\/en\/catalogue\/jackson-harvester-shavings-machine-13138d-30-10\/#breadcrumb","itemListElement":[{"@type":"ListItem","position":1,"name":"Accueil","item":"https:\/\/machineriesbst.com\/en\/"},{"@type":"ListItem","position":2,"name":"Catalogue","item":"https:\/\/machineriesbst.com\/en\/catalog\/"},{"@type":"ListItem","position":3,"name":"JACKSON HARVESTER SHAVINGS MACHINE 13138D 30-10"}]}]}},"_links":{"self":[{"href":"https:\/\/machineriesbst.com\/en\/wp-json\/wp\/v2\/product\/57482"}],"collection":[{"href":"https:\/\/machineriesbst.com\/en\/wp-json\/wp\/v2\/product"}],"about":[{"href":"https:\/\/machineriesbst.com\/en\/wp-json\/wp\/v2\/types\/product"}],"author":[{"embeddable":true,"href":"https:\/\/machineriesbst.com\/en\/wp-json\/wp\/v2\/users\/3"}],"replies":[{"embeddable":true,"href":"https:\/\/machineriesbst.com\/en\/wp-json\/wp\/v2\/comments?post=57482"}],"wp:featuredmedia":[{"embeddable":true,"href":"https:\/\/machineriesbst.com\/en\/wp-json\/wp\/v2\/media\/49436"}],"wp:attachment":[{"href":"https:\/\/machineriesbst.com\/en\/wp-json\/wp\/v2\/media?parent=57482"}],"wp:term":[{"taxonomy":"product_cat","embeddable":true,"href":"https:\/\/machineriesbst.com\/en\/wp-json\/wp\/v2\/product_cat?post=57482"},{"taxonomy":"product_tag","embeddable":true,"href":"https:\/\/machineriesbst.com\/en\/wp-json\/wp\/v2\/product_tag?post=57482"}],"curies":[{"name":"wp","href":"https:\/\/api.w.org\/{rel}","templated":true}]}}