{"id":57478,"date":"2021-06-08T09:32:09","date_gmt":"2021-06-08T13:32:09","guid":{"rendered":"https:\/\/machineriesbst.com\/?post_type=product&#038;p=57478"},"modified":"2023-11-30T20:24:37","modified_gmt":"2023-12-01T01:24:37","slug":"broyeur-weima-eco-1-v","status":"publish","type":"product","link":"https:\/\/machineriesbst.com\/en\/catalogue\/broyeur-weima-eco-1-v\/","title":{"rendered":"WEIMA ECO 1 V shredder"},"content":{"rendered":"<p>Used waste mill WEIMA ECO 1 V used | For sale<\/p>\n<p>This is a used industrial wood grinder. The shredder uses a heavy rotary cutting head and hydraulic piston to shred wood, paper, plywood or plastic into manageable sizes. This reduces the costs of waste and waste disposal.<\/p>\n<p>* Use of less than 500 hours *<\/p>\n<p>25 HP motor<\/p>\n<p>Completed and ready to go.<\/p>","protected":false},"excerpt":{"rendered":"<p>Used WEIMA ECO 1 V Waste Grinder | For Sale This is a used industrial wood grinder. The shredder uses a heavy duty rotary cutter head and hydraulic piston to shred wood, paper, plywood or plastic into manageable sizes. This reduces waste disposal costs [\u2026]<\/p>","protected":false},"author":3,"featured_media":49416,"comment_status":"open","ping_status":"closed","template":"","meta":[],"product_cat":[3016],"product_tag":[],"acf":[],"yoast_head":"<!-- This site is optimized with the Yoast SEO plugin v16.8 - https:\/\/yoast.com\/wordpress\/plugins\/seo\/ -->\n<title>Broyeur WEIMA ECO 1 V - Machineries BST<\/title>\n<meta name=\"robots\" content=\"index, follow, max-snippet:-1, max-image-preview:large, max-video-preview:-1\" \/>\n<link rel=\"canonical\" href=\"https:\/\/machineriesbst.com\/en\/catalogue\/broyeur-weima-eco-1-v\/\" \/>\n<meta property=\"og:locale\" content=\"en_US\" \/>\n<meta property=\"og:type\" content=\"article\" \/>\n<meta property=\"og:title\" content=\"Broyeur WEIMA ECO 1 V - Machineries BST\" \/>\n<meta property=\"og:description\" content=\"Moulin \u00e0 d\u00e9chets usag\u00e9s WEIMA ECO 1 V d&#039;occasion | \u00c0 vendre Il s&#039;agit d&#039;une meuleuse \u00e0 bois industrielle utilis\u00e9e. Le broyeur utilise une t\u00eate de coupe rotative lourde et un piston hydraulique pour broyer du bois, du papier, du contreplaqu\u00e9 ou du plastique dans des tailles managables. Cela r\u00e9duit les co\u00fbts d&#039;\u00e9limination des d\u00e9chets [&hellip;]\" \/>\n<meta property=\"og:url\" content=\"https:\/\/machineriesbst.com\/en\/catalogue\/broyeur-weima-eco-1-v\/\" \/>\n<meta property=\"og:site_name\" content=\"Machineries BST\" \/>\n<meta property=\"article:modified_time\" content=\"2023-12-01T01:24:37+00:00\" \/>\n<meta property=\"og:image\" content=\"https:\/\/machineriesbst.com\/wp-content\/uploads\/2021\/05\/1-133.jpg\" \/>\n\t<meta property=\"og:image:width\" content=\"350\" \/>\n\t<meta property=\"og:image:height\" content=\"350\" \/>\n<meta name=\"twitter:card\" content=\"summary_large_image\" \/>\n<script type=\"application\/ld+json\" class=\"yoast-schema-graph\">{\"@context\":\"https:\/\/schema.org\",\"@graph\":[{\"@type\":\"WebSite\",\"@id\":\"https:\/\/machineriesbst.com\/en\/#website\",\"url\":\"https:\/\/machineriesbst.com\/en\/\",\"name\":\"Machineries BST\",\"description\":\"Machines neuves &amp; usag\\u00e9es\",\"potentialAction\":[{\"@type\":\"SearchAction\",\"target\":{\"@type\":\"EntryPoint\",\"urlTemplate\":\"https:\/\/machineriesbst.com\/en\/?s={search_term_string}\"},\"query-input\":\"required name=search_term_string\"}],\"inLanguage\":\"en-US\"},{\"@type\":\"ImageObject\",\"@id\":\"https:\/\/machineriesbst.com\/en\/catalogue\/broyeur-weima-eco-1-v\/#primaryimage\",\"inLanguage\":\"en-US\",\"url\":\"https:\/\/machineriesbst.com\/wp-content\/uploads\/2021\/05\/1-133.jpg\",\"contentUrl\":\"https:\/\/machineriesbst.com\/wp-content\/uploads\/2021\/05\/1-133.jpg\",\"width\":350,\"height\":350},{\"@type\":\"WebPage\",\"@id\":\"https:\/\/machineriesbst.com\/en\/catalogue\/broyeur-weima-eco-1-v\/#webpage\",\"url\":\"https:\/\/machineriesbst.com\/en\/catalogue\/broyeur-weima-eco-1-v\/\",\"name\":\"Broyeur WEIMA ECO 1 V - Machineries BST\",\"isPartOf\":{\"@id\":\"https:\/\/machineriesbst.com\/en\/#website\"},\"primaryImageOfPage\":{\"@id\":\"https:\/\/machineriesbst.com\/en\/catalogue\/broyeur-weima-eco-1-v\/#primaryimage\"},\"datePublished\":\"2021-06-08T13:32:09+00:00\",\"dateModified\":\"2023-12-01T01:24:37+00:00\",\"breadcrumb\":{\"@id\":\"https:\/\/machineriesbst.com\/en\/catalogue\/broyeur-weima-eco-1-v\/#breadcrumb\"},\"inLanguage\":\"en-US\",\"potentialAction\":[{\"@type\":\"ReadAction\",\"target\":[\"https:\/\/machineriesbst.com\/en\/catalogue\/broyeur-weima-eco-1-v\/\"]}]},{\"@type\":\"BreadcrumbList\",\"@id\":\"https:\/\/machineriesbst.com\/en\/catalogue\/broyeur-weima-eco-1-v\/#breadcrumb\",\"itemListElement\":[{\"@type\":\"ListItem\",\"position\":1,\"name\":\"Accueil\",\"item\":\"https:\/\/machineriesbst.com\/en\/\"},{\"@type\":\"ListItem\",\"position\":2,\"name\":\"Catalogue\",\"item\":\"https:\/\/machineriesbst.com\/en\/catalog\/\"},{\"@type\":\"ListItem\",\"position\":3,\"name\":\"Broyeur WEIMA ECO 1 V\"}]}]}<\/script>\n<!-- \/ Yoast SEO plugin. -->","yoast_head_json":{"title":"Broyeur WEIMA ECO 1 V - Machineries BST","robots":{"index":"index","follow":"follow","max-snippet":"max-snippet:-1","max-image-preview":"max-image-preview:large","max-video-preview":"max-video-preview:-1"},"canonical":"https:\/\/machineriesbst.com\/en\/catalogue\/broyeur-weima-eco-1-v\/","og_locale":"en_US","og_type":"article","og_title":"Broyeur WEIMA ECO 1 V - Machineries BST","og_description":"Moulin \u00e0 d\u00e9chets usag\u00e9s WEIMA ECO 1 V d'occasion | \u00c0 vendre Il s'agit d'une meuleuse \u00e0 bois industrielle utilis\u00e9e. Le broyeur utilise une t\u00eate de coupe rotative lourde et un piston hydraulique pour broyer du bois, du papier, du contreplaqu\u00e9 ou du plastique dans des tailles managables. Cela r\u00e9duit les co\u00fbts d'\u00e9limination des d\u00e9chets [&hellip;]","og_url":"https:\/\/machineriesbst.com\/en\/catalogue\/broyeur-weima-eco-1-v\/","og_site_name":"Machineries BST","article_modified_time":"2023-12-01T01:24:37+00:00","og_image":[{"width":350,"height":350,"url":"https:\/\/machineriesbst.com\/wp-content\/uploads\/2021\/05\/1-133.jpg","path":"\/home\/jepeto\/public_html\/wp-content\/uploads\/2021\/05\/1-133.jpg","size":"full","id":49416,"alt":"","pixels":122500,"type":"image\/jpeg"}],"twitter_card":"summary_large_image","schema":{"@context":"https:\/\/schema.org","@graph":[{"@type":"WebSite","@id":"https:\/\/machineriesbst.com\/en\/#website","url":"https:\/\/machineriesbst.com\/en\/","name":"Machineries BST","description":"Machines neuves &amp; usag\u00e9es","potentialAction":[{"@type":"SearchAction","target":{"@type":"EntryPoint","urlTemplate":"https:\/\/machineriesbst.com\/en\/?s={search_term_string}"},"query-input":"required name=search_term_string"}],"inLanguage":"en-US"},{"@type":"ImageObject","@id":"https:\/\/machineriesbst.com\/en\/catalogue\/broyeur-weima-eco-1-v\/#primaryimage","inLanguage":"en-US","url":"https:\/\/machineriesbst.com\/wp-content\/uploads\/2021\/05\/1-133.jpg","contentUrl":"https:\/\/machineriesbst.com\/wp-content\/uploads\/2021\/05\/1-133.jpg","width":350,"height":350},{"@type":"WebPage","@id":"https:\/\/machineriesbst.com\/en\/catalogue\/broyeur-weima-eco-1-v\/#webpage","url":"https:\/\/machineriesbst.com\/en\/catalogue\/broyeur-weima-eco-1-v\/","name":"Broyeur WEIMA ECO 1 V - Machineries BST","isPartOf":{"@id":"https:\/\/machineriesbst.com\/en\/#website"},"primaryImageOfPage":{"@id":"https:\/\/machineriesbst.com\/en\/catalogue\/broyeur-weima-eco-1-v\/#primaryimage"},"datePublished":"2021-06-08T13:32:09+00:00","dateModified":"2023-12-01T01:24:37+00:00","breadcrumb":{"@id":"https:\/\/machineriesbst.com\/en\/catalogue\/broyeur-weima-eco-1-v\/#breadcrumb"},"inLanguage":"en-US","potentialAction":[{"@type":"ReadAction","target":["https:\/\/machineriesbst.com\/en\/catalogue\/broyeur-weima-eco-1-v\/"]}]},{"@type":"BreadcrumbList","@id":"https:\/\/machineriesbst.com\/en\/catalogue\/broyeur-weima-eco-1-v\/#breadcrumb","itemListElement":[{"@type":"ListItem","position":1,"name":"Accueil","item":"https:\/\/machineriesbst.com\/en\/"},{"@type":"ListItem","position":2,"name":"Catalogue","item":"https:\/\/machineriesbst.com\/en\/catalog\/"},{"@type":"ListItem","position":3,"name":"Broyeur WEIMA ECO 1 V"}]}]}},"_links":{"self":[{"href":"https:\/\/machineriesbst.com\/en\/wp-json\/wp\/v2\/product\/57478"}],"collection":[{"href":"https:\/\/machineriesbst.com\/en\/wp-json\/wp\/v2\/product"}],"about":[{"href":"https:\/\/machineriesbst.com\/en\/wp-json\/wp\/v2\/types\/product"}],"author":[{"embeddable":true,"href":"https:\/\/machineriesbst.com\/en\/wp-json\/wp\/v2\/users\/3"}],"replies":[{"embeddable":true,"href":"https:\/\/machineriesbst.com\/en\/wp-json\/wp\/v2\/comments?post=57478"}],"wp:featuredmedia":[{"embeddable":true,"href":"https:\/\/machineriesbst.com\/en\/wp-json\/wp\/v2\/media\/49416"}],"wp:attachment":[{"href":"https:\/\/machineriesbst.com\/en\/wp-json\/wp\/v2\/media?parent=57478"}],"wp:term":[{"taxonomy":"product_cat","embeddable":true,"href":"https:\/\/machineriesbst.com\/en\/wp-json\/wp\/v2\/product_cat?post=57478"},{"taxonomy":"product_tag","embeddable":true,"href":"https:\/\/machineriesbst.com\/en\/wp-json\/wp\/v2\/product_tag?post=57478"}],"curies":[{"name":"wp","href":"https:\/\/api.w.org\/{rel}","templated":true}]}}