{"id":57477,"date":"2021-06-08T09:31:46","date_gmt":"2021-06-08T13:31:46","guid":{"rendered":"https:\/\/machineriesbst.com\/?post_type=product&#038;p=57477"},"modified":"2023-11-30T20:24:37","modified_gmt":"2023-12-01T01:24:37","slug":"broyeur-vecoplan-vaz-100-80","status":"publish","type":"product","link":"https:\/\/machineriesbst.com\/en\/catalogue\/broyeur-vecoplan-vaz-100-80\/","title":{"rendered":"VECOPLAN VAZ 100\/80 shredder"},"content":{"rendered":"<ul>\n<li>Ecoplan VAZ 100\/80. Shredder<\/li>\n<li>460v 13kw motor (18hp)<\/li>\n<li>Nordfab control cabinet. Push button control.<\/li>\n<li>V-rotor with replaceable carbide inserts (230 mm (9 &quot;) rotor)<\/li>\n<li>Hydraulic baton (1hp)<\/li>\n<li>The feed area is 39x30. The hood has been replaced with a small type of wood for low folds. The original is available and comes with it.<\/li>\n<li>The 7 &#39;&#39; dust outlet tube has a magnetic collector (2) which evacuates metals from your dust collection.<\/li>\n<li>This machine is powered on for your inspection. He doesn&#39;t need anything. It is fully operational and ready to go.<\/li>\n<\/ul>","protected":false},"excerpt":{"rendered":"<p>Ecoplan VAZ 100\/80. Chipper Motor 460v 13kw (18hp) Nordfab control cabinet. Push button control. V-rotor with replaceable carbide inserts (230mm (9&quot;) rotor) Hydraulic stick (1hp) Feed area is 39x30. Hood has been replaced with a small wood type for low bends. The original is available [\u2026]<\/p>","protected":false},"author":3,"featured_media":49411,"comment_status":"open","ping_status":"closed","template":"","meta":[],"product_cat":[3016],"product_tag":[],"acf":[],"yoast_head":"<!-- This site is optimized with the Yoast SEO plugin v16.8 - https:\/\/yoast.com\/wordpress\/plugins\/seo\/ -->\n<title>Broyeur VECOPLAN VAZ 100\/80 - Machineries BST<\/title>\n<meta name=\"robots\" content=\"index, follow, max-snippet:-1, max-image-preview:large, max-video-preview:-1\" \/>\n<link rel=\"canonical\" href=\"https:\/\/machineriesbst.com\/en\/catalogue\/broyeur-vecoplan-vaz-100-80\/\" \/>\n<meta property=\"og:locale\" content=\"en_US\" \/>\n<meta property=\"og:type\" content=\"article\" \/>\n<meta property=\"og:title\" content=\"Broyeur VECOPLAN VAZ 100\/80 - Machineries BST\" \/>\n<meta property=\"og:description\" content=\"Ecoplan VAZ 100\/80. D\u00e9chiqueteuse Moteur 460v 13kw (18hp) Cabinet de commande Nordfab. Commande de bouton-poussoir. Rotor en V avec inserts de carbure rempla\u00e7ables (rotor de 230 mm (9 &quot;)) B\u00e2ton hydraulique (1hp) La zone d&#039;alimentation est 39x30. Le capot a \u00e9t\u00e9 remplac\u00e9 par un petit type de bois pour des plis bas. L&#039;original est disponible [&hellip;]\" \/>\n<meta property=\"og:url\" content=\"https:\/\/machineriesbst.com\/en\/catalogue\/broyeur-vecoplan-vaz-100-80\/\" \/>\n<meta property=\"og:site_name\" content=\"Machineries BST\" \/>\n<meta property=\"article:modified_time\" content=\"2023-12-01T01:24:37+00:00\" \/>\n<meta property=\"og:image\" content=\"https:\/\/machineriesbst.com\/wp-content\/uploads\/2021\/05\/1-132.jpg\" \/>\n\t<meta property=\"og:image:width\" content=\"350\" \/>\n\t<meta property=\"og:image:height\" content=\"350\" \/>\n<meta name=\"twitter:card\" content=\"summary_large_image\" \/>\n<meta name=\"twitter:label1\" content=\"Est. reading time\" \/>\n\t<meta name=\"twitter:data1\" content=\"1 minute\" \/>\n<script type=\"application\/ld+json\" class=\"yoast-schema-graph\">{\"@context\":\"https:\/\/schema.org\",\"@graph\":[{\"@type\":\"WebSite\",\"@id\":\"https:\/\/machineriesbst.com\/en\/#website\",\"url\":\"https:\/\/machineriesbst.com\/en\/\",\"name\":\"Machineries BST\",\"description\":\"Machines neuves &amp; usag\\u00e9es\",\"potentialAction\":[{\"@type\":\"SearchAction\",\"target\":{\"@type\":\"EntryPoint\",\"urlTemplate\":\"https:\/\/machineriesbst.com\/en\/?s={search_term_string}\"},\"query-input\":\"required name=search_term_string\"}],\"inLanguage\":\"en-US\"},{\"@type\":\"ImageObject\",\"@id\":\"https:\/\/machineriesbst.com\/en\/catalogue\/broyeur-vecoplan-vaz-100-80\/#primaryimage\",\"inLanguage\":\"en-US\",\"url\":\"https:\/\/machineriesbst.com\/wp-content\/uploads\/2021\/05\/1-132.jpg\",\"contentUrl\":\"https:\/\/machineriesbst.com\/wp-content\/uploads\/2021\/05\/1-132.jpg\",\"width\":350,\"height\":350},{\"@type\":\"WebPage\",\"@id\":\"https:\/\/machineriesbst.com\/en\/catalogue\/broyeur-vecoplan-vaz-100-80\/#webpage\",\"url\":\"https:\/\/machineriesbst.com\/en\/catalogue\/broyeur-vecoplan-vaz-100-80\/\",\"name\":\"Broyeur VECOPLAN VAZ 100\/80 - Machineries BST\",\"isPartOf\":{\"@id\":\"https:\/\/machineriesbst.com\/en\/#website\"},\"primaryImageOfPage\":{\"@id\":\"https:\/\/machineriesbst.com\/en\/catalogue\/broyeur-vecoplan-vaz-100-80\/#primaryimage\"},\"datePublished\":\"2021-06-08T13:31:46+00:00\",\"dateModified\":\"2023-12-01T01:24:37+00:00\",\"breadcrumb\":{\"@id\":\"https:\/\/machineriesbst.com\/en\/catalogue\/broyeur-vecoplan-vaz-100-80\/#breadcrumb\"},\"inLanguage\":\"en-US\",\"potentialAction\":[{\"@type\":\"ReadAction\",\"target\":[\"https:\/\/machineriesbst.com\/en\/catalogue\/broyeur-vecoplan-vaz-100-80\/\"]}]},{\"@type\":\"BreadcrumbList\",\"@id\":\"https:\/\/machineriesbst.com\/en\/catalogue\/broyeur-vecoplan-vaz-100-80\/#breadcrumb\",\"itemListElement\":[{\"@type\":\"ListItem\",\"position\":1,\"name\":\"Accueil\",\"item\":\"https:\/\/machineriesbst.com\/en\/\"},{\"@type\":\"ListItem\",\"position\":2,\"name\":\"Catalogue\",\"item\":\"https:\/\/machineriesbst.com\/en\/catalog\/\"},{\"@type\":\"ListItem\",\"position\":3,\"name\":\"Broyeur VECOPLAN VAZ 100\/80\"}]}]}<\/script>\n<!-- \/ Yoast SEO plugin. -->","yoast_head_json":{"title":"Broyeur VECOPLAN VAZ 100\/80 - Machineries BST","robots":{"index":"index","follow":"follow","max-snippet":"max-snippet:-1","max-image-preview":"max-image-preview:large","max-video-preview":"max-video-preview:-1"},"canonical":"https:\/\/machineriesbst.com\/en\/catalogue\/broyeur-vecoplan-vaz-100-80\/","og_locale":"en_US","og_type":"article","og_title":"Broyeur VECOPLAN VAZ 100\/80 - Machineries BST","og_description":"Ecoplan VAZ 100\/80. D\u00e9chiqueteuse Moteur 460v 13kw (18hp) Cabinet de commande Nordfab. Commande de bouton-poussoir. Rotor en V avec inserts de carbure rempla\u00e7ables (rotor de 230 mm (9 \")) B\u00e2ton hydraulique (1hp) La zone d'alimentation est 39x30. Le capot a \u00e9t\u00e9 remplac\u00e9 par un petit type de bois pour des plis bas. L'original est disponible [&hellip;]","og_url":"https:\/\/machineriesbst.com\/en\/catalogue\/broyeur-vecoplan-vaz-100-80\/","og_site_name":"Machineries BST","article_modified_time":"2023-12-01T01:24:37+00:00","og_image":[{"width":350,"height":350,"url":"https:\/\/machineriesbst.com\/wp-content\/uploads\/2021\/05\/1-132.jpg","path":"\/home\/jepeto\/public_html\/wp-content\/uploads\/2021\/05\/1-132.jpg","size":"full","id":49411,"alt":"","pixels":122500,"type":"image\/jpeg"}],"twitter_card":"summary_large_image","twitter_misc":{"Est. reading time":"1 minute"},"schema":{"@context":"https:\/\/schema.org","@graph":[{"@type":"WebSite","@id":"https:\/\/machineriesbst.com\/en\/#website","url":"https:\/\/machineriesbst.com\/en\/","name":"Machineries BST","description":"Machines neuves &amp; usag\u00e9es","potentialAction":[{"@type":"SearchAction","target":{"@type":"EntryPoint","urlTemplate":"https:\/\/machineriesbst.com\/en\/?s={search_term_string}"},"query-input":"required name=search_term_string"}],"inLanguage":"en-US"},{"@type":"ImageObject","@id":"https:\/\/machineriesbst.com\/en\/catalogue\/broyeur-vecoplan-vaz-100-80\/#primaryimage","inLanguage":"en-US","url":"https:\/\/machineriesbst.com\/wp-content\/uploads\/2021\/05\/1-132.jpg","contentUrl":"https:\/\/machineriesbst.com\/wp-content\/uploads\/2021\/05\/1-132.jpg","width":350,"height":350},{"@type":"WebPage","@id":"https:\/\/machineriesbst.com\/en\/catalogue\/broyeur-vecoplan-vaz-100-80\/#webpage","url":"https:\/\/machineriesbst.com\/en\/catalogue\/broyeur-vecoplan-vaz-100-80\/","name":"Broyeur VECOPLAN VAZ 100\/80 - Machineries BST","isPartOf":{"@id":"https:\/\/machineriesbst.com\/en\/#website"},"primaryImageOfPage":{"@id":"https:\/\/machineriesbst.com\/en\/catalogue\/broyeur-vecoplan-vaz-100-80\/#primaryimage"},"datePublished":"2021-06-08T13:31:46+00:00","dateModified":"2023-12-01T01:24:37+00:00","breadcrumb":{"@id":"https:\/\/machineriesbst.com\/en\/catalogue\/broyeur-vecoplan-vaz-100-80\/#breadcrumb"},"inLanguage":"en-US","potentialAction":[{"@type":"ReadAction","target":["https:\/\/machineriesbst.com\/en\/catalogue\/broyeur-vecoplan-vaz-100-80\/"]}]},{"@type":"BreadcrumbList","@id":"https:\/\/machineriesbst.com\/en\/catalogue\/broyeur-vecoplan-vaz-100-80\/#breadcrumb","itemListElement":[{"@type":"ListItem","position":1,"name":"Accueil","item":"https:\/\/machineriesbst.com\/en\/"},{"@type":"ListItem","position":2,"name":"Catalogue","item":"https:\/\/machineriesbst.com\/en\/catalog\/"},{"@type":"ListItem","position":3,"name":"Broyeur VECOPLAN VAZ 100\/80"}]}]}},"_links":{"self":[{"href":"https:\/\/machineriesbst.com\/en\/wp-json\/wp\/v2\/product\/57477"}],"collection":[{"href":"https:\/\/machineriesbst.com\/en\/wp-json\/wp\/v2\/product"}],"about":[{"href":"https:\/\/machineriesbst.com\/en\/wp-json\/wp\/v2\/types\/product"}],"author":[{"embeddable":true,"href":"https:\/\/machineriesbst.com\/en\/wp-json\/wp\/v2\/users\/3"}],"replies":[{"embeddable":true,"href":"https:\/\/machineriesbst.com\/en\/wp-json\/wp\/v2\/comments?post=57477"}],"wp:featuredmedia":[{"embeddable":true,"href":"https:\/\/machineriesbst.com\/en\/wp-json\/wp\/v2\/media\/49411"}],"wp:attachment":[{"href":"https:\/\/machineriesbst.com\/en\/wp-json\/wp\/v2\/media?parent=57477"}],"wp:term":[{"taxonomy":"product_cat","embeddable":true,"href":"https:\/\/machineriesbst.com\/en\/wp-json\/wp\/v2\/product_cat?post=57477"},{"taxonomy":"product_tag","embeddable":true,"href":"https:\/\/machineriesbst.com\/en\/wp-json\/wp\/v2\/product_tag?post=57477"}],"curies":[{"name":"wp","href":"https:\/\/api.w.org\/{rel}","templated":true}]}}