{"id":57442,"date":"2021-06-08T09:31:17","date_gmt":"2021-06-08T13:31:17","guid":{"rendered":"https:\/\/machineriesbst.com\/?post_type=product&#038;p=57442"},"modified":"2024-05-08T10:58:33","modified_gmt":"2024-05-08T14:58:33","slug":"comil-new-star-t1300","status":"publish","type":"product","link":"https:\/\/machineriesbst.com\/en\/catalogue\/comil-new-star-t1300\/","title":{"rendered":"Comil New Star T1300"},"content":{"rendered":"<ul>\n<li>Tunnel size: 13 &#39;L x 6`W x 24 &quot;H<\/li>\n<li>Feed conveyor: 8` x 51 &quot;<\/li>\n<li>Safety carrier: 8` x 51 &quot;<\/li>\n<li>Work dimensions:\n<ul>\n<li>-3,300mm sealing bar length 2.150mm (84.5 &quot;) top length<\/li>\n<li>Maximum width of aluminum roll -1,450 mm (57 in) Smallest width of aluminum filter width<\/li>\n<li>1,500 mm feed belt width<\/li>\n<li>300 mm maximum working height<\/li>\n<li>800 mm worktable height<\/li>\n<\/ul>\n<\/li>\n<li>3-15 MPM variable belt conveyor speed<\/li>\n<\/ul>","protected":false},"excerpt":{"rendered":"<p>Tunnel size: 13 &#39;L x 6`W x 24 &quot;H Feed conveyor: 8` x 51&quot; Safety conveyor: 8` x 51 &quot;Working dimensions: sealing bar length -3,300 mm length 2,150 mm (84.5 &quot;) upper Maximum width of aluminum roll -1.450 mm (57 in) lower width of aluminum filter width [\u2026]<\/p>","protected":false},"author":3,"featured_media":49341,"comment_status":"open","ping_status":"closed","template":"","meta":[],"product_cat":[3027,237],"product_tag":[],"acf":[],"yoast_head":"<!-- This site is optimized with the Yoast SEO plugin v16.8 - https:\/\/yoast.com\/wordpress\/plugins\/seo\/ -->\n<title>Comil New Star T1300 - Machineries BST<\/title>\n<meta name=\"robots\" content=\"index, follow, max-snippet:-1, max-image-preview:large, max-video-preview:-1\" \/>\n<link rel=\"canonical\" href=\"https:\/\/machineriesbst.com\/en\/catalogue\/comil-new-star-t1300\/\" \/>\n<meta property=\"og:locale\" content=\"en_US\" \/>\n<meta property=\"og:type\" content=\"article\" \/>\n<meta property=\"og:title\" content=\"Comil New Star T1300 - Machineries BST\" \/>\n<meta property=\"og:description\" content=\"Taille du tunnel: 13 &#039;L x 6`W x 24 &quot;H Convoyeur d&#039;alimentation: 8` x 51&quot; Transporteur de s\u00e9curit\u00e9: 8` x 51 &quot; Dimensions du travail: longueur de la barre de soudage de -3,300 mm longueur 2,150mm (84,5&quot;) sup\u00e9rieure Largeur maximale du rouleau d&#039;aluminium -1,450 mm (57 po) plus faible largeur du filtre en aluminium largeur [&hellip;]\" \/>\n<meta property=\"og:url\" content=\"https:\/\/machineriesbst.com\/en\/catalogue\/comil-new-star-t1300\/\" \/>\n<meta property=\"og:site_name\" content=\"Machineries BST\" \/>\n<meta property=\"article:modified_time\" content=\"2024-05-08T14:58:33+00:00\" \/>\n<meta property=\"og:image\" content=\"https:\/\/machineriesbst.com\/wp-content\/uploads\/2021\/05\/1-62.jpg\" \/>\n\t<meta property=\"og:image:width\" content=\"640\" \/>\n\t<meta property=\"og:image:height\" content=\"480\" \/>\n<meta name=\"twitter:card\" content=\"summary_large_image\" \/>\n<script type=\"application\/ld+json\" class=\"yoast-schema-graph\">{\"@context\":\"https:\/\/schema.org\",\"@graph\":[{\"@type\":\"WebSite\",\"@id\":\"https:\/\/machineriesbst.com\/en\/#website\",\"url\":\"https:\/\/machineriesbst.com\/en\/\",\"name\":\"Machineries BST\",\"description\":\"Machines neuves &amp; usag\\u00e9es\",\"potentialAction\":[{\"@type\":\"SearchAction\",\"target\":{\"@type\":\"EntryPoint\",\"urlTemplate\":\"https:\/\/machineriesbst.com\/en\/?s={search_term_string}\"},\"query-input\":\"required name=search_term_string\"}],\"inLanguage\":\"en-US\"},{\"@type\":\"ImageObject\",\"@id\":\"https:\/\/machineriesbst.com\/en\/catalogue\/comil-new-star-t1300\/#primaryimage\",\"inLanguage\":\"en-US\",\"url\":\"https:\/\/machineriesbst.com\/wp-content\/uploads\/2021\/05\/1-62.jpg\",\"contentUrl\":\"https:\/\/machineriesbst.com\/wp-content\/uploads\/2021\/05\/1-62.jpg\",\"width\":640,\"height\":480},{\"@type\":\"WebPage\",\"@id\":\"https:\/\/machineriesbst.com\/en\/catalogue\/comil-new-star-t1300\/#webpage\",\"url\":\"https:\/\/machineriesbst.com\/en\/catalogue\/comil-new-star-t1300\/\",\"name\":\"Comil New Star T1300 - Machineries BST\",\"isPartOf\":{\"@id\":\"https:\/\/machineriesbst.com\/en\/#website\"},\"primaryImageOfPage\":{\"@id\":\"https:\/\/machineriesbst.com\/en\/catalogue\/comil-new-star-t1300\/#primaryimage\"},\"datePublished\":\"2021-06-08T13:31:17+00:00\",\"dateModified\":\"2024-05-08T14:58:33+00:00\",\"breadcrumb\":{\"@id\":\"https:\/\/machineriesbst.com\/en\/catalogue\/comil-new-star-t1300\/#breadcrumb\"},\"inLanguage\":\"en-US\",\"potentialAction\":[{\"@type\":\"ReadAction\",\"target\":[\"https:\/\/machineriesbst.com\/en\/catalogue\/comil-new-star-t1300\/\"]}]},{\"@type\":\"BreadcrumbList\",\"@id\":\"https:\/\/machineriesbst.com\/en\/catalogue\/comil-new-star-t1300\/#breadcrumb\",\"itemListElement\":[{\"@type\":\"ListItem\",\"position\":1,\"name\":\"Accueil\",\"item\":\"https:\/\/machineriesbst.com\/en\/\"},{\"@type\":\"ListItem\",\"position\":2,\"name\":\"Catalogue\",\"item\":\"https:\/\/machineriesbst.com\/en\/catalog\/\"},{\"@type\":\"ListItem\",\"position\":3,\"name\":\"Comil New Star T1300\"}]}]}<\/script>\n<!-- \/ Yoast SEO plugin. -->","yoast_head_json":{"title":"Comil New Star T1300 - Machineries BST","robots":{"index":"index","follow":"follow","max-snippet":"max-snippet:-1","max-image-preview":"max-image-preview:large","max-video-preview":"max-video-preview:-1"},"canonical":"https:\/\/machineriesbst.com\/en\/catalogue\/comil-new-star-t1300\/","og_locale":"en_US","og_type":"article","og_title":"Comil New Star T1300 - Machineries BST","og_description":"Taille du tunnel: 13 'L x 6`W x 24 \"H Convoyeur d'alimentation: 8` x 51\" Transporteur de s\u00e9curit\u00e9: 8` x 51 \" Dimensions du travail: longueur de la barre de soudage de -3,300 mm longueur 2,150mm (84,5\") sup\u00e9rieure Largeur maximale du rouleau d'aluminium -1,450 mm (57 po) plus faible largeur du filtre en aluminium largeur [&hellip;]","og_url":"https:\/\/machineriesbst.com\/en\/catalogue\/comil-new-star-t1300\/","og_site_name":"Machineries BST","article_modified_time":"2024-05-08T14:58:33+00:00","og_image":[{"width":640,"height":480,"url":"https:\/\/machineriesbst.com\/wp-content\/uploads\/2021\/05\/1-62.jpg","path":"\/home\/jepeto\/public_html\/wp-content\/uploads\/2021\/05\/1-62.jpg","size":"full","id":49341,"alt":"","pixels":307200,"type":"image\/jpeg"}],"twitter_card":"summary_large_image","schema":{"@context":"https:\/\/schema.org","@graph":[{"@type":"WebSite","@id":"https:\/\/machineriesbst.com\/en\/#website","url":"https:\/\/machineriesbst.com\/en\/","name":"Machineries BST","description":"Machines neuves &amp; usag\u00e9es","potentialAction":[{"@type":"SearchAction","target":{"@type":"EntryPoint","urlTemplate":"https:\/\/machineriesbst.com\/en\/?s={search_term_string}"},"query-input":"required name=search_term_string"}],"inLanguage":"en-US"},{"@type":"ImageObject","@id":"https:\/\/machineriesbst.com\/en\/catalogue\/comil-new-star-t1300\/#primaryimage","inLanguage":"en-US","url":"https:\/\/machineriesbst.com\/wp-content\/uploads\/2021\/05\/1-62.jpg","contentUrl":"https:\/\/machineriesbst.com\/wp-content\/uploads\/2021\/05\/1-62.jpg","width":640,"height":480},{"@type":"WebPage","@id":"https:\/\/machineriesbst.com\/en\/catalogue\/comil-new-star-t1300\/#webpage","url":"https:\/\/machineriesbst.com\/en\/catalogue\/comil-new-star-t1300\/","name":"Comil New Star T1300 - Machineries BST","isPartOf":{"@id":"https:\/\/machineriesbst.com\/en\/#website"},"primaryImageOfPage":{"@id":"https:\/\/machineriesbst.com\/en\/catalogue\/comil-new-star-t1300\/#primaryimage"},"datePublished":"2021-06-08T13:31:17+00:00","dateModified":"2024-05-08T14:58:33+00:00","breadcrumb":{"@id":"https:\/\/machineriesbst.com\/en\/catalogue\/comil-new-star-t1300\/#breadcrumb"},"inLanguage":"en-US","potentialAction":[{"@type":"ReadAction","target":["https:\/\/machineriesbst.com\/en\/catalogue\/comil-new-star-t1300\/"]}]},{"@type":"BreadcrumbList","@id":"https:\/\/machineriesbst.com\/en\/catalogue\/comil-new-star-t1300\/#breadcrumb","itemListElement":[{"@type":"ListItem","position":1,"name":"Accueil","item":"https:\/\/machineriesbst.com\/en\/"},{"@type":"ListItem","position":2,"name":"Catalogue","item":"https:\/\/machineriesbst.com\/en\/catalog\/"},{"@type":"ListItem","position":3,"name":"Comil New Star T1300"}]}]}},"_links":{"self":[{"href":"https:\/\/machineriesbst.com\/en\/wp-json\/wp\/v2\/product\/57442"}],"collection":[{"href":"https:\/\/machineriesbst.com\/en\/wp-json\/wp\/v2\/product"}],"about":[{"href":"https:\/\/machineriesbst.com\/en\/wp-json\/wp\/v2\/types\/product"}],"author":[{"embeddable":true,"href":"https:\/\/machineriesbst.com\/en\/wp-json\/wp\/v2\/users\/3"}],"replies":[{"embeddable":true,"href":"https:\/\/machineriesbst.com\/en\/wp-json\/wp\/v2\/comments?post=57442"}],"wp:featuredmedia":[{"embeddable":true,"href":"https:\/\/machineriesbst.com\/en\/wp-json\/wp\/v2\/media\/49341"}],"wp:attachment":[{"href":"https:\/\/machineriesbst.com\/en\/wp-json\/wp\/v2\/media?parent=57442"}],"wp:term":[{"taxonomy":"product_cat","embeddable":true,"href":"https:\/\/machineriesbst.com\/en\/wp-json\/wp\/v2\/product_cat?post=57442"},{"taxonomy":"product_tag","embeddable":true,"href":"https:\/\/machineriesbst.com\/en\/wp-json\/wp\/v2\/product_tag?post=57442"}],"curies":[{"name":"wp","href":"https:\/\/api.w.org\/{rel}","templated":true}]}}