{"id":57441,"date":"2021-06-08T09:31:17","date_gmt":"2021-06-08T13:31:17","guid":{"rendered":"https:\/\/machineriesbst.com\/?post_type=product&#038;p=57441"},"modified":"2023-11-30T20:24:37","modified_gmt":"2023-12-01T01:24:37","slug":"renzo-borgonovo-doratrice-4t-96","status":"publish","type":"product","link":"https:\/\/machineriesbst.com\/en\/catalogue\/renzo-borgonovo-doratrice-4t-96\/","title":{"rendered":"Renzo Borgonovo DORATOR 4S 96"},"content":{"rendered":"<ul>\n<li>A transformer for operation on 600\/3\/60 electronic devices is available for operation in Canada<\/li>\n<li>4 heat transfer heads, each with 180 degree rotation<\/li>\n<li>Verses to process: 15mm to 120mm<\/li>\n<li>Rate to process: 10mm to 100mm<\/li>\n<li>Length of wire to be processed: 1000mm<\/li>\n<li>Paper reel diameter: 25mm<\/li>\n<li>Maximum paper reel width: 80mm<\/li>\n<li>Maximum width of gold leaf: 60mm<\/li>\n<li>Cutting speed: 3.5m \/ m to 17m \/ m<\/li>\n<li>Possibility of applying more than one sheet on the same molding During 1 pass<\/li>\n<li>Out of service and stored in an air-conditioned environment for several years<\/li>\n<li>Whole total length: 4400mm<\/li>\n<li>Total width: 1400mm<\/li>\n<li>Total size: 1500mm<\/li>\n<li>Gross weight 2360KG<\/li>\n<li>3 identical machines available.<\/li>\n<\/ul>","protected":false},"excerpt":{"rendered":"<p>A transformer for operation on 600\/3\/60 electronic devices is available for operation in Canada 4 heat transfer heads, each with 180 degree rotation Verses to process: 15mm to 120mm Rate to process: 10mm to 100mm Length of the wire to be treated: 1000mm Diameter of the paper reel: 25mm Maximum width [\u2026]<\/p>","protected":false},"author":3,"featured_media":49337,"comment_status":"open","ping_status":"closed","template":"","meta":[],"product_cat":[3038],"product_tag":[],"acf":[],"yoast_head":"<!-- This site is optimized with the Yoast SEO plugin v16.8 - https:\/\/yoast.com\/wordpress\/plugins\/seo\/ -->\n<title>Renzo Borgonovo DORATRICE 4T 96 - Machineries BST<\/title>\n<meta name=\"robots\" content=\"index, follow, max-snippet:-1, max-image-preview:large, max-video-preview:-1\" \/>\n<link rel=\"canonical\" href=\"https:\/\/machineriesbst.com\/en\/catalogue\/renzo-borgonovo-doratrice-4t-96\/\" \/>\n<meta property=\"og:locale\" content=\"en_US\" \/>\n<meta property=\"og:type\" content=\"article\" \/>\n<meta property=\"og:title\" content=\"Renzo Borgonovo DORATRICE 4T 96 - Machineries BST\" \/>\n<meta property=\"og:description\" content=\"Un transformateur pour l&#039;op\u00e9ration sur les appareils \u00e9lectroniques 600\/3\/60 est disponible pour l&#039;op\u00e9ration au Canada 4 t\u00eates de transfert de chaleur, chacune avec une rotation de 180 degr\u00e9s Verses \u00e0 traiter: 15mm \u00e0 120mm Taux \u00e0 traiter: 10mm \u00e0 100mm Longueur du fil \u00e0 traiter: 1000mm Diam\u00e8tre de la bobine de papier: 25mm Largeur maximale [&hellip;]\" \/>\n<meta property=\"og:url\" content=\"https:\/\/machineriesbst.com\/en\/catalogue\/renzo-borgonovo-doratrice-4t-96\/\" \/>\n<meta property=\"og:site_name\" content=\"Machineries BST\" \/>\n<meta property=\"article:modified_time\" content=\"2023-12-01T01:24:37+00:00\" \/>\n<meta property=\"og:image\" content=\"https:\/\/machineriesbst.com\/wp-content\/uploads\/2021\/05\/1-57.jpg\" \/>\n\t<meta property=\"og:image:width\" content=\"640\" \/>\n\t<meta property=\"og:image:height\" content=\"480\" \/>\n<meta name=\"twitter:card\" content=\"summary_large_image\" \/>\n<meta name=\"twitter:label1\" content=\"Est. reading time\" \/>\n\t<meta name=\"twitter:data1\" content=\"1 minute\" \/>\n<script type=\"application\/ld+json\" class=\"yoast-schema-graph\">{\"@context\":\"https:\/\/schema.org\",\"@graph\":[{\"@type\":\"WebSite\",\"@id\":\"https:\/\/machineriesbst.com\/en\/#website\",\"url\":\"https:\/\/machineriesbst.com\/en\/\",\"name\":\"Machineries BST\",\"description\":\"Machines neuves &amp; usag\\u00e9es\",\"potentialAction\":[{\"@type\":\"SearchAction\",\"target\":{\"@type\":\"EntryPoint\",\"urlTemplate\":\"https:\/\/machineriesbst.com\/en\/?s={search_term_string}\"},\"query-input\":\"required name=search_term_string\"}],\"inLanguage\":\"en-US\"},{\"@type\":\"ImageObject\",\"@id\":\"https:\/\/machineriesbst.com\/en\/catalogue\/renzo-borgonovo-doratrice-4t-96\/#primaryimage\",\"inLanguage\":\"en-US\",\"url\":\"https:\/\/machineriesbst.com\/wp-content\/uploads\/2021\/05\/1-57.jpg\",\"contentUrl\":\"https:\/\/machineriesbst.com\/wp-content\/uploads\/2021\/05\/1-57.jpg\",\"width\":640,\"height\":480},{\"@type\":\"WebPage\",\"@id\":\"https:\/\/machineriesbst.com\/en\/catalogue\/renzo-borgonovo-doratrice-4t-96\/#webpage\",\"url\":\"https:\/\/machineriesbst.com\/en\/catalogue\/renzo-borgonovo-doratrice-4t-96\/\",\"name\":\"Renzo Borgonovo DORATRICE 4T 96 - Machineries BST\",\"isPartOf\":{\"@id\":\"https:\/\/machineriesbst.com\/en\/#website\"},\"primaryImageOfPage\":{\"@id\":\"https:\/\/machineriesbst.com\/en\/catalogue\/renzo-borgonovo-doratrice-4t-96\/#primaryimage\"},\"datePublished\":\"2021-06-08T13:31:17+00:00\",\"dateModified\":\"2023-12-01T01:24:37+00:00\",\"breadcrumb\":{\"@id\":\"https:\/\/machineriesbst.com\/en\/catalogue\/renzo-borgonovo-doratrice-4t-96\/#breadcrumb\"},\"inLanguage\":\"en-US\",\"potentialAction\":[{\"@type\":\"ReadAction\",\"target\":[\"https:\/\/machineriesbst.com\/en\/catalogue\/renzo-borgonovo-doratrice-4t-96\/\"]}]},{\"@type\":\"BreadcrumbList\",\"@id\":\"https:\/\/machineriesbst.com\/en\/catalogue\/renzo-borgonovo-doratrice-4t-96\/#breadcrumb\",\"itemListElement\":[{\"@type\":\"ListItem\",\"position\":1,\"name\":\"Accueil\",\"item\":\"https:\/\/machineriesbst.com\/en\/\"},{\"@type\":\"ListItem\",\"position\":2,\"name\":\"Catalogue\",\"item\":\"https:\/\/machineriesbst.com\/en\/catalog\/\"},{\"@type\":\"ListItem\",\"position\":3,\"name\":\"Renzo Borgonovo DORATRICE 4T 96\"}]}]}<\/script>\n<!-- \/ Yoast SEO plugin. -->","yoast_head_json":{"title":"Renzo Borgonovo DORATRICE 4T 96 - Machineries BST","robots":{"index":"index","follow":"follow","max-snippet":"max-snippet:-1","max-image-preview":"max-image-preview:large","max-video-preview":"max-video-preview:-1"},"canonical":"https:\/\/machineriesbst.com\/en\/catalogue\/renzo-borgonovo-doratrice-4t-96\/","og_locale":"en_US","og_type":"article","og_title":"Renzo Borgonovo DORATRICE 4T 96 - Machineries BST","og_description":"Un transformateur pour l'op\u00e9ration sur les appareils \u00e9lectroniques 600\/3\/60 est disponible pour l'op\u00e9ration au Canada 4 t\u00eates de transfert de chaleur, chacune avec une rotation de 180 degr\u00e9s Verses \u00e0 traiter: 15mm \u00e0 120mm Taux \u00e0 traiter: 10mm \u00e0 100mm Longueur du fil \u00e0 traiter: 1000mm Diam\u00e8tre de la bobine de papier: 25mm Largeur maximale [&hellip;]","og_url":"https:\/\/machineriesbst.com\/en\/catalogue\/renzo-borgonovo-doratrice-4t-96\/","og_site_name":"Machineries BST","article_modified_time":"2023-12-01T01:24:37+00:00","og_image":[{"width":640,"height":480,"url":"https:\/\/machineriesbst.com\/wp-content\/uploads\/2021\/05\/1-57.jpg","path":"\/home\/jepeto\/public_html\/wp-content\/uploads\/2021\/05\/1-57.jpg","size":"full","id":49337,"alt":"","pixels":307200,"type":"image\/jpeg"}],"twitter_card":"summary_large_image","twitter_misc":{"Est. reading time":"1 minute"},"schema":{"@context":"https:\/\/schema.org","@graph":[{"@type":"WebSite","@id":"https:\/\/machineriesbst.com\/en\/#website","url":"https:\/\/machineriesbst.com\/en\/","name":"Machineries BST","description":"Machines neuves &amp; usag\u00e9es","potentialAction":[{"@type":"SearchAction","target":{"@type":"EntryPoint","urlTemplate":"https:\/\/machineriesbst.com\/en\/?s={search_term_string}"},"query-input":"required name=search_term_string"}],"inLanguage":"en-US"},{"@type":"ImageObject","@id":"https:\/\/machineriesbst.com\/en\/catalogue\/renzo-borgonovo-doratrice-4t-96\/#primaryimage","inLanguage":"en-US","url":"https:\/\/machineriesbst.com\/wp-content\/uploads\/2021\/05\/1-57.jpg","contentUrl":"https:\/\/machineriesbst.com\/wp-content\/uploads\/2021\/05\/1-57.jpg","width":640,"height":480},{"@type":"WebPage","@id":"https:\/\/machineriesbst.com\/en\/catalogue\/renzo-borgonovo-doratrice-4t-96\/#webpage","url":"https:\/\/machineriesbst.com\/en\/catalogue\/renzo-borgonovo-doratrice-4t-96\/","name":"Renzo Borgonovo DORATRICE 4T 96 - Machineries BST","isPartOf":{"@id":"https:\/\/machineriesbst.com\/en\/#website"},"primaryImageOfPage":{"@id":"https:\/\/machineriesbst.com\/en\/catalogue\/renzo-borgonovo-doratrice-4t-96\/#primaryimage"},"datePublished":"2021-06-08T13:31:17+00:00","dateModified":"2023-12-01T01:24:37+00:00","breadcrumb":{"@id":"https:\/\/machineriesbst.com\/en\/catalogue\/renzo-borgonovo-doratrice-4t-96\/#breadcrumb"},"inLanguage":"en-US","potentialAction":[{"@type":"ReadAction","target":["https:\/\/machineriesbst.com\/en\/catalogue\/renzo-borgonovo-doratrice-4t-96\/"]}]},{"@type":"BreadcrumbList","@id":"https:\/\/machineriesbst.com\/en\/catalogue\/renzo-borgonovo-doratrice-4t-96\/#breadcrumb","itemListElement":[{"@type":"ListItem","position":1,"name":"Accueil","item":"https:\/\/machineriesbst.com\/en\/"},{"@type":"ListItem","position":2,"name":"Catalogue","item":"https:\/\/machineriesbst.com\/en\/catalog\/"},{"@type":"ListItem","position":3,"name":"Renzo Borgonovo DORATRICE 4T 96"}]}]}},"_links":{"self":[{"href":"https:\/\/machineriesbst.com\/en\/wp-json\/wp\/v2\/product\/57441"}],"collection":[{"href":"https:\/\/machineriesbst.com\/en\/wp-json\/wp\/v2\/product"}],"about":[{"href":"https:\/\/machineriesbst.com\/en\/wp-json\/wp\/v2\/types\/product"}],"author":[{"embeddable":true,"href":"https:\/\/machineriesbst.com\/en\/wp-json\/wp\/v2\/users\/3"}],"replies":[{"embeddable":true,"href":"https:\/\/machineriesbst.com\/en\/wp-json\/wp\/v2\/comments?post=57441"}],"wp:featuredmedia":[{"embeddable":true,"href":"https:\/\/machineriesbst.com\/en\/wp-json\/wp\/v2\/media\/49337"}],"wp:attachment":[{"href":"https:\/\/machineriesbst.com\/en\/wp-json\/wp\/v2\/media?parent=57441"}],"wp:term":[{"taxonomy":"product_cat","embeddable":true,"href":"https:\/\/machineriesbst.com\/en\/wp-json\/wp\/v2\/product_cat?post=57441"},{"taxonomy":"product_tag","embeddable":true,"href":"https:\/\/machineriesbst.com\/en\/wp-json\/wp\/v2\/product_tag?post=57441"}],"curies":[{"name":"wp","href":"https:\/\/api.w.org\/{rel}","templated":true}]}}