{"id":57410,"date":"2021-06-08T09:30:27","date_gmt":"2021-06-08T13:30:27","guid":{"rendered":"https:\/\/machineriesbst.com\/?post_type=product&#038;p=57410"},"modified":"2023-11-30T20:24:37","modified_gmt":"2023-12-01T01:24:37","slug":"depoussiereur-simon-day-75-hp","status":"publish","type":"product","link":"https:\/\/machineriesbst.com\/en\/catalogue\/depoussiereur-simon-day-75-hp\/","title":{"rendered":"Simon Day 75 HP dust collector"},"content":{"rendered":"<ul>\n<li>Photohelica reader that shows when the bags are full.<\/li>\n<li>25,000 CFM<\/li>\n<li>Argus spark detection<\/li>\n<li>Quiet<\/li>\n<li>Control Panel<\/li>\n<li>Self-contained cleaning unit with rotating arm that continuously blows air into bags.<\/li>\n<li>All pipes available too.<\/li>\n<li>You got a custom frame that was built to elevate the dust collector so that a bin could be placed underneath.<\/li>\n<\/ul>","protected":false},"excerpt":{"rendered":"<p>Photohelica reader which shows when the bags are full. 25,000 CFM Argus Spark Detection Quiet Control Panel Self-contained cleaning unit with rotating arm that continuously blows air into bags. All pipes available too. You with a custom frame that was built to elevate the dust collector from [\u2026]<\/p>","protected":false},"author":3,"featured_media":49305,"comment_status":"open","ping_status":"closed","template":"","meta":[],"product_cat":[3036],"product_tag":[],"acf":[],"yoast_head":"<!-- This site is optimized with the Yoast SEO plugin v16.8 - https:\/\/yoast.com\/wordpress\/plugins\/seo\/ -->\n<title>D\u00e9poussi\u00e9reur Simon Day 75 HP - Machineries BST<\/title>\n<meta name=\"robots\" content=\"index, follow, max-snippet:-1, max-image-preview:large, max-video-preview:-1\" \/>\n<link rel=\"canonical\" href=\"https:\/\/machineriesbst.com\/en\/catalogue\/depoussiereur-simon-day-75-hp\/\" \/>\n<meta property=\"og:locale\" content=\"en_US\" \/>\n<meta property=\"og:type\" content=\"article\" \/>\n<meta property=\"og:title\" content=\"D\u00e9poussi\u00e9reur Simon Day 75 HP - Machineries BST\" \/>\n<meta property=\"og:description\" content=\"Photohelica reader qui montre quand les sacs sont pleins. 25 000 CFM D\u00e9tection d&#039;\u00e9tincelles Argus Silencieux Panneau de commande Unit\u00e9 de nettoyage autonome avec bras rotatif qui souffle continuellement de l&#039;air dans des sacs. Toutes les tuyaux disponibles aussi. Vous avec un cadre personnalis\u00e9 qui a \u00e9t\u00e9 construit pour \u00e9lever le collecteur de poussi\u00e8re de [&hellip;]\" \/>\n<meta property=\"og:url\" content=\"https:\/\/machineriesbst.com\/en\/catalogue\/depoussiereur-simon-day-75-hp\/\" \/>\n<meta property=\"og:site_name\" content=\"Machineries BST\" \/>\n<meta property=\"article:modified_time\" content=\"2023-12-01T01:24:37+00:00\" \/>\n<meta property=\"og:image\" content=\"https:\/\/machineriesbst.com\/wp-content\/uploads\/2021\/05\/1-31.jpg\" \/>\n\t<meta property=\"og:image:width\" content=\"768\" \/>\n\t<meta property=\"og:image:height\" content=\"1024\" \/>\n<meta name=\"twitter:card\" content=\"summary_large_image\" \/>\n<script type=\"application\/ld+json\" class=\"yoast-schema-graph\">{\"@context\":\"https:\/\/schema.org\",\"@graph\":[{\"@type\":\"WebSite\",\"@id\":\"https:\/\/machineriesbst.com\/en\/#website\",\"url\":\"https:\/\/machineriesbst.com\/en\/\",\"name\":\"Machineries BST\",\"description\":\"Machines neuves &amp; usag\\u00e9es\",\"potentialAction\":[{\"@type\":\"SearchAction\",\"target\":{\"@type\":\"EntryPoint\",\"urlTemplate\":\"https:\/\/machineriesbst.com\/en\/?s={search_term_string}\"},\"query-input\":\"required name=search_term_string\"}],\"inLanguage\":\"en-US\"},{\"@type\":\"ImageObject\",\"@id\":\"https:\/\/machineriesbst.com\/en\/catalogue\/depoussiereur-simon-day-75-hp\/#primaryimage\",\"inLanguage\":\"en-US\",\"url\":\"https:\/\/machineriesbst.com\/wp-content\/uploads\/2021\/05\/1-31.jpg\",\"contentUrl\":\"https:\/\/machineriesbst.com\/wp-content\/uploads\/2021\/05\/1-31.jpg\",\"width\":768,\"height\":1024},{\"@type\":\"WebPage\",\"@id\":\"https:\/\/machineriesbst.com\/en\/catalogue\/depoussiereur-simon-day-75-hp\/#webpage\",\"url\":\"https:\/\/machineriesbst.com\/en\/catalogue\/depoussiereur-simon-day-75-hp\/\",\"name\":\"D\\u00e9poussi\\u00e9reur Simon Day 75 HP - Machineries BST\",\"isPartOf\":{\"@id\":\"https:\/\/machineriesbst.com\/en\/#website\"},\"primaryImageOfPage\":{\"@id\":\"https:\/\/machineriesbst.com\/en\/catalogue\/depoussiereur-simon-day-75-hp\/#primaryimage\"},\"datePublished\":\"2021-06-08T13:30:27+00:00\",\"dateModified\":\"2023-12-01T01:24:37+00:00\",\"breadcrumb\":{\"@id\":\"https:\/\/machineriesbst.com\/en\/catalogue\/depoussiereur-simon-day-75-hp\/#breadcrumb\"},\"inLanguage\":\"en-US\",\"potentialAction\":[{\"@type\":\"ReadAction\",\"target\":[\"https:\/\/machineriesbst.com\/en\/catalogue\/depoussiereur-simon-day-75-hp\/\"]}]},{\"@type\":\"BreadcrumbList\",\"@id\":\"https:\/\/machineriesbst.com\/en\/catalogue\/depoussiereur-simon-day-75-hp\/#breadcrumb\",\"itemListElement\":[{\"@type\":\"ListItem\",\"position\":1,\"name\":\"Accueil\",\"item\":\"https:\/\/machineriesbst.com\/en\/\"},{\"@type\":\"ListItem\",\"position\":2,\"name\":\"Catalogue\",\"item\":\"https:\/\/machineriesbst.com\/en\/catalog\/\"},{\"@type\":\"ListItem\",\"position\":3,\"name\":\"D\\u00e9poussi\\u00e9reur Simon Day 75 HP\"}]}]}<\/script>\n<!-- \/ Yoast SEO plugin. -->","yoast_head_json":{"title":"D\u00e9poussi\u00e9reur Simon Day 75 HP - Machineries BST","robots":{"index":"index","follow":"follow","max-snippet":"max-snippet:-1","max-image-preview":"max-image-preview:large","max-video-preview":"max-video-preview:-1"},"canonical":"https:\/\/machineriesbst.com\/en\/catalogue\/depoussiereur-simon-day-75-hp\/","og_locale":"en_US","og_type":"article","og_title":"D\u00e9poussi\u00e9reur Simon Day 75 HP - Machineries BST","og_description":"Photohelica reader qui montre quand les sacs sont pleins. 25 000 CFM D\u00e9tection d'\u00e9tincelles Argus Silencieux Panneau de commande Unit\u00e9 de nettoyage autonome avec bras rotatif qui souffle continuellement de l'air dans des sacs. Toutes les tuyaux disponibles aussi. Vous avec un cadre personnalis\u00e9 qui a \u00e9t\u00e9 construit pour \u00e9lever le collecteur de poussi\u00e8re de [&hellip;]","og_url":"https:\/\/machineriesbst.com\/en\/catalogue\/depoussiereur-simon-day-75-hp\/","og_site_name":"Machineries BST","article_modified_time":"2023-12-01T01:24:37+00:00","og_image":[{"width":768,"height":1024,"url":"https:\/\/machineriesbst.com\/wp-content\/uploads\/2021\/05\/1-31.jpg","path":"\/home\/jepeto\/public_html\/wp-content\/uploads\/2021\/05\/1-31.jpg","size":"full","id":49305,"alt":"","pixels":786432,"type":"image\/jpeg"}],"twitter_card":"summary_large_image","schema":{"@context":"https:\/\/schema.org","@graph":[{"@type":"WebSite","@id":"https:\/\/machineriesbst.com\/en\/#website","url":"https:\/\/machineriesbst.com\/en\/","name":"Machineries BST","description":"Machines neuves &amp; usag\u00e9es","potentialAction":[{"@type":"SearchAction","target":{"@type":"EntryPoint","urlTemplate":"https:\/\/machineriesbst.com\/en\/?s={search_term_string}"},"query-input":"required name=search_term_string"}],"inLanguage":"en-US"},{"@type":"ImageObject","@id":"https:\/\/machineriesbst.com\/en\/catalogue\/depoussiereur-simon-day-75-hp\/#primaryimage","inLanguage":"en-US","url":"https:\/\/machineriesbst.com\/wp-content\/uploads\/2021\/05\/1-31.jpg","contentUrl":"https:\/\/machineriesbst.com\/wp-content\/uploads\/2021\/05\/1-31.jpg","width":768,"height":1024},{"@type":"WebPage","@id":"https:\/\/machineriesbst.com\/en\/catalogue\/depoussiereur-simon-day-75-hp\/#webpage","url":"https:\/\/machineriesbst.com\/en\/catalogue\/depoussiereur-simon-day-75-hp\/","name":"D\u00e9poussi\u00e9reur Simon Day 75 HP - Machineries BST","isPartOf":{"@id":"https:\/\/machineriesbst.com\/en\/#website"},"primaryImageOfPage":{"@id":"https:\/\/machineriesbst.com\/en\/catalogue\/depoussiereur-simon-day-75-hp\/#primaryimage"},"datePublished":"2021-06-08T13:30:27+00:00","dateModified":"2023-12-01T01:24:37+00:00","breadcrumb":{"@id":"https:\/\/machineriesbst.com\/en\/catalogue\/depoussiereur-simon-day-75-hp\/#breadcrumb"},"inLanguage":"en-US","potentialAction":[{"@type":"ReadAction","target":["https:\/\/machineriesbst.com\/en\/catalogue\/depoussiereur-simon-day-75-hp\/"]}]},{"@type":"BreadcrumbList","@id":"https:\/\/machineriesbst.com\/en\/catalogue\/depoussiereur-simon-day-75-hp\/#breadcrumb","itemListElement":[{"@type":"ListItem","position":1,"name":"Accueil","item":"https:\/\/machineriesbst.com\/en\/"},{"@type":"ListItem","position":2,"name":"Catalogue","item":"https:\/\/machineriesbst.com\/en\/catalog\/"},{"@type":"ListItem","position":3,"name":"D\u00e9poussi\u00e9reur Simon Day 75 HP"}]}]}},"_links":{"self":[{"href":"https:\/\/machineriesbst.com\/en\/wp-json\/wp\/v2\/product\/57410"}],"collection":[{"href":"https:\/\/machineriesbst.com\/en\/wp-json\/wp\/v2\/product"}],"about":[{"href":"https:\/\/machineriesbst.com\/en\/wp-json\/wp\/v2\/types\/product"}],"author":[{"embeddable":true,"href":"https:\/\/machineriesbst.com\/en\/wp-json\/wp\/v2\/users\/3"}],"replies":[{"embeddable":true,"href":"https:\/\/machineriesbst.com\/en\/wp-json\/wp\/v2\/comments?post=57410"}],"wp:featuredmedia":[{"embeddable":true,"href":"https:\/\/machineriesbst.com\/en\/wp-json\/wp\/v2\/media\/49305"}],"wp:attachment":[{"href":"https:\/\/machineriesbst.com\/en\/wp-json\/wp\/v2\/media?parent=57410"}],"wp:term":[{"taxonomy":"product_cat","embeddable":true,"href":"https:\/\/machineriesbst.com\/en\/wp-json\/wp\/v2\/product_cat?post=57410"},{"taxonomy":"product_tag","embeddable":true,"href":"https:\/\/machineriesbst.com\/en\/wp-json\/wp\/v2\/product_tag?post=57410"}],"curies":[{"name":"wp","href":"https:\/\/api.w.org\/{rel}","templated":true}]}}