{"id":57408,"date":"2021-06-08T09:30:26","date_gmt":"2021-06-08T13:30:26","guid":{"rendered":"https:\/\/machineriesbst.com\/?post_type=product&#038;p=57408"},"modified":"2023-11-30T20:24:37","modified_gmt":"2023-12-01T01:24:37","slug":"koch-sprint-ptp-2-l","status":"publish","type":"product","link":"https:\/\/machineriesbst.com\/en\/catalogue\/koch-sprint-ptp-2-l\/","title":{"rendered":"Koch Sprint-PTP-2-L"},"content":{"rendered":"<ul>\n<li>The machine needs a computer update. We have a quote from Koch, which is available upon request.<\/li>\n<li>Fit for 8mm dowels and can also work with 6mm<\/li>\n<li>Head length 35 mm<\/li>\n<li>1 CNC horizontal drilling unit<\/li>\n<li>1 CNC horizontal control unit with vibrating storage hopper<\/li>\n<li>Workpiece dimensions {1 component at a time} (Y) 110-800 mm X (X) 20-2500 mm (Z) 13-40 mm<\/li>\n<li>Labor components (X) 2 at a time 1240 mm<\/li>\n<li>X axis speed 105M \/ M<\/li>\n<li>Total connected power 4Kw<\/li>\n<li>Bekhoff touch screen control interface<\/li>\n<li>Perforation unit, 9Kw And 7,200RPM - Rain pump<\/li>\n<li>Approximate Machine Weight 2,800KG (6173lbs)<\/li>\n<li>The approximate dimensions of the machine are 3500mm long X 1600mm deep X 2000mm high<\/li>\n<\/ul>","protected":false},"excerpt":{"rendered":"<p>The machine needs update by computer. We have a quote from Koch, which is available upon request. Set up for 8mm dowels and can also work with 6mm Head length 35mm 1 CNC Horizontal Drilling Unit 1 CNC Horizontal Control Unit [\u2026]<\/p>","protected":false},"author":3,"featured_media":49286,"comment_status":"open","ping_status":"closed","template":"","meta":[],"product_cat":[446,86],"product_tag":[],"acf":[],"yoast_head":"<!-- This site is optimized with the Yoast SEO plugin v16.8 - https:\/\/yoast.com\/wordpress\/plugins\/seo\/ -->\n<title>Koch Sprint-PTP-2-L - Machineries BST<\/title>\n<meta name=\"robots\" content=\"index, follow, max-snippet:-1, max-image-preview:large, max-video-preview:-1\" \/>\n<link rel=\"canonical\" href=\"https:\/\/machineriesbst.com\/en\/catalogue\/koch-sprint-ptp-2-l\/\" \/>\n<meta property=\"og:locale\" content=\"en_US\" \/>\n<meta property=\"og:type\" content=\"article\" \/>\n<meta property=\"og:title\" content=\"Koch Sprint-PTP-2-L - Machineries BST\" \/>\n<meta property=\"og:description\" content=\"La machine a besoin d&#039;une mise \u00e0 jour par ordinateur. Nous avons un devis de Koch, qui est disponible sur demande. Mise en place pour les chevilles de 8 mm et peut \u00e9galement fonctionner avec 6 mm Longueur de la t\u00eate 35 mm 1 Unit\u00e9 de forage horizontale CNC 1 Unit\u00e9 de commande horizontale CNC [&hellip;]\" \/>\n<meta property=\"og:url\" content=\"https:\/\/machineriesbst.com\/en\/catalogue\/koch-sprint-ptp-2-l\/\" \/>\n<meta property=\"og:site_name\" content=\"Machineries BST\" \/>\n<meta property=\"article:modified_time\" content=\"2023-12-01T01:24:37+00:00\" \/>\n<meta property=\"og:image\" content=\"https:\/\/machineriesbst.com\/wp-content\/uploads\/2021\/05\/1-29.jpg\" \/>\n\t<meta property=\"og:image:width\" content=\"1024\" \/>\n\t<meta property=\"og:image:height\" content=\"768\" \/>\n<meta name=\"twitter:card\" content=\"summary_large_image\" \/>\n<meta name=\"twitter:label1\" content=\"Est. reading time\" \/>\n\t<meta name=\"twitter:data1\" content=\"1 minute\" \/>\n<script type=\"application\/ld+json\" class=\"yoast-schema-graph\">{\"@context\":\"https:\/\/schema.org\",\"@graph\":[{\"@type\":\"WebSite\",\"@id\":\"https:\/\/machineriesbst.com\/en\/#website\",\"url\":\"https:\/\/machineriesbst.com\/en\/\",\"name\":\"Machineries BST\",\"description\":\"Machines neuves &amp; usag\\u00e9es\",\"potentialAction\":[{\"@type\":\"SearchAction\",\"target\":{\"@type\":\"EntryPoint\",\"urlTemplate\":\"https:\/\/machineriesbst.com\/en\/?s={search_term_string}\"},\"query-input\":\"required name=search_term_string\"}],\"inLanguage\":\"en-US\"},{\"@type\":\"ImageObject\",\"@id\":\"https:\/\/machineriesbst.com\/en\/catalogue\/koch-sprint-ptp-2-l\/#primaryimage\",\"inLanguage\":\"en-US\",\"url\":\"https:\/\/machineriesbst.com\/wp-content\/uploads\/2021\/05\/1-29.jpg\",\"contentUrl\":\"https:\/\/machineriesbst.com\/wp-content\/uploads\/2021\/05\/1-29.jpg\",\"width\":1024,\"height\":768},{\"@type\":\"WebPage\",\"@id\":\"https:\/\/machineriesbst.com\/en\/catalogue\/koch-sprint-ptp-2-l\/#webpage\",\"url\":\"https:\/\/machineriesbst.com\/en\/catalogue\/koch-sprint-ptp-2-l\/\",\"name\":\"Koch Sprint-PTP-2-L - Machineries BST\",\"isPartOf\":{\"@id\":\"https:\/\/machineriesbst.com\/en\/#website\"},\"primaryImageOfPage\":{\"@id\":\"https:\/\/machineriesbst.com\/en\/catalogue\/koch-sprint-ptp-2-l\/#primaryimage\"},\"datePublished\":\"2021-06-08T13:30:26+00:00\",\"dateModified\":\"2023-12-01T01:24:37+00:00\",\"breadcrumb\":{\"@id\":\"https:\/\/machineriesbst.com\/en\/catalogue\/koch-sprint-ptp-2-l\/#breadcrumb\"},\"inLanguage\":\"en-US\",\"potentialAction\":[{\"@type\":\"ReadAction\",\"target\":[\"https:\/\/machineriesbst.com\/en\/catalogue\/koch-sprint-ptp-2-l\/\"]}]},{\"@type\":\"BreadcrumbList\",\"@id\":\"https:\/\/machineriesbst.com\/en\/catalogue\/koch-sprint-ptp-2-l\/#breadcrumb\",\"itemListElement\":[{\"@type\":\"ListItem\",\"position\":1,\"name\":\"Accueil\",\"item\":\"https:\/\/machineriesbst.com\/en\/\"},{\"@type\":\"ListItem\",\"position\":2,\"name\":\"Catalogue\",\"item\":\"https:\/\/machineriesbst.com\/en\/catalog\/\"},{\"@type\":\"ListItem\",\"position\":3,\"name\":\"Koch Sprint-PTP-2-L\"}]}]}<\/script>\n<!-- \/ Yoast SEO plugin. -->","yoast_head_json":{"title":"Koch Sprint-PTP-2-L - Machineries BST","robots":{"index":"index","follow":"follow","max-snippet":"max-snippet:-1","max-image-preview":"max-image-preview:large","max-video-preview":"max-video-preview:-1"},"canonical":"https:\/\/machineriesbst.com\/en\/catalogue\/koch-sprint-ptp-2-l\/","og_locale":"en_US","og_type":"article","og_title":"Koch Sprint-PTP-2-L - Machineries BST","og_description":"La machine a besoin d'une mise \u00e0 jour par ordinateur. Nous avons un devis de Koch, qui est disponible sur demande. Mise en place pour les chevilles de 8 mm et peut \u00e9galement fonctionner avec 6 mm Longueur de la t\u00eate 35 mm 1 Unit\u00e9 de forage horizontale CNC 1 Unit\u00e9 de commande horizontale CNC [&hellip;]","og_url":"https:\/\/machineriesbst.com\/en\/catalogue\/koch-sprint-ptp-2-l\/","og_site_name":"Machineries BST","article_modified_time":"2023-12-01T01:24:37+00:00","og_image":[{"width":1024,"height":768,"url":"https:\/\/machineriesbst.com\/wp-content\/uploads\/2021\/05\/1-29.jpg","path":"\/home\/jepeto\/public_html\/wp-content\/uploads\/2021\/05\/1-29.jpg","size":"full","id":49286,"alt":"","pixels":786432,"type":"image\/jpeg"}],"twitter_card":"summary_large_image","twitter_misc":{"Est. reading time":"1 minute"},"schema":{"@context":"https:\/\/schema.org","@graph":[{"@type":"WebSite","@id":"https:\/\/machineriesbst.com\/en\/#website","url":"https:\/\/machineriesbst.com\/en\/","name":"Machineries BST","description":"Machines neuves &amp; usag\u00e9es","potentialAction":[{"@type":"SearchAction","target":{"@type":"EntryPoint","urlTemplate":"https:\/\/machineriesbst.com\/en\/?s={search_term_string}"},"query-input":"required name=search_term_string"}],"inLanguage":"en-US"},{"@type":"ImageObject","@id":"https:\/\/machineriesbst.com\/en\/catalogue\/koch-sprint-ptp-2-l\/#primaryimage","inLanguage":"en-US","url":"https:\/\/machineriesbst.com\/wp-content\/uploads\/2021\/05\/1-29.jpg","contentUrl":"https:\/\/machineriesbst.com\/wp-content\/uploads\/2021\/05\/1-29.jpg","width":1024,"height":768},{"@type":"WebPage","@id":"https:\/\/machineriesbst.com\/en\/catalogue\/koch-sprint-ptp-2-l\/#webpage","url":"https:\/\/machineriesbst.com\/en\/catalogue\/koch-sprint-ptp-2-l\/","name":"Koch Sprint-PTP-2-L - Machineries BST","isPartOf":{"@id":"https:\/\/machineriesbst.com\/en\/#website"},"primaryImageOfPage":{"@id":"https:\/\/machineriesbst.com\/en\/catalogue\/koch-sprint-ptp-2-l\/#primaryimage"},"datePublished":"2021-06-08T13:30:26+00:00","dateModified":"2023-12-01T01:24:37+00:00","breadcrumb":{"@id":"https:\/\/machineriesbst.com\/en\/catalogue\/koch-sprint-ptp-2-l\/#breadcrumb"},"inLanguage":"en-US","potentialAction":[{"@type":"ReadAction","target":["https:\/\/machineriesbst.com\/en\/catalogue\/koch-sprint-ptp-2-l\/"]}]},{"@type":"BreadcrumbList","@id":"https:\/\/machineriesbst.com\/en\/catalogue\/koch-sprint-ptp-2-l\/#breadcrumb","itemListElement":[{"@type":"ListItem","position":1,"name":"Accueil","item":"https:\/\/machineriesbst.com\/en\/"},{"@type":"ListItem","position":2,"name":"Catalogue","item":"https:\/\/machineriesbst.com\/en\/catalog\/"},{"@type":"ListItem","position":3,"name":"Koch Sprint-PTP-2-L"}]}]}},"_links":{"self":[{"href":"https:\/\/machineriesbst.com\/en\/wp-json\/wp\/v2\/product\/57408"}],"collection":[{"href":"https:\/\/machineriesbst.com\/en\/wp-json\/wp\/v2\/product"}],"about":[{"href":"https:\/\/machineriesbst.com\/en\/wp-json\/wp\/v2\/types\/product"}],"author":[{"embeddable":true,"href":"https:\/\/machineriesbst.com\/en\/wp-json\/wp\/v2\/users\/3"}],"replies":[{"embeddable":true,"href":"https:\/\/machineriesbst.com\/en\/wp-json\/wp\/v2\/comments?post=57408"}],"wp:featuredmedia":[{"embeddable":true,"href":"https:\/\/machineriesbst.com\/en\/wp-json\/wp\/v2\/media\/49286"}],"wp:attachment":[{"href":"https:\/\/machineriesbst.com\/en\/wp-json\/wp\/v2\/media?parent=57408"}],"wp:term":[{"taxonomy":"product_cat","embeddable":true,"href":"https:\/\/machineriesbst.com\/en\/wp-json\/wp\/v2\/product_cat?post=57408"},{"taxonomy":"product_tag","embeddable":true,"href":"https:\/\/machineriesbst.com\/en\/wp-json\/wp\/v2\/product_tag?post=57408"}],"curies":[{"name":"wp","href":"https:\/\/api.w.org\/{rel}","templated":true}]}}