{"id":57407,"date":"2021-06-08T09:30:26","date_gmt":"2021-06-08T13:30:26","guid":{"rendered":"https:\/\/machineriesbst.com\/?post_type=product&#038;p=57407"},"modified":"2023-11-30T20:24:37","modified_gmt":"2023-12-01T01:24:37","slug":"gannomat-index-200-ls","status":"publish","type":"product","link":"https:\/\/machineriesbst.com\/en\/catalogue\/gannomat-index-200-ls\/","title":{"rendered":"Gannomat Index 200 LS"},"content":{"rendered":"<p><strong>CNC controlled horizontal point insertion, gluing and anchor work center for absolute, incremental, variable (parametric) programming. <\/strong><\/p>\n<ul>\n<li>X-Axis is CNC controlled and rack and pinion driven for rapid acceleration \/ deceleration of the work unit<\/li>\n<li>The Y and Z axis are defined by mechanical digital counters.<\/li>\n<li>Total of (8) &quot;quick change&quot; pneumatic holdings.<\/li>\n<li>Horizontal anchor door and integrated drilling in (1) station;\n<ul>\n<li>The anchor drive unit is located next to the drilling station;<\/li>\n<li>Both units are mounted on (1) bracket. -<\/li>\n<li>The 3,000 \/ 5,000 \/ 8,000 RPM horizontal drill spindle can be configured for a length of 6-8mm or 10mm, 25-50mm.<\/li>\n<\/ul>\n<\/li>\n<li>The management position includes:\n<ul>\n<li>Vibrating hopper with drop device and outlet tube, insertion head and pipe with air impulse;<\/li>\n<li>The diameter of the mechanical anchor and the control of the ankle length prevent the insertion of oversized anchors;<\/li>\n<li>Installation for 8 mm in diameter.<\/li>\n<li>35 mm long anchors.<\/li>\n<li>The valve \/ chute quantity is software controlled and can be adjusted in milliseconds;<\/li>\n<li>2 separate standard 1-1 \/ 2 gallon stainless steel pressurized tubs for glue or water for an occasional rinse cycle.<\/li>\n<\/ul>\n<\/li>\n<\/ul>","protected":false},"excerpt":{"rendered":"<p>CNC controlled horizontal point insertion, gluing and dowel work center for absolute, incremental, variable (parametric) programming. X-Axis is CNC controlled and driven by rack and pinion for fast acceleration\/deceleration of work unit Y and Z axis are set by mechanical digital counters. Total [\u2026]<\/p>","protected":false},"author":3,"featured_media":49282,"comment_status":"open","ping_status":"closed","template":"","meta":[],"product_cat":[86],"product_tag":[],"acf":[],"yoast_head":"<!-- This site is optimized with the Yoast SEO plugin v16.8 - https:\/\/yoast.com\/wordpress\/plugins\/seo\/ -->\n<title>Gannomat Index 200 LS - Machineries BST<\/title>\n<meta name=\"robots\" content=\"index, follow, max-snippet:-1, max-image-preview:large, max-video-preview:-1\" \/>\n<link rel=\"canonical\" href=\"https:\/\/machineriesbst.com\/en\/catalogue\/gannomat-index-200-ls\/\" \/>\n<meta property=\"og:locale\" content=\"en_US\" \/>\n<meta property=\"og:type\" content=\"article\" \/>\n<meta property=\"og:title\" content=\"Gannomat Index 200 LS - Machineries BST\" \/>\n<meta property=\"og:description\" content=\"Centre de travail d&#039;insertion, de collage et de chevilles \u00e0 point horizontal contr\u00f4l\u00e9 par CNC pour la programmation absolue, incr\u00e9mentielle, variable (param\u00e9trique). X-Axis est command\u00e9 par CNC et pilot\u00e9 par rack et pignon pour une acc\u00e9l\u00e9ration \/ d\u00e9c\u00e9l\u00e9ration rapide de l&#039;unit\u00e9 de travail L&#039;axe Y et Z sont d\u00e9finis par des compteurs num\u00e9riques m\u00e9caniques. Total [&hellip;]\" \/>\n<meta property=\"og:url\" content=\"https:\/\/machineriesbst.com\/en\/catalogue\/gannomat-index-200-ls\/\" \/>\n<meta property=\"og:site_name\" content=\"Machineries BST\" \/>\n<meta property=\"article:modified_time\" content=\"2023-12-01T01:24:37+00:00\" \/>\n<meta property=\"og:image\" content=\"https:\/\/machineriesbst.com\/wp-content\/uploads\/2021\/05\/1-28.jpg\" \/>\n\t<meta property=\"og:image:width\" content=\"1024\" \/>\n\t<meta property=\"og:image:height\" content=\"768\" \/>\n<meta name=\"twitter:card\" content=\"summary_large_image\" \/>\n<meta name=\"twitter:label1\" content=\"Est. reading time\" \/>\n\t<meta name=\"twitter:data1\" content=\"1 minute\" \/>\n<script type=\"application\/ld+json\" class=\"yoast-schema-graph\">{\"@context\":\"https:\/\/schema.org\",\"@graph\":[{\"@type\":\"WebSite\",\"@id\":\"https:\/\/machineriesbst.com\/en\/#website\",\"url\":\"https:\/\/machineriesbst.com\/en\/\",\"name\":\"Machineries BST\",\"description\":\"Machines neuves &amp; usag\\u00e9es\",\"potentialAction\":[{\"@type\":\"SearchAction\",\"target\":{\"@type\":\"EntryPoint\",\"urlTemplate\":\"https:\/\/machineriesbst.com\/en\/?s={search_term_string}\"},\"query-input\":\"required name=search_term_string\"}],\"inLanguage\":\"en-US\"},{\"@type\":\"ImageObject\",\"@id\":\"https:\/\/machineriesbst.com\/en\/catalogue\/gannomat-index-200-ls\/#primaryimage\",\"inLanguage\":\"en-US\",\"url\":\"https:\/\/machineriesbst.com\/wp-content\/uploads\/2021\/05\/1-28.jpg\",\"contentUrl\":\"https:\/\/machineriesbst.com\/wp-content\/uploads\/2021\/05\/1-28.jpg\",\"width\":1024,\"height\":768},{\"@type\":\"WebPage\",\"@id\":\"https:\/\/machineriesbst.com\/en\/catalogue\/gannomat-index-200-ls\/#webpage\",\"url\":\"https:\/\/machineriesbst.com\/en\/catalogue\/gannomat-index-200-ls\/\",\"name\":\"Gannomat Index 200 LS - Machineries BST\",\"isPartOf\":{\"@id\":\"https:\/\/machineriesbst.com\/en\/#website\"},\"primaryImageOfPage\":{\"@id\":\"https:\/\/machineriesbst.com\/en\/catalogue\/gannomat-index-200-ls\/#primaryimage\"},\"datePublished\":\"2021-06-08T13:30:26+00:00\",\"dateModified\":\"2023-12-01T01:24:37+00:00\",\"breadcrumb\":{\"@id\":\"https:\/\/machineriesbst.com\/en\/catalogue\/gannomat-index-200-ls\/#breadcrumb\"},\"inLanguage\":\"en-US\",\"potentialAction\":[{\"@type\":\"ReadAction\",\"target\":[\"https:\/\/machineriesbst.com\/en\/catalogue\/gannomat-index-200-ls\/\"]}]},{\"@type\":\"BreadcrumbList\",\"@id\":\"https:\/\/machineriesbst.com\/en\/catalogue\/gannomat-index-200-ls\/#breadcrumb\",\"itemListElement\":[{\"@type\":\"ListItem\",\"position\":1,\"name\":\"Accueil\",\"item\":\"https:\/\/machineriesbst.com\/en\/\"},{\"@type\":\"ListItem\",\"position\":2,\"name\":\"Catalogue\",\"item\":\"https:\/\/machineriesbst.com\/en\/catalog\/\"},{\"@type\":\"ListItem\",\"position\":3,\"name\":\"Gannomat Index 200 LS\"}]}]}<\/script>\n<!-- \/ Yoast SEO plugin. -->","yoast_head_json":{"title":"Gannomat Index 200 LS - Machineries BST","robots":{"index":"index","follow":"follow","max-snippet":"max-snippet:-1","max-image-preview":"max-image-preview:large","max-video-preview":"max-video-preview:-1"},"canonical":"https:\/\/machineriesbst.com\/en\/catalogue\/gannomat-index-200-ls\/","og_locale":"en_US","og_type":"article","og_title":"Gannomat Index 200 LS - Machineries BST","og_description":"Centre de travail d'insertion, de collage et de chevilles \u00e0 point horizontal contr\u00f4l\u00e9 par CNC pour la programmation absolue, incr\u00e9mentielle, variable (param\u00e9trique). X-Axis est command\u00e9 par CNC et pilot\u00e9 par rack et pignon pour une acc\u00e9l\u00e9ration \/ d\u00e9c\u00e9l\u00e9ration rapide de l'unit\u00e9 de travail L'axe Y et Z sont d\u00e9finis par des compteurs num\u00e9riques m\u00e9caniques. Total [&hellip;]","og_url":"https:\/\/machineriesbst.com\/en\/catalogue\/gannomat-index-200-ls\/","og_site_name":"Machineries BST","article_modified_time":"2023-12-01T01:24:37+00:00","og_image":[{"width":1024,"height":768,"url":"https:\/\/machineriesbst.com\/wp-content\/uploads\/2021\/05\/1-28.jpg","path":"\/home\/jepeto\/public_html\/wp-content\/uploads\/2021\/05\/1-28.jpg","size":"full","id":49282,"alt":"","pixels":786432,"type":"image\/jpeg"}],"twitter_card":"summary_large_image","twitter_misc":{"Est. reading time":"1 minute"},"schema":{"@context":"https:\/\/schema.org","@graph":[{"@type":"WebSite","@id":"https:\/\/machineriesbst.com\/en\/#website","url":"https:\/\/machineriesbst.com\/en\/","name":"Machineries BST","description":"Machines neuves &amp; usag\u00e9es","potentialAction":[{"@type":"SearchAction","target":{"@type":"EntryPoint","urlTemplate":"https:\/\/machineriesbst.com\/en\/?s={search_term_string}"},"query-input":"required name=search_term_string"}],"inLanguage":"en-US"},{"@type":"ImageObject","@id":"https:\/\/machineriesbst.com\/en\/catalogue\/gannomat-index-200-ls\/#primaryimage","inLanguage":"en-US","url":"https:\/\/machineriesbst.com\/wp-content\/uploads\/2021\/05\/1-28.jpg","contentUrl":"https:\/\/machineriesbst.com\/wp-content\/uploads\/2021\/05\/1-28.jpg","width":1024,"height":768},{"@type":"WebPage","@id":"https:\/\/machineriesbst.com\/en\/catalogue\/gannomat-index-200-ls\/#webpage","url":"https:\/\/machineriesbst.com\/en\/catalogue\/gannomat-index-200-ls\/","name":"Gannomat Index 200 LS - Machineries BST","isPartOf":{"@id":"https:\/\/machineriesbst.com\/en\/#website"},"primaryImageOfPage":{"@id":"https:\/\/machineriesbst.com\/en\/catalogue\/gannomat-index-200-ls\/#primaryimage"},"datePublished":"2021-06-08T13:30:26+00:00","dateModified":"2023-12-01T01:24:37+00:00","breadcrumb":{"@id":"https:\/\/machineriesbst.com\/en\/catalogue\/gannomat-index-200-ls\/#breadcrumb"},"inLanguage":"en-US","potentialAction":[{"@type":"ReadAction","target":["https:\/\/machineriesbst.com\/en\/catalogue\/gannomat-index-200-ls\/"]}]},{"@type":"BreadcrumbList","@id":"https:\/\/machineriesbst.com\/en\/catalogue\/gannomat-index-200-ls\/#breadcrumb","itemListElement":[{"@type":"ListItem","position":1,"name":"Accueil","item":"https:\/\/machineriesbst.com\/en\/"},{"@type":"ListItem","position":2,"name":"Catalogue","item":"https:\/\/machineriesbst.com\/en\/catalog\/"},{"@type":"ListItem","position":3,"name":"Gannomat Index 200 LS"}]}]}},"_links":{"self":[{"href":"https:\/\/machineriesbst.com\/en\/wp-json\/wp\/v2\/product\/57407"}],"collection":[{"href":"https:\/\/machineriesbst.com\/en\/wp-json\/wp\/v2\/product"}],"about":[{"href":"https:\/\/machineriesbst.com\/en\/wp-json\/wp\/v2\/types\/product"}],"author":[{"embeddable":true,"href":"https:\/\/machineriesbst.com\/en\/wp-json\/wp\/v2\/users\/3"}],"replies":[{"embeddable":true,"href":"https:\/\/machineriesbst.com\/en\/wp-json\/wp\/v2\/comments?post=57407"}],"wp:featuredmedia":[{"embeddable":true,"href":"https:\/\/machineriesbst.com\/en\/wp-json\/wp\/v2\/media\/49282"}],"wp:attachment":[{"href":"https:\/\/machineriesbst.com\/en\/wp-json\/wp\/v2\/media?parent=57407"}],"wp:term":[{"taxonomy":"product_cat","embeddable":true,"href":"https:\/\/machineriesbst.com\/en\/wp-json\/wp\/v2\/product_cat?post=57407"},{"taxonomy":"product_tag","embeddable":true,"href":"https:\/\/machineriesbst.com\/en\/wp-json\/wp\/v2\/product_tag?post=57407"}],"curies":[{"name":"wp","href":"https:\/\/api.w.org\/{rel}","templated":true}]}}