{"id":57399,"date":"2021-06-08T09:30:24","date_gmt":"2021-06-08T13:30:24","guid":{"rendered":"https:\/\/machineriesbst.com\/?post_type=product&#038;p=57399"},"modified":"2023-11-30T20:24:37","modified_gmt":"2023-12-01T01:24:37","slug":"perceuse-biesse-fse-1998","status":"publish","type":"product","link":"https:\/\/machineriesbst.com\/en\/catalogue\/perceuse-biesse-fse-1998\/","title":{"rendered":"Biesse FSE 1998 drill"},"content":{"rendered":"<p>21 32 mm system chucks. 6 injectors. Diameter of the studs: 8 and 10 mmm. Stud length: 25 to 50mm. 4 pneumatic presser feet. Max drilling depth: 70mm. Digital depth display. Glue tank. CNI control panel. Hydraulic brake to adjust drilling speed 2.3 HP - 4,000 RPM. Pedal to the feet.<\/p>","protected":false},"excerpt":{"rendered":"<p>21 32 mm system chucks. 6 injectors. Diameter of the studs: 8 and 10 mmm. Stud length: 25 to 50mm. 4 pneumatic presser feet. Max drilling depth: 70mm. Digital depth display. Glue tank. CNI control panel. Hydraulic brake to adjust drilling speed 2.3 HP - 4,000 RPM. [\u2026]<\/p>","protected":false},"author":3,"featured_media":49244,"comment_status":"open","ping_status":"closed","template":"","meta":[],"product_cat":[86],"product_tag":[],"acf":[],"yoast_head":"<!-- This site is optimized with the Yoast SEO plugin v16.8 - https:\/\/yoast.com\/wordpress\/plugins\/seo\/ -->\n<title>Perceuse Biesse FSE 1998 - Machineries BST<\/title>\n<meta name=\"robots\" content=\"index, follow, max-snippet:-1, max-image-preview:large, max-video-preview:-1\" \/>\n<link rel=\"canonical\" href=\"https:\/\/machineriesbst.com\/en\/catalogue\/perceuse-biesse-fse-1998\/\" \/>\n<meta property=\"og:locale\" content=\"en_US\" \/>\n<meta property=\"og:type\" content=\"article\" \/>\n<meta property=\"og:title\" content=\"Perceuse Biesse FSE 1998 - Machineries BST\" \/>\n<meta property=\"og:description\" content=\"21 mandrins syst\u00e8me 32 mm.\u00a06 injecteurs. Diam\u00e8tre des goujons : 8 et 10 mmm. Longueur des goujons : 25 \u00e0 50mm. 4 pieds presseur pneumatique. Profondeur de per\u00e7age max : 70mm. \u00c9cran \u00a0digital de profondeur. \u00a0R\u00e9servoir \u00e0 colle. Panneau de contr\u00f4le CNI. Frein hydraulique pour ajust\u00e9 la vitesse de per\u00e7age \u00a02.3 HP - 4,000 RPM. [&hellip;]\" \/>\n<meta property=\"og:url\" content=\"https:\/\/machineriesbst.com\/en\/catalogue\/perceuse-biesse-fse-1998\/\" \/>\n<meta property=\"og:site_name\" content=\"Machineries BST\" \/>\n<meta property=\"article:modified_time\" content=\"2023-12-01T01:24:37+00:00\" \/>\n<meta property=\"og:image\" content=\"https:\/\/machineriesbst.com\/wp-content\/uploads\/2021\/05\/Gougeonneuse-FSE-4-1.jpg\" \/>\n\t<meta property=\"og:image:width\" content=\"324\" \/>\n\t<meta property=\"og:image:height\" content=\"478\" \/>\n<meta name=\"twitter:card\" content=\"summary_large_image\" \/>\n<script type=\"application\/ld+json\" class=\"yoast-schema-graph\">{\"@context\":\"https:\/\/schema.org\",\"@graph\":[{\"@type\":\"WebSite\",\"@id\":\"https:\/\/machineriesbst.com\/en\/#website\",\"url\":\"https:\/\/machineriesbst.com\/en\/\",\"name\":\"Machineries BST\",\"description\":\"Machines neuves &amp; usag\\u00e9es\",\"potentialAction\":[{\"@type\":\"SearchAction\",\"target\":{\"@type\":\"EntryPoint\",\"urlTemplate\":\"https:\/\/machineriesbst.com\/en\/?s={search_term_string}\"},\"query-input\":\"required name=search_term_string\"}],\"inLanguage\":\"en-US\"},{\"@type\":\"ImageObject\",\"@id\":\"https:\/\/machineriesbst.com\/en\/catalogue\/perceuse-biesse-fse-1998\/#primaryimage\",\"inLanguage\":\"en-US\",\"url\":\"https:\/\/machineriesbst.com\/wp-content\/uploads\/2021\/05\/Gougeonneuse-FSE-4-1.jpg\",\"contentUrl\":\"https:\/\/machineriesbst.com\/wp-content\/uploads\/2021\/05\/Gougeonneuse-FSE-4-1.jpg\",\"width\":324,\"height\":478},{\"@type\":\"WebPage\",\"@id\":\"https:\/\/machineriesbst.com\/en\/catalogue\/perceuse-biesse-fse-1998\/#webpage\",\"url\":\"https:\/\/machineriesbst.com\/en\/catalogue\/perceuse-biesse-fse-1998\/\",\"name\":\"Perceuse Biesse FSE 1998 - Machineries BST\",\"isPartOf\":{\"@id\":\"https:\/\/machineriesbst.com\/en\/#website\"},\"primaryImageOfPage\":{\"@id\":\"https:\/\/machineriesbst.com\/en\/catalogue\/perceuse-biesse-fse-1998\/#primaryimage\"},\"datePublished\":\"2021-06-08T13:30:24+00:00\",\"dateModified\":\"2023-12-01T01:24:37+00:00\",\"breadcrumb\":{\"@id\":\"https:\/\/machineriesbst.com\/en\/catalogue\/perceuse-biesse-fse-1998\/#breadcrumb\"},\"inLanguage\":\"en-US\",\"potentialAction\":[{\"@type\":\"ReadAction\",\"target\":[\"https:\/\/machineriesbst.com\/en\/catalogue\/perceuse-biesse-fse-1998\/\"]}]},{\"@type\":\"BreadcrumbList\",\"@id\":\"https:\/\/machineriesbst.com\/en\/catalogue\/perceuse-biesse-fse-1998\/#breadcrumb\",\"itemListElement\":[{\"@type\":\"ListItem\",\"position\":1,\"name\":\"Accueil\",\"item\":\"https:\/\/machineriesbst.com\/en\/\"},{\"@type\":\"ListItem\",\"position\":2,\"name\":\"Catalogue\",\"item\":\"https:\/\/machineriesbst.com\/en\/catalog\/\"},{\"@type\":\"ListItem\",\"position\":3,\"name\":\"Perceuse Biesse FSE 1998\"}]}]}<\/script>\n<!-- \/ Yoast SEO plugin. -->","yoast_head_json":{"title":"Perceuse Biesse FSE 1998 - Machineries BST","robots":{"index":"index","follow":"follow","max-snippet":"max-snippet:-1","max-image-preview":"max-image-preview:large","max-video-preview":"max-video-preview:-1"},"canonical":"https:\/\/machineriesbst.com\/en\/catalogue\/perceuse-biesse-fse-1998\/","og_locale":"en_US","og_type":"article","og_title":"Perceuse Biesse FSE 1998 - Machineries BST","og_description":"21 mandrins syst\u00e8me 32 mm.\u00a06 injecteurs. Diam\u00e8tre des goujons : 8 et 10 mmm. Longueur des goujons : 25 \u00e0 50mm. 4 pieds presseur pneumatique. Profondeur de per\u00e7age max : 70mm. \u00c9cran \u00a0digital de profondeur. \u00a0R\u00e9servoir \u00e0 colle. Panneau de contr\u00f4le CNI. Frein hydraulique pour ajust\u00e9 la vitesse de per\u00e7age \u00a02.3 HP - 4,000 RPM. [&hellip;]","og_url":"https:\/\/machineriesbst.com\/en\/catalogue\/perceuse-biesse-fse-1998\/","og_site_name":"Machineries BST","article_modified_time":"2023-12-01T01:24:37+00:00","og_image":[{"width":324,"height":478,"url":"https:\/\/machineriesbst.com\/wp-content\/uploads\/2021\/05\/Gougeonneuse-FSE-4-1.jpg","path":"\/home\/jepeto\/public_html\/wp-content\/uploads\/2021\/05\/Gougeonneuse-FSE-4-1.jpg","size":"full","id":49244,"alt":"","pixels":154872,"type":"image\/jpeg"}],"twitter_card":"summary_large_image","schema":{"@context":"https:\/\/schema.org","@graph":[{"@type":"WebSite","@id":"https:\/\/machineriesbst.com\/en\/#website","url":"https:\/\/machineriesbst.com\/en\/","name":"Machineries BST","description":"Machines neuves &amp; usag\u00e9es","potentialAction":[{"@type":"SearchAction","target":{"@type":"EntryPoint","urlTemplate":"https:\/\/machineriesbst.com\/en\/?s={search_term_string}"},"query-input":"required name=search_term_string"}],"inLanguage":"en-US"},{"@type":"ImageObject","@id":"https:\/\/machineriesbst.com\/en\/catalogue\/perceuse-biesse-fse-1998\/#primaryimage","inLanguage":"en-US","url":"https:\/\/machineriesbst.com\/wp-content\/uploads\/2021\/05\/Gougeonneuse-FSE-4-1.jpg","contentUrl":"https:\/\/machineriesbst.com\/wp-content\/uploads\/2021\/05\/Gougeonneuse-FSE-4-1.jpg","width":324,"height":478},{"@type":"WebPage","@id":"https:\/\/machineriesbst.com\/en\/catalogue\/perceuse-biesse-fse-1998\/#webpage","url":"https:\/\/machineriesbst.com\/en\/catalogue\/perceuse-biesse-fse-1998\/","name":"Perceuse Biesse FSE 1998 - Machineries BST","isPartOf":{"@id":"https:\/\/machineriesbst.com\/en\/#website"},"primaryImageOfPage":{"@id":"https:\/\/machineriesbst.com\/en\/catalogue\/perceuse-biesse-fse-1998\/#primaryimage"},"datePublished":"2021-06-08T13:30:24+00:00","dateModified":"2023-12-01T01:24:37+00:00","breadcrumb":{"@id":"https:\/\/machineriesbst.com\/en\/catalogue\/perceuse-biesse-fse-1998\/#breadcrumb"},"inLanguage":"en-US","potentialAction":[{"@type":"ReadAction","target":["https:\/\/machineriesbst.com\/en\/catalogue\/perceuse-biesse-fse-1998\/"]}]},{"@type":"BreadcrumbList","@id":"https:\/\/machineriesbst.com\/en\/catalogue\/perceuse-biesse-fse-1998\/#breadcrumb","itemListElement":[{"@type":"ListItem","position":1,"name":"Accueil","item":"https:\/\/machineriesbst.com\/en\/"},{"@type":"ListItem","position":2,"name":"Catalogue","item":"https:\/\/machineriesbst.com\/en\/catalog\/"},{"@type":"ListItem","position":3,"name":"Perceuse Biesse FSE 1998"}]}]}},"_links":{"self":[{"href":"https:\/\/machineriesbst.com\/en\/wp-json\/wp\/v2\/product\/57399"}],"collection":[{"href":"https:\/\/machineriesbst.com\/en\/wp-json\/wp\/v2\/product"}],"about":[{"href":"https:\/\/machineriesbst.com\/en\/wp-json\/wp\/v2\/types\/product"}],"author":[{"embeddable":true,"href":"https:\/\/machineriesbst.com\/en\/wp-json\/wp\/v2\/users\/3"}],"replies":[{"embeddable":true,"href":"https:\/\/machineriesbst.com\/en\/wp-json\/wp\/v2\/comments?post=57399"}],"wp:featuredmedia":[{"embeddable":true,"href":"https:\/\/machineriesbst.com\/en\/wp-json\/wp\/v2\/media\/49244"}],"wp:attachment":[{"href":"https:\/\/machineriesbst.com\/en\/wp-json\/wp\/v2\/media?parent=57399"}],"wp:term":[{"taxonomy":"product_cat","embeddable":true,"href":"https:\/\/machineriesbst.com\/en\/wp-json\/wp\/v2\/product_cat?post=57399"},{"taxonomy":"product_tag","embeddable":true,"href":"https:\/\/machineriesbst.com\/en\/wp-json\/wp\/v2\/product_tag?post=57399"}],"curies":[{"name":"wp","href":"https:\/\/api.w.org\/{rel}","templated":true}]}}