{"id":57389,"date":"2021-06-08T09:29:59","date_gmt":"2021-06-08T13:29:59","guid":{"rendered":"https:\/\/machineriesbst.com\/?post_type=product&#038;p=57389"},"modified":"2023-11-30T20:24:37","modified_gmt":"2023-12-01T01:24:37","slug":"presse-a-poutrelle-space-posi-trust","status":"publish","type":"product","link":"https:\/\/machineriesbst.com\/en\/catalogue\/presse-a-poutrelle-space-posi-trust\/","title":{"rendered":"Joist press - Space Posi-Trust"},"content":{"rendered":"<p>40ft Joist Press for Spacejoist \/ Posi-strut Metal V or Wood Floor Trust<\/p>","protected":false},"excerpt":{"rendered":"<p>40ft Joist Press for Spacejoist \/ Posi-strut Metal V or Wood Floor Trust<\/p>","protected":false},"author":3,"featured_media":49231,"comment_status":"open","ping_status":"closed","template":"","meta":[],"product_cat":[381],"product_tag":[],"acf":[],"yoast_head":"<!-- This site is optimized with the Yoast SEO plugin v16.8 - https:\/\/yoast.com\/wordpress\/plugins\/seo\/ -->\n<title>Presse \u00e0 poutrelle - Space Posi-Trust - Machineries BST<\/title>\n<meta name=\"robots\" content=\"index, follow, max-snippet:-1, max-image-preview:large, max-video-preview:-1\" \/>\n<link rel=\"canonical\" href=\"https:\/\/machineriesbst.com\/en\/catalogue\/presse-a-poutrelle-space-posi-trust\/\" \/>\n<meta property=\"og:locale\" content=\"en_US\" \/>\n<meta property=\"og:type\" content=\"article\" \/>\n<meta property=\"og:title\" content=\"Presse \u00e0 poutrelle - Space Posi-Trust - Machineries BST\" \/>\n<meta property=\"og:description\" content=\"Presse \u00e0 poutrelle de 40pi pour V en m\u00e9tal Spacejoist\/Posi-strut ou trust de plancher en bois\" \/>\n<meta property=\"og:url\" content=\"https:\/\/machineriesbst.com\/en\/catalogue\/presse-a-poutrelle-space-posi-trust\/\" \/>\n<meta property=\"og:site_name\" content=\"Machineries BST\" \/>\n<meta property=\"article:modified_time\" content=\"2023-12-01T01:24:37+00:00\" \/>\n<meta property=\"og:image\" content=\"https:\/\/machineriesbst.com\/wp-content\/uploads\/2021\/05\/3645_1.jpg\" \/>\n\t<meta property=\"og:image:width\" content=\"300\" \/>\n\t<meta property=\"og:image:height\" content=\"225\" \/>\n<meta name=\"twitter:card\" content=\"summary_large_image\" \/>\n<script type=\"application\/ld+json\" class=\"yoast-schema-graph\">{\"@context\":\"https:\/\/schema.org\",\"@graph\":[{\"@type\":\"WebSite\",\"@id\":\"https:\/\/machineriesbst.com\/en\/#website\",\"url\":\"https:\/\/machineriesbst.com\/en\/\",\"name\":\"Machineries BST\",\"description\":\"Machines neuves &amp; usag\\u00e9es\",\"potentialAction\":[{\"@type\":\"SearchAction\",\"target\":{\"@type\":\"EntryPoint\",\"urlTemplate\":\"https:\/\/machineriesbst.com\/en\/?s={search_term_string}\"},\"query-input\":\"required name=search_term_string\"}],\"inLanguage\":\"en-US\"},{\"@type\":\"ImageObject\",\"@id\":\"https:\/\/machineriesbst.com\/en\/catalogue\/presse-a-poutrelle-space-posi-trust\/#primaryimage\",\"inLanguage\":\"en-US\",\"url\":\"https:\/\/machineriesbst.com\/wp-content\/uploads\/2021\/05\/3645_1.jpg\",\"contentUrl\":\"https:\/\/machineriesbst.com\/wp-content\/uploads\/2021\/05\/3645_1.jpg\",\"width\":300,\"height\":225},{\"@type\":\"WebPage\",\"@id\":\"https:\/\/machineriesbst.com\/en\/catalogue\/presse-a-poutrelle-space-posi-trust\/#webpage\",\"url\":\"https:\/\/machineriesbst.com\/en\/catalogue\/presse-a-poutrelle-space-posi-trust\/\",\"name\":\"Presse \\u00e0 poutrelle - Space Posi-Trust - Machineries BST\",\"isPartOf\":{\"@id\":\"https:\/\/machineriesbst.com\/en\/#website\"},\"primaryImageOfPage\":{\"@id\":\"https:\/\/machineriesbst.com\/en\/catalogue\/presse-a-poutrelle-space-posi-trust\/#primaryimage\"},\"datePublished\":\"2021-06-08T13:29:59+00:00\",\"dateModified\":\"2023-12-01T01:24:37+00:00\",\"breadcrumb\":{\"@id\":\"https:\/\/machineriesbst.com\/en\/catalogue\/presse-a-poutrelle-space-posi-trust\/#breadcrumb\"},\"inLanguage\":\"en-US\",\"potentialAction\":[{\"@type\":\"ReadAction\",\"target\":[\"https:\/\/machineriesbst.com\/en\/catalogue\/presse-a-poutrelle-space-posi-trust\/\"]}]},{\"@type\":\"BreadcrumbList\",\"@id\":\"https:\/\/machineriesbst.com\/en\/catalogue\/presse-a-poutrelle-space-posi-trust\/#breadcrumb\",\"itemListElement\":[{\"@type\":\"ListItem\",\"position\":1,\"name\":\"Accueil\",\"item\":\"https:\/\/machineriesbst.com\/en\/\"},{\"@type\":\"ListItem\",\"position\":2,\"name\":\"Catalogue\",\"item\":\"https:\/\/machineriesbst.com\/en\/catalog\/\"},{\"@type\":\"ListItem\",\"position\":3,\"name\":\"Presse \\u00e0 poutrelle - Space Posi-Trust\"}]}]}<\/script>\n<!-- \/ Yoast SEO plugin. -->","yoast_head_json":{"title":"Presse \u00e0 poutrelle - Space Posi-Trust - Machineries BST","robots":{"index":"index","follow":"follow","max-snippet":"max-snippet:-1","max-image-preview":"max-image-preview:large","max-video-preview":"max-video-preview:-1"},"canonical":"https:\/\/machineriesbst.com\/en\/catalogue\/presse-a-poutrelle-space-posi-trust\/","og_locale":"en_US","og_type":"article","og_title":"Presse \u00e0 poutrelle - Space Posi-Trust - Machineries BST","og_description":"Presse \u00e0 poutrelle de 40pi pour V en m\u00e9tal Spacejoist\/Posi-strut ou trust de plancher en bois","og_url":"https:\/\/machineriesbst.com\/en\/catalogue\/presse-a-poutrelle-space-posi-trust\/","og_site_name":"Machineries BST","article_modified_time":"2023-12-01T01:24:37+00:00","og_image":[{"width":300,"height":225,"url":"https:\/\/machineriesbst.com\/wp-content\/uploads\/2021\/05\/3645_1.jpg","path":"\/home\/jepeto\/public_html\/wp-content\/uploads\/2021\/05\/3645_1.jpg","size":"full","id":49231,"alt":"","pixels":67500,"type":"image\/jpeg"}],"twitter_card":"summary_large_image","schema":{"@context":"https:\/\/schema.org","@graph":[{"@type":"WebSite","@id":"https:\/\/machineriesbst.com\/en\/#website","url":"https:\/\/machineriesbst.com\/en\/","name":"Machineries BST","description":"Machines neuves &amp; usag\u00e9es","potentialAction":[{"@type":"SearchAction","target":{"@type":"EntryPoint","urlTemplate":"https:\/\/machineriesbst.com\/en\/?s={search_term_string}"},"query-input":"required name=search_term_string"}],"inLanguage":"en-US"},{"@type":"ImageObject","@id":"https:\/\/machineriesbst.com\/en\/catalogue\/presse-a-poutrelle-space-posi-trust\/#primaryimage","inLanguage":"en-US","url":"https:\/\/machineriesbst.com\/wp-content\/uploads\/2021\/05\/3645_1.jpg","contentUrl":"https:\/\/machineriesbst.com\/wp-content\/uploads\/2021\/05\/3645_1.jpg","width":300,"height":225},{"@type":"WebPage","@id":"https:\/\/machineriesbst.com\/en\/catalogue\/presse-a-poutrelle-space-posi-trust\/#webpage","url":"https:\/\/machineriesbst.com\/en\/catalogue\/presse-a-poutrelle-space-posi-trust\/","name":"Presse \u00e0 poutrelle - Space Posi-Trust - Machineries BST","isPartOf":{"@id":"https:\/\/machineriesbst.com\/en\/#website"},"primaryImageOfPage":{"@id":"https:\/\/machineriesbst.com\/en\/catalogue\/presse-a-poutrelle-space-posi-trust\/#primaryimage"},"datePublished":"2021-06-08T13:29:59+00:00","dateModified":"2023-12-01T01:24:37+00:00","breadcrumb":{"@id":"https:\/\/machineriesbst.com\/en\/catalogue\/presse-a-poutrelle-space-posi-trust\/#breadcrumb"},"inLanguage":"en-US","potentialAction":[{"@type":"ReadAction","target":["https:\/\/machineriesbst.com\/en\/catalogue\/presse-a-poutrelle-space-posi-trust\/"]}]},{"@type":"BreadcrumbList","@id":"https:\/\/machineriesbst.com\/en\/catalogue\/presse-a-poutrelle-space-posi-trust\/#breadcrumb","itemListElement":[{"@type":"ListItem","position":1,"name":"Accueil","item":"https:\/\/machineriesbst.com\/en\/"},{"@type":"ListItem","position":2,"name":"Catalogue","item":"https:\/\/machineriesbst.com\/en\/catalog\/"},{"@type":"ListItem","position":3,"name":"Presse \u00e0 poutrelle - Space Posi-Trust"}]}]}},"_links":{"self":[{"href":"https:\/\/machineriesbst.com\/en\/wp-json\/wp\/v2\/product\/57389"}],"collection":[{"href":"https:\/\/machineriesbst.com\/en\/wp-json\/wp\/v2\/product"}],"about":[{"href":"https:\/\/machineriesbst.com\/en\/wp-json\/wp\/v2\/types\/product"}],"author":[{"embeddable":true,"href":"https:\/\/machineriesbst.com\/en\/wp-json\/wp\/v2\/users\/3"}],"replies":[{"embeddable":true,"href":"https:\/\/machineriesbst.com\/en\/wp-json\/wp\/v2\/comments?post=57389"}],"wp:featuredmedia":[{"embeddable":true,"href":"https:\/\/machineriesbst.com\/en\/wp-json\/wp\/v2\/media\/49231"}],"wp:attachment":[{"href":"https:\/\/machineriesbst.com\/en\/wp-json\/wp\/v2\/media?parent=57389"}],"wp:term":[{"taxonomy":"product_cat","embeddable":true,"href":"https:\/\/machineriesbst.com\/en\/wp-json\/wp\/v2\/product_cat?post=57389"},{"taxonomy":"product_tag","embeddable":true,"href":"https:\/\/machineriesbst.com\/en\/wp-json\/wp\/v2\/product_tag?post=57389"}],"curies":[{"name":"wp","href":"https:\/\/api.w.org\/{rel}","templated":true}]}}