{"id":57374,"date":"2021-06-08T09:29:33","date_gmt":"2021-06-08T13:29:33","guid":{"rendered":"https:\/\/machineriesbst.com\/?post_type=product&#038;p=57374"},"modified":"2023-11-30T20:24:37","modified_gmt":"2023-12-01T01:24:37","slug":"perceuse-multiple-cnc-alberti","status":"publish","type":"product","link":"https:\/\/machineriesbst.com\/en\/catalogue\/perceuse-multiple-cnc-alberti\/","title":{"rendered":"Alberti CNC Multiple Drilling Machine"},"content":{"rendered":"<p>Vector alberti CN<\/p>\n<p>Year: 2005<\/p>\n<p>ISO30 machining and drilling center<\/p>\n<p>Automatic tool change (ATC: 4)<\/p>\n<p>Two drill heads each with 18 vertical bits and 3 horizontal bits per head<\/p>\n<p>48 &#39;&#39; continuous loading capacity in x and y<\/p>\n<p>2.8HP motor and 2850 RPM for drilling<\/p>\n<p>9HP and RPM min of 9000 and max 18000 for the ISO30 head for machining<\/p>\n<p>#serie: 13046<\/p>","protected":false},"excerpt":{"rendered":"<p>Vector alberti CN Year: 2005 ISO30 machining and drilling center Automatic tool change (ATC: 4) Two drill heads with each of 18 vertical bits and 3 horizontal bits per head continuous loading capacity in x and 48 in in y motor of 2.8HP and RPM of 2850 for drilling 9HP and RPM min [\u2026]<\/p>","protected":false},"author":3,"featured_media":49195,"comment_status":"open","ping_status":"closed","template":"","meta":[],"product_cat":[86],"product_tag":[],"acf":[],"yoast_head":"<!-- This site is optimized with the Yoast SEO plugin v16.8 - https:\/\/yoast.com\/wordpress\/plugins\/seo\/ -->\n<title>Perceuse Multiple CNC Alberti - Machineries BST<\/title>\n<meta name=\"robots\" content=\"index, follow, max-snippet:-1, max-image-preview:large, max-video-preview:-1\" \/>\n<link rel=\"canonical\" href=\"https:\/\/machineriesbst.com\/en\/catalogue\/perceuse-multiple-cnc-alberti\/\" \/>\n<meta property=\"og:locale\" content=\"en_US\" \/>\n<meta property=\"og:type\" content=\"article\" \/>\n<meta property=\"og:title\" content=\"Perceuse Multiple CNC Alberti - Machineries BST\" \/>\n<meta property=\"og:description\" content=\"Vector alberti CN Ann\u00e9e : 2005 Centre d&#039;usinage ISO30\u00a0et de per\u00e7age Changement d&#039;outil automatique (ATC:4) Deux t\u00e8te de per\u00e7age avec chacune de 18 meche verticale et 3 m\u00e8ches horizontale par t\u00eate capacit\u00e9 de chargement continu en x\u00a0 et de 48 po en y moteur de 2.8HP\u00a0et RPM de 2850 pour\u00a0\u00a0le per\u00e7age 9HP et RPM min [&hellip;]\" \/>\n<meta property=\"og:url\" content=\"https:\/\/machineriesbst.com\/en\/catalogue\/perceuse-multiple-cnc-alberti\/\" \/>\n<meta property=\"og:site_name\" content=\"Machineries BST\" \/>\n<meta property=\"article:modified_time\" content=\"2023-12-01T01:24:37+00:00\" \/>\n<meta property=\"og:image\" content=\"https:\/\/machineriesbst.com\/wp-content\/uploads\/2021\/05\/Vector6-scaled.jpg\" \/>\n\t<meta property=\"og:image:width\" content=\"2560\" \/>\n\t<meta property=\"og:image:height\" content=\"1912\" \/>\n<meta name=\"twitter:card\" content=\"summary_large_image\" \/>\n<script type=\"application\/ld+json\" class=\"yoast-schema-graph\">{\"@context\":\"https:\/\/schema.org\",\"@graph\":[{\"@type\":\"WebSite\",\"@id\":\"https:\/\/machineriesbst.com\/en\/#website\",\"url\":\"https:\/\/machineriesbst.com\/en\/\",\"name\":\"Machineries BST\",\"description\":\"Machines neuves &amp; usag\\u00e9es\",\"potentialAction\":[{\"@type\":\"SearchAction\",\"target\":{\"@type\":\"EntryPoint\",\"urlTemplate\":\"https:\/\/machineriesbst.com\/en\/?s={search_term_string}\"},\"query-input\":\"required name=search_term_string\"}],\"inLanguage\":\"en-US\"},{\"@type\":\"ImageObject\",\"@id\":\"https:\/\/machineriesbst.com\/en\/catalogue\/perceuse-multiple-cnc-alberti\/#primaryimage\",\"inLanguage\":\"en-US\",\"url\":\"https:\/\/machineriesbst.com\/wp-content\/uploads\/2021\/05\/Vector6-scaled.jpg\",\"contentUrl\":\"https:\/\/machineriesbst.com\/wp-content\/uploads\/2021\/05\/Vector6-scaled.jpg\",\"width\":2560,\"height\":1912},{\"@type\":\"WebPage\",\"@id\":\"https:\/\/machineriesbst.com\/en\/catalogue\/perceuse-multiple-cnc-alberti\/#webpage\",\"url\":\"https:\/\/machineriesbst.com\/en\/catalogue\/perceuse-multiple-cnc-alberti\/\",\"name\":\"Perceuse Multiple CNC Alberti - Machineries BST\",\"isPartOf\":{\"@id\":\"https:\/\/machineriesbst.com\/en\/#website\"},\"primaryImageOfPage\":{\"@id\":\"https:\/\/machineriesbst.com\/en\/catalogue\/perceuse-multiple-cnc-alberti\/#primaryimage\"},\"datePublished\":\"2021-06-08T13:29:33+00:00\",\"dateModified\":\"2023-12-01T01:24:37+00:00\",\"breadcrumb\":{\"@id\":\"https:\/\/machineriesbst.com\/en\/catalogue\/perceuse-multiple-cnc-alberti\/#breadcrumb\"},\"inLanguage\":\"en-US\",\"potentialAction\":[{\"@type\":\"ReadAction\",\"target\":[\"https:\/\/machineriesbst.com\/en\/catalogue\/perceuse-multiple-cnc-alberti\/\"]}]},{\"@type\":\"BreadcrumbList\",\"@id\":\"https:\/\/machineriesbst.com\/en\/catalogue\/perceuse-multiple-cnc-alberti\/#breadcrumb\",\"itemListElement\":[{\"@type\":\"ListItem\",\"position\":1,\"name\":\"Accueil\",\"item\":\"https:\/\/machineriesbst.com\/en\/\"},{\"@type\":\"ListItem\",\"position\":2,\"name\":\"Catalogue\",\"item\":\"https:\/\/machineriesbst.com\/en\/catalog\/\"},{\"@type\":\"ListItem\",\"position\":3,\"name\":\"Perceuse Multiple CNC Alberti\"}]}]}<\/script>\n<!-- \/ Yoast SEO plugin. -->","yoast_head_json":{"title":"Perceuse Multiple CNC Alberti - Machineries BST","robots":{"index":"index","follow":"follow","max-snippet":"max-snippet:-1","max-image-preview":"max-image-preview:large","max-video-preview":"max-video-preview:-1"},"canonical":"https:\/\/machineriesbst.com\/en\/catalogue\/perceuse-multiple-cnc-alberti\/","og_locale":"en_US","og_type":"article","og_title":"Perceuse Multiple CNC Alberti - Machineries BST","og_description":"Vector alberti CN Ann\u00e9e : 2005 Centre d'usinage ISO30\u00a0et de per\u00e7age Changement d'outil automatique (ATC:4) Deux t\u00e8te de per\u00e7age avec chacune de 18 meche verticale et 3 m\u00e8ches horizontale par t\u00eate capacit\u00e9 de chargement continu en x\u00a0 et de 48 po en y moteur de 2.8HP\u00a0et RPM de 2850 pour\u00a0\u00a0le per\u00e7age 9HP et RPM min [&hellip;]","og_url":"https:\/\/machineriesbst.com\/en\/catalogue\/perceuse-multiple-cnc-alberti\/","og_site_name":"Machineries BST","article_modified_time":"2023-12-01T01:24:37+00:00","og_image":[{"width":2560,"height":1912,"url":"https:\/\/machineriesbst.com\/wp-content\/uploads\/2021\/05\/Vector6-scaled.jpg","path":"\/home\/jepeto\/public_html\/wp-content\/uploads\/2021\/05\/Vector6-scaled.jpg","size":"full","id":49195,"alt":"","pixels":4894720,"type":"image\/jpeg"}],"twitter_card":"summary_large_image","schema":{"@context":"https:\/\/schema.org","@graph":[{"@type":"WebSite","@id":"https:\/\/machineriesbst.com\/en\/#website","url":"https:\/\/machineriesbst.com\/en\/","name":"Machineries BST","description":"Machines neuves &amp; usag\u00e9es","potentialAction":[{"@type":"SearchAction","target":{"@type":"EntryPoint","urlTemplate":"https:\/\/machineriesbst.com\/en\/?s={search_term_string}"},"query-input":"required name=search_term_string"}],"inLanguage":"en-US"},{"@type":"ImageObject","@id":"https:\/\/machineriesbst.com\/en\/catalogue\/perceuse-multiple-cnc-alberti\/#primaryimage","inLanguage":"en-US","url":"https:\/\/machineriesbst.com\/wp-content\/uploads\/2021\/05\/Vector6-scaled.jpg","contentUrl":"https:\/\/machineriesbst.com\/wp-content\/uploads\/2021\/05\/Vector6-scaled.jpg","width":2560,"height":1912},{"@type":"WebPage","@id":"https:\/\/machineriesbst.com\/en\/catalogue\/perceuse-multiple-cnc-alberti\/#webpage","url":"https:\/\/machineriesbst.com\/en\/catalogue\/perceuse-multiple-cnc-alberti\/","name":"Perceuse Multiple CNC Alberti - Machineries BST","isPartOf":{"@id":"https:\/\/machineriesbst.com\/en\/#website"},"primaryImageOfPage":{"@id":"https:\/\/machineriesbst.com\/en\/catalogue\/perceuse-multiple-cnc-alberti\/#primaryimage"},"datePublished":"2021-06-08T13:29:33+00:00","dateModified":"2023-12-01T01:24:37+00:00","breadcrumb":{"@id":"https:\/\/machineriesbst.com\/en\/catalogue\/perceuse-multiple-cnc-alberti\/#breadcrumb"},"inLanguage":"en-US","potentialAction":[{"@type":"ReadAction","target":["https:\/\/machineriesbst.com\/en\/catalogue\/perceuse-multiple-cnc-alberti\/"]}]},{"@type":"BreadcrumbList","@id":"https:\/\/machineriesbst.com\/en\/catalogue\/perceuse-multiple-cnc-alberti\/#breadcrumb","itemListElement":[{"@type":"ListItem","position":1,"name":"Accueil","item":"https:\/\/machineriesbst.com\/en\/"},{"@type":"ListItem","position":2,"name":"Catalogue","item":"https:\/\/machineriesbst.com\/en\/catalog\/"},{"@type":"ListItem","position":3,"name":"Perceuse Multiple CNC Alberti"}]}]}},"_links":{"self":[{"href":"https:\/\/machineriesbst.com\/en\/wp-json\/wp\/v2\/product\/57374"}],"collection":[{"href":"https:\/\/machineriesbst.com\/en\/wp-json\/wp\/v2\/product"}],"about":[{"href":"https:\/\/machineriesbst.com\/en\/wp-json\/wp\/v2\/types\/product"}],"author":[{"embeddable":true,"href":"https:\/\/machineriesbst.com\/en\/wp-json\/wp\/v2\/users\/3"}],"replies":[{"embeddable":true,"href":"https:\/\/machineriesbst.com\/en\/wp-json\/wp\/v2\/comments?post=57374"}],"wp:featuredmedia":[{"embeddable":true,"href":"https:\/\/machineriesbst.com\/en\/wp-json\/wp\/v2\/media\/49195"}],"wp:attachment":[{"href":"https:\/\/machineriesbst.com\/en\/wp-json\/wp\/v2\/media?parent=57374"}],"wp:term":[{"taxonomy":"product_cat","embeddable":true,"href":"https:\/\/machineriesbst.com\/en\/wp-json\/wp\/v2\/product_cat?post=57374"},{"taxonomy":"product_tag","embeddable":true,"href":"https:\/\/machineriesbst.com\/en\/wp-json\/wp\/v2\/product_tag?post=57374"}],"curies":[{"name":"wp","href":"https:\/\/api.w.org\/{rel}","templated":true}]}}