{"id":57349,"date":"2021-06-08T09:29:05","date_gmt":"2021-06-08T13:29:05","guid":{"rendered":"https:\/\/machineriesbst.com\/?post_type=product&#038;p=57349"},"modified":"2023-11-30T20:24:38","modified_gmt":"2023-12-01T01:24:38","slug":"bouveteuse-gps-90","status":"publish","type":"product","link":"https:\/\/machineriesbst.com\/en\/catalogue\/bouveteuse-gps-90\/","title":{"rendered":"Bouveteuse GPS 90"},"content":{"rendered":"<p>The GPS model splicer is designed for floor with self-locking joints or tenon and mortise.<\/p>\n<p>With the GPS-90 bouveteuse you can carry out or redo complex adjustments at will in a few minutes. You can then maintain the strictest tolerances, board after board ... after board.<\/p>\n<p>It is designed for machining parquet of varying lengths of different widths and thicknesses.<\/p>\n<p>It comprises a main conveyor equipped with transverse bars with machining centers arranged on each side of this conveyor. Two roller conveyors embedded in the main conveyor ensure the placement of the boards during their movement to the machining centers. A third roller conveyor is used for the evacuation of the boards at the exit of the bouveteuse.<\/p>\n<p>It is designed to machine the tenon or the mortise on the ends of the boards. Machining centers include squaring saws and other blades for machining the top and bottom of the tenon as well as the mortise. These blades are machined by turning in the same direction as the movement of the boards. This working method prevents the back part of the boards from shattering.<\/p>\n<p>The GPS model can also machine &quot;Clic&quot; type self-locking joints.<\/p>\n<p><strong>SPECIFICATIONS<\/strong><\/p>\n<ul>\n<li>very sturdy frame<\/li>\n<li>high precision machining centers<\/li>\n<li>positioning marks with digital display<\/li>\n<li>basic model with 5 mandrels for machining solid floors with tenon and mortise joints<\/li>\n<li>feed speed is adjustable up to 90 feet \/ minute<\/li>\n<\/ul>","protected":false},"excerpt":{"rendered":"<p>The GPS model splicer is designed for floor with self-locking joints or tenon and mortise. With the GPS-90 bouveteuse you can carry out or redo complex adjustments at will in a few minutes. You can then maintain the strictest tolerances, board after board ... after board. It is designed for machining [\u2026]<\/p>","protected":false},"author":3,"featured_media":59789,"comment_status":"open","ping_status":"closed","template":"","meta":[],"product_cat":[303],"product_tag":[],"acf":[],"yoast_head":"<!-- This site is optimized with the Yoast SEO plugin v16.8 - https:\/\/yoast.com\/wordpress\/plugins\/seo\/ -->\n<title>Bouveteuse GPS 90 - Machineries BST<\/title>\n<meta name=\"robots\" content=\"index, follow, max-snippet:-1, max-image-preview:large, max-video-preview:-1\" \/>\n<link rel=\"canonical\" href=\"https:\/\/machineriesbst.com\/en\/catalogue\/bouveteuse-gps-90\/\" \/>\n<meta property=\"og:locale\" content=\"en_US\" \/>\n<meta property=\"og:type\" content=\"article\" \/>\n<meta property=\"og:title\" content=\"Bouveteuse GPS 90 - Machineries BST\" \/>\n<meta property=\"og:description\" content=\"La bouveteuse mod\u00e8le GPS est con\u00e7ue pour le plancher \u00e0 joints autobloquants ou \u00e0 tenon et mortaise. Avec la bouveteuse GPS-90 vous pouvez effectuer ou refaire \u00e0 volont\u00e9 des mises au point complexes en quelques minutes. Vous pourrez ensuite maintenir les tol\u00e9rances les plus strictes, planche apr\u00e8s planche... apr\u00e8s planche. Elle est con\u00e7ue pour l&#039;usinage [&hellip;]\" \/>\n<meta property=\"og:url\" content=\"https:\/\/machineriesbst.com\/en\/catalogue\/bouveteuse-gps-90\/\" \/>\n<meta property=\"og:site_name\" content=\"Machineries BST\" \/>\n<meta property=\"article:modified_time\" content=\"2023-12-01T01:24:38+00:00\" \/>\n<meta property=\"og:image\" content=\"https:\/\/machineriesbst.com\/wp-content\/uploads\/2021\/06\/photo-4-3-1024x768-1.jpg\" \/>\n\t<meta property=\"og:image:width\" content=\"1024\" \/>\n\t<meta property=\"og:image:height\" content=\"768\" \/>\n<meta name=\"twitter:card\" content=\"summary_large_image\" \/>\n<meta name=\"twitter:label1\" content=\"Est. reading time\" \/>\n\t<meta name=\"twitter:data1\" content=\"1 minute\" \/>\n<script type=\"application\/ld+json\" class=\"yoast-schema-graph\">{\"@context\":\"https:\/\/schema.org\",\"@graph\":[{\"@type\":\"WebSite\",\"@id\":\"https:\/\/machineriesbst.com\/en\/#website\",\"url\":\"https:\/\/machineriesbst.com\/en\/\",\"name\":\"Machineries BST\",\"description\":\"Machines neuves &amp; usag\\u00e9es\",\"potentialAction\":[{\"@type\":\"SearchAction\",\"target\":{\"@type\":\"EntryPoint\",\"urlTemplate\":\"https:\/\/machineriesbst.com\/en\/?s={search_term_string}\"},\"query-input\":\"required name=search_term_string\"}],\"inLanguage\":\"en-US\"},{\"@type\":\"ImageObject\",\"@id\":\"https:\/\/machineriesbst.com\/en\/catalogue\/bouveteuse-gps-90\/#primaryimage\",\"inLanguage\":\"en-US\",\"url\":\"https:\/\/machineriesbst.com\/wp-content\/uploads\/2021\/06\/photo-4-3-1024x768-1.jpg\",\"contentUrl\":\"https:\/\/machineriesbst.com\/wp-content\/uploads\/2021\/06\/photo-4-3-1024x768-1.jpg\",\"width\":1024,\"height\":768},{\"@type\":\"WebPage\",\"@id\":\"https:\/\/machineriesbst.com\/en\/catalogue\/bouveteuse-gps-90\/#webpage\",\"url\":\"https:\/\/machineriesbst.com\/en\/catalogue\/bouveteuse-gps-90\/\",\"name\":\"Bouveteuse GPS 90 - Machineries BST\",\"isPartOf\":{\"@id\":\"https:\/\/machineriesbst.com\/en\/#website\"},\"primaryImageOfPage\":{\"@id\":\"https:\/\/machineriesbst.com\/en\/catalogue\/bouveteuse-gps-90\/#primaryimage\"},\"datePublished\":\"2021-06-08T13:29:05+00:00\",\"dateModified\":\"2023-12-01T01:24:38+00:00\",\"breadcrumb\":{\"@id\":\"https:\/\/machineriesbst.com\/en\/catalogue\/bouveteuse-gps-90\/#breadcrumb\"},\"inLanguage\":\"en-US\",\"potentialAction\":[{\"@type\":\"ReadAction\",\"target\":[\"https:\/\/machineriesbst.com\/en\/catalogue\/bouveteuse-gps-90\/\"]}]},{\"@type\":\"BreadcrumbList\",\"@id\":\"https:\/\/machineriesbst.com\/en\/catalogue\/bouveteuse-gps-90\/#breadcrumb\",\"itemListElement\":[{\"@type\":\"ListItem\",\"position\":1,\"name\":\"Accueil\",\"item\":\"https:\/\/machineriesbst.com\/en\/\"},{\"@type\":\"ListItem\",\"position\":2,\"name\":\"Catalogue\",\"item\":\"https:\/\/machineriesbst.com\/en\/catalog\/\"},{\"@type\":\"ListItem\",\"position\":3,\"name\":\"Bouveteuse GPS 90\"}]}]}<\/script>\n<!-- \/ Yoast SEO plugin. -->","yoast_head_json":{"title":"Bouveteuse GPS 90 - Machineries BST","robots":{"index":"index","follow":"follow","max-snippet":"max-snippet:-1","max-image-preview":"max-image-preview:large","max-video-preview":"max-video-preview:-1"},"canonical":"https:\/\/machineriesbst.com\/en\/catalogue\/bouveteuse-gps-90\/","og_locale":"en_US","og_type":"article","og_title":"Bouveteuse GPS 90 - Machineries BST","og_description":"La bouveteuse mod\u00e8le GPS est con\u00e7ue pour le plancher \u00e0 joints autobloquants ou \u00e0 tenon et mortaise. Avec la bouveteuse GPS-90 vous pouvez effectuer ou refaire \u00e0 volont\u00e9 des mises au point complexes en quelques minutes. Vous pourrez ensuite maintenir les tol\u00e9rances les plus strictes, planche apr\u00e8s planche... apr\u00e8s planche. Elle est con\u00e7ue pour l'usinage [&hellip;]","og_url":"https:\/\/machineriesbst.com\/en\/catalogue\/bouveteuse-gps-90\/","og_site_name":"Machineries BST","article_modified_time":"2023-12-01T01:24:38+00:00","og_image":[{"width":1024,"height":768,"url":"https:\/\/machineriesbst.com\/wp-content\/uploads\/2021\/06\/photo-4-3-1024x768-1.jpg","path":"\/home\/jepeto\/public_html\/wp-content\/uploads\/2021\/06\/photo-4-3-1024x768-1.jpg","size":"full","id":59789,"alt":"","pixels":786432,"type":"image\/jpeg"}],"twitter_card":"summary_large_image","twitter_misc":{"Est. reading time":"1 minute"},"schema":{"@context":"https:\/\/schema.org","@graph":[{"@type":"WebSite","@id":"https:\/\/machineriesbst.com\/en\/#website","url":"https:\/\/machineriesbst.com\/en\/","name":"Machineries BST","description":"Machines neuves &amp; usag\u00e9es","potentialAction":[{"@type":"SearchAction","target":{"@type":"EntryPoint","urlTemplate":"https:\/\/machineriesbst.com\/en\/?s={search_term_string}"},"query-input":"required name=search_term_string"}],"inLanguage":"en-US"},{"@type":"ImageObject","@id":"https:\/\/machineriesbst.com\/en\/catalogue\/bouveteuse-gps-90\/#primaryimage","inLanguage":"en-US","url":"https:\/\/machineriesbst.com\/wp-content\/uploads\/2021\/06\/photo-4-3-1024x768-1.jpg","contentUrl":"https:\/\/machineriesbst.com\/wp-content\/uploads\/2021\/06\/photo-4-3-1024x768-1.jpg","width":1024,"height":768},{"@type":"WebPage","@id":"https:\/\/machineriesbst.com\/en\/catalogue\/bouveteuse-gps-90\/#webpage","url":"https:\/\/machineriesbst.com\/en\/catalogue\/bouveteuse-gps-90\/","name":"Bouveteuse GPS 90 - Machineries BST","isPartOf":{"@id":"https:\/\/machineriesbst.com\/en\/#website"},"primaryImageOfPage":{"@id":"https:\/\/machineriesbst.com\/en\/catalogue\/bouveteuse-gps-90\/#primaryimage"},"datePublished":"2021-06-08T13:29:05+00:00","dateModified":"2023-12-01T01:24:38+00:00","breadcrumb":{"@id":"https:\/\/machineriesbst.com\/en\/catalogue\/bouveteuse-gps-90\/#breadcrumb"},"inLanguage":"en-US","potentialAction":[{"@type":"ReadAction","target":["https:\/\/machineriesbst.com\/en\/catalogue\/bouveteuse-gps-90\/"]}]},{"@type":"BreadcrumbList","@id":"https:\/\/machineriesbst.com\/en\/catalogue\/bouveteuse-gps-90\/#breadcrumb","itemListElement":[{"@type":"ListItem","position":1,"name":"Accueil","item":"https:\/\/machineriesbst.com\/en\/"},{"@type":"ListItem","position":2,"name":"Catalogue","item":"https:\/\/machineriesbst.com\/en\/catalog\/"},{"@type":"ListItem","position":3,"name":"Bouveteuse GPS 90"}]}]}},"_links":{"self":[{"href":"https:\/\/machineriesbst.com\/en\/wp-json\/wp\/v2\/product\/57349"}],"collection":[{"href":"https:\/\/machineriesbst.com\/en\/wp-json\/wp\/v2\/product"}],"about":[{"href":"https:\/\/machineriesbst.com\/en\/wp-json\/wp\/v2\/types\/product"}],"author":[{"embeddable":true,"href":"https:\/\/machineriesbst.com\/en\/wp-json\/wp\/v2\/users\/3"}],"replies":[{"embeddable":true,"href":"https:\/\/machineriesbst.com\/en\/wp-json\/wp\/v2\/comments?post=57349"}],"wp:featuredmedia":[{"embeddable":true,"href":"https:\/\/machineriesbst.com\/en\/wp-json\/wp\/v2\/media\/59789"}],"wp:attachment":[{"href":"https:\/\/machineriesbst.com\/en\/wp-json\/wp\/v2\/media?parent=57349"}],"wp:term":[{"taxonomy":"product_cat","embeddable":true,"href":"https:\/\/machineriesbst.com\/en\/wp-json\/wp\/v2\/product_cat?post=57349"},{"taxonomy":"product_tag","embeddable":true,"href":"https:\/\/machineriesbst.com\/en\/wp-json\/wp\/v2\/product_tag?post=57349"}],"curies":[{"name":"wp","href":"https:\/\/api.w.org\/{rel}","templated":true}]}}