{"id":57340,"date":"2021-06-08T09:29:03","date_gmt":"2021-06-08T13:29:03","guid":{"rendered":"https:\/\/machineriesbst.com\/?post_type=product&#038;p=57340"},"modified":"2023-11-30T20:24:38","modified_gmt":"2023-12-01T01:24:38","slug":"bouveteuse-doucet-em-2-2001","status":"publish","type":"product","link":"https:\/\/machineriesbst.com\/en\/catalogue\/bouveteuse-doucet-em-2-2001\/","title":{"rendered":"Bouveteuse Doucet EM-2 2001"},"content":{"rendered":"<p>Bouveteuse with pinch roller which allows to make males \/ females on the longer pieces.<\/p>\n<p>&nbsp;<\/p>\n<ul>\n<li>This system includes a 21 foot long by 5 foot wide cross bar conveyor.<\/li>\n<li>Bar spacing is available at 12 &quot;or 8&quot; center to center.<\/li>\n<li>The material is placed between the crossbars at the input end of the machine. Although the random length parts are fed, the material is positioned by perpendicular roller conveyors before the two machining centers. A third roller conveyor takes care of the side exit. Roller conveyors are 24 \u201dwide and are integrated into the transport table. The system is also equipped with a motorized pinch roller to reorient workpieces over 60 inches before the second machining center.<\/li>\n<li>The base system is powered by a 3 HP variable speed primary drive from 20 to 60 feet per minute.<\/li>\n<li>The tongue and groove machining centers are equipped with a square saw. The tongue station has a bottom and top groove, while the groove station has a groove. The 5 core saws and rails are powered by 3 HP shaft motors. When entering one of the machining centers, the material is pushed against the hold pressure for justification against the top of the board.<\/li>\n<\/ul>","protected":false},"excerpt":{"rendered":"<p>Bouveteuse with pinch roller which allows to make males \/ females on the longer pieces. This system includes a 21 foot long by 5 foot wide cross bar conveyor. Bar spacing is available at 12 &quot;or 8&quot; center to center. The material is placed between [\u2026]<\/p>","protected":false},"author":3,"featured_media":49078,"comment_status":"open","ping_status":"closed","template":"","meta":[],"product_cat":[303],"product_tag":[],"acf":[],"yoast_head":"<!-- This site is optimized with the Yoast SEO plugin v16.8 - https:\/\/yoast.com\/wordpress\/plugins\/seo\/ -->\n<title>Bouveteuse Doucet EM-2 2001 - Machineries BST<\/title>\n<meta name=\"robots\" content=\"index, follow, max-snippet:-1, max-image-preview:large, max-video-preview:-1\" \/>\n<link rel=\"canonical\" href=\"https:\/\/machineriesbst.com\/en\/catalogue\/bouveteuse-doucet-em-2-2001\/\" \/>\n<meta property=\"og:locale\" content=\"en_US\" \/>\n<meta property=\"og:type\" content=\"article\" \/>\n<meta property=\"og:title\" content=\"Bouveteuse Doucet EM-2 2001 - Machineries BST\" \/>\n<meta property=\"og:description\" content=\"Bouveteuse avec pinch roller ce qui permet de faire des males \/ femelles sur les pi\u00e8ces plus longues. &nbsp; Ce syst\u00e8me comprend un convoyeur \u00e0 barre transversale de 21 pieds de long sur 5 pieds de largeur. L&#039;espacement des barres est disponible \u00e0 12 &quot;ou 8&quot; de centre \u00e0 centre. Le mat\u00e9riau est plac\u00e9 entre [&hellip;]\" \/>\n<meta property=\"og:url\" content=\"https:\/\/machineriesbst.com\/en\/catalogue\/bouveteuse-doucet-em-2-2001\/\" \/>\n<meta property=\"og:site_name\" content=\"Machineries BST\" \/>\n<meta property=\"article:modified_time\" content=\"2023-12-01T01:24:38+00:00\" \/>\n<meta property=\"og:image\" content=\"https:\/\/machineriesbst.com\/wp-content\/uploads\/2021\/05\/IMG_0077.jpg\" \/>\n\t<meta property=\"og:image:width\" content=\"576\" \/>\n\t<meta property=\"og:image:height\" content=\"768\" \/>\n<meta name=\"twitter:card\" content=\"summary_large_image\" \/>\n<meta name=\"twitter:label1\" content=\"Est. reading time\" \/>\n\t<meta name=\"twitter:data1\" content=\"1 minute\" \/>\n<script type=\"application\/ld+json\" class=\"yoast-schema-graph\">{\"@context\":\"https:\/\/schema.org\",\"@graph\":[{\"@type\":\"WebSite\",\"@id\":\"https:\/\/machineriesbst.com\/en\/#website\",\"url\":\"https:\/\/machineriesbst.com\/en\/\",\"name\":\"Machineries BST\",\"description\":\"Machines neuves &amp; usag\\u00e9es\",\"potentialAction\":[{\"@type\":\"SearchAction\",\"target\":{\"@type\":\"EntryPoint\",\"urlTemplate\":\"https:\/\/machineriesbst.com\/en\/?s={search_term_string}\"},\"query-input\":\"required name=search_term_string\"}],\"inLanguage\":\"en-US\"},{\"@type\":\"ImageObject\",\"@id\":\"https:\/\/machineriesbst.com\/en\/catalogue\/bouveteuse-doucet-em-2-2001\/#primaryimage\",\"inLanguage\":\"en-US\",\"url\":\"https:\/\/machineriesbst.com\/wp-content\/uploads\/2021\/05\/IMG_0077.jpg\",\"contentUrl\":\"https:\/\/machineriesbst.com\/wp-content\/uploads\/2021\/05\/IMG_0077.jpg\",\"width\":576,\"height\":768},{\"@type\":\"WebPage\",\"@id\":\"https:\/\/machineriesbst.com\/en\/catalogue\/bouveteuse-doucet-em-2-2001\/#webpage\",\"url\":\"https:\/\/machineriesbst.com\/en\/catalogue\/bouveteuse-doucet-em-2-2001\/\",\"name\":\"Bouveteuse Doucet EM-2 2001 - Machineries BST\",\"isPartOf\":{\"@id\":\"https:\/\/machineriesbst.com\/en\/#website\"},\"primaryImageOfPage\":{\"@id\":\"https:\/\/machineriesbst.com\/en\/catalogue\/bouveteuse-doucet-em-2-2001\/#primaryimage\"},\"datePublished\":\"2021-06-08T13:29:03+00:00\",\"dateModified\":\"2023-12-01T01:24:38+00:00\",\"breadcrumb\":{\"@id\":\"https:\/\/machineriesbst.com\/en\/catalogue\/bouveteuse-doucet-em-2-2001\/#breadcrumb\"},\"inLanguage\":\"en-US\",\"potentialAction\":[{\"@type\":\"ReadAction\",\"target\":[\"https:\/\/machineriesbst.com\/en\/catalogue\/bouveteuse-doucet-em-2-2001\/\"]}]},{\"@type\":\"BreadcrumbList\",\"@id\":\"https:\/\/machineriesbst.com\/en\/catalogue\/bouveteuse-doucet-em-2-2001\/#breadcrumb\",\"itemListElement\":[{\"@type\":\"ListItem\",\"position\":1,\"name\":\"Accueil\",\"item\":\"https:\/\/machineriesbst.com\/en\/\"},{\"@type\":\"ListItem\",\"position\":2,\"name\":\"Catalogue\",\"item\":\"https:\/\/machineriesbst.com\/en\/catalog\/\"},{\"@type\":\"ListItem\",\"position\":3,\"name\":\"Bouveteuse Doucet EM-2 2001\"}]}]}<\/script>\n<!-- \/ Yoast SEO plugin. -->","yoast_head_json":{"title":"Bouveteuse Doucet EM-2 2001 - Machineries BST","robots":{"index":"index","follow":"follow","max-snippet":"max-snippet:-1","max-image-preview":"max-image-preview:large","max-video-preview":"max-video-preview:-1"},"canonical":"https:\/\/machineriesbst.com\/en\/catalogue\/bouveteuse-doucet-em-2-2001\/","og_locale":"en_US","og_type":"article","og_title":"Bouveteuse Doucet EM-2 2001 - Machineries BST","og_description":"Bouveteuse avec pinch roller ce qui permet de faire des males \/ femelles sur les pi\u00e8ces plus longues. &nbsp; Ce syst\u00e8me comprend un convoyeur \u00e0 barre transversale de 21 pieds de long sur 5 pieds de largeur. L'espacement des barres est disponible \u00e0 12 \"ou 8\" de centre \u00e0 centre. Le mat\u00e9riau est plac\u00e9 entre [&hellip;]","og_url":"https:\/\/machineriesbst.com\/en\/catalogue\/bouveteuse-doucet-em-2-2001\/","og_site_name":"Machineries BST","article_modified_time":"2023-12-01T01:24:38+00:00","og_image":[{"width":576,"height":768,"url":"https:\/\/machineriesbst.com\/wp-content\/uploads\/2021\/05\/IMG_0077.jpg","path":"\/home\/jepeto\/public_html\/wp-content\/uploads\/2021\/05\/IMG_0077.jpg","size":"full","id":49078,"alt":"","pixels":442368,"type":"image\/jpeg"}],"twitter_card":"summary_large_image","twitter_misc":{"Est. reading time":"1 minute"},"schema":{"@context":"https:\/\/schema.org","@graph":[{"@type":"WebSite","@id":"https:\/\/machineriesbst.com\/en\/#website","url":"https:\/\/machineriesbst.com\/en\/","name":"Machineries BST","description":"Machines neuves &amp; usag\u00e9es","potentialAction":[{"@type":"SearchAction","target":{"@type":"EntryPoint","urlTemplate":"https:\/\/machineriesbst.com\/en\/?s={search_term_string}"},"query-input":"required name=search_term_string"}],"inLanguage":"en-US"},{"@type":"ImageObject","@id":"https:\/\/machineriesbst.com\/en\/catalogue\/bouveteuse-doucet-em-2-2001\/#primaryimage","inLanguage":"en-US","url":"https:\/\/machineriesbst.com\/wp-content\/uploads\/2021\/05\/IMG_0077.jpg","contentUrl":"https:\/\/machineriesbst.com\/wp-content\/uploads\/2021\/05\/IMG_0077.jpg","width":576,"height":768},{"@type":"WebPage","@id":"https:\/\/machineriesbst.com\/en\/catalogue\/bouveteuse-doucet-em-2-2001\/#webpage","url":"https:\/\/machineriesbst.com\/en\/catalogue\/bouveteuse-doucet-em-2-2001\/","name":"Bouveteuse Doucet EM-2 2001 - Machineries BST","isPartOf":{"@id":"https:\/\/machineriesbst.com\/en\/#website"},"primaryImageOfPage":{"@id":"https:\/\/machineriesbst.com\/en\/catalogue\/bouveteuse-doucet-em-2-2001\/#primaryimage"},"datePublished":"2021-06-08T13:29:03+00:00","dateModified":"2023-12-01T01:24:38+00:00","breadcrumb":{"@id":"https:\/\/machineriesbst.com\/en\/catalogue\/bouveteuse-doucet-em-2-2001\/#breadcrumb"},"inLanguage":"en-US","potentialAction":[{"@type":"ReadAction","target":["https:\/\/machineriesbst.com\/en\/catalogue\/bouveteuse-doucet-em-2-2001\/"]}]},{"@type":"BreadcrumbList","@id":"https:\/\/machineriesbst.com\/en\/catalogue\/bouveteuse-doucet-em-2-2001\/#breadcrumb","itemListElement":[{"@type":"ListItem","position":1,"name":"Accueil","item":"https:\/\/machineriesbst.com\/en\/"},{"@type":"ListItem","position":2,"name":"Catalogue","item":"https:\/\/machineriesbst.com\/en\/catalog\/"},{"@type":"ListItem","position":3,"name":"Bouveteuse Doucet EM-2 2001"}]}]}},"_links":{"self":[{"href":"https:\/\/machineriesbst.com\/en\/wp-json\/wp\/v2\/product\/57340"}],"collection":[{"href":"https:\/\/machineriesbst.com\/en\/wp-json\/wp\/v2\/product"}],"about":[{"href":"https:\/\/machineriesbst.com\/en\/wp-json\/wp\/v2\/types\/product"}],"author":[{"embeddable":true,"href":"https:\/\/machineriesbst.com\/en\/wp-json\/wp\/v2\/users\/3"}],"replies":[{"embeddable":true,"href":"https:\/\/machineriesbst.com\/en\/wp-json\/wp\/v2\/comments?post=57340"}],"wp:featuredmedia":[{"embeddable":true,"href":"https:\/\/machineriesbst.com\/en\/wp-json\/wp\/v2\/media\/49078"}],"wp:attachment":[{"href":"https:\/\/machineriesbst.com\/en\/wp-json\/wp\/v2\/media?parent=57340"}],"wp:term":[{"taxonomy":"product_cat","embeddable":true,"href":"https:\/\/machineriesbst.com\/en\/wp-json\/wp\/v2\/product_cat?post=57340"},{"taxonomy":"product_tag","embeddable":true,"href":"https:\/\/machineriesbst.com\/en\/wp-json\/wp\/v2\/product_tag?post=57340"}],"curies":[{"name":"wp","href":"https:\/\/api.w.org\/{rel}","templated":true}]}}