{"id":57298,"date":"2021-06-08T09:28:10","date_gmt":"2021-06-08T13:28:10","guid":{"rendered":"https:\/\/machineriesbst.com\/?post_type=product&#038;p=57298"},"modified":"2023-11-30T20:24:39","modified_gmt":"2023-12-01T01:24:39","slug":"scanner-combiscan-c400-weinig","status":"publish","type":"product","link":"https:\/\/machineriesbst.com\/en\/catalogue\/scanner-combiscan-c400-weinig\/","title":{"rendered":"Weinig CombiScan C400 scanner"},"content":{"rendered":"<p>The CombiScan C400 scanner, for an automatic cutting application of hardwoods (maple, oak, etc.).<\/p>\n<p>We offer a scanner integrating 2 &quot;laser cameras&quot; and 2 color cameras, to check the upper \/ lower faces.<\/p>\n<p>The scanner is designed to work with 2 chainsaws. We guarantee full compatibility (mechanical, electrical and software) of our scanner with the saw supplier.<\/p>\n<p>Scan comes with:<\/p>\n<p>The scanner: viewing booth, including the mechanical sensor support structure and the electrical cabinet.<br \/>\nCut-off optimization software<br \/>\nADDITIONAL INFORMATION ON REQUEST<\/p>","protected":false},"excerpt":{"rendered":"<p>The CombiScan C400 scanner, for an automatic cutting application of hardwoods (maple, oak, etc.). We offer a scanner integrating 2 &quot;laser cameras&quot; and 2 color cameras, to control the upper \/ lower faces. The scanner is designed to work with 2 chainsaws. We guarantee the complete compatibility (mechanical, electrical and software) of our [\u2026]<\/p>","protected":false},"author":3,"featured_media":48941,"comment_status":"open","ping_status":"closed","template":"","meta":[],"product_cat":[237],"product_tag":[],"acf":[],"yoast_head":"<!-- This site is optimized with the Yoast SEO plugin v16.8 - https:\/\/yoast.com\/wordpress\/plugins\/seo\/ -->\n<title>Scanner CombiScan C400 Weinig - Machineries BST<\/title>\n<meta name=\"robots\" content=\"index, follow, max-snippet:-1, max-image-preview:large, max-video-preview:-1\" \/>\n<link rel=\"canonical\" href=\"https:\/\/machineriesbst.com\/en\/catalogue\/scanner-combiscan-c400-weinig\/\" \/>\n<meta property=\"og:locale\" content=\"en_US\" \/>\n<meta property=\"og:type\" content=\"article\" \/>\n<meta property=\"og:title\" content=\"Scanner CombiScan C400 Weinig - Machineries BST\" \/>\n<meta property=\"og:description\" content=\"Le scanner CombiScan C400, pour une application de coupe automatique de bois durs (\u00e9rable, ch\u00eane, etc.). Nous proposons un scanner int\u00e9grant 2 &quot;cam\u00e9ras laser&quot; et 2 cam\u00e9ras couleur, pour contr\u00f4ler les faces sup\u00e9rieure \/ inf\u00e9rieure. Le scanner est con\u00e7u pour fonctionner avec 2 tron\u00e7onneuses. Nous garantissons la compatibilit\u00e9 compl\u00e8te (m\u00e9canique, \u00e9lectrique et logiciel) de notre [&hellip;]\" \/>\n<meta property=\"og:url\" content=\"https:\/\/machineriesbst.com\/en\/catalogue\/scanner-combiscan-c400-weinig\/\" \/>\n<meta property=\"og:site_name\" content=\"Machineries BST\" \/>\n<meta property=\"article:modified_time\" content=\"2023-12-01T01:24:39+00:00\" \/>\n<meta property=\"og:image\" content=\"https:\/\/machineriesbst.com\/wp-content\/uploads\/2021\/05\/Luxscan1_468x385.jpg\" \/>\n\t<meta property=\"og:image:width\" content=\"313\" \/>\n\t<meta property=\"og:image:height\" content=\"309\" \/>\n<meta name=\"twitter:card\" content=\"summary_large_image\" \/>\n<meta name=\"twitter:label1\" content=\"Est. reading time\" \/>\n\t<meta name=\"twitter:data1\" content=\"1 minute\" \/>\n<script type=\"application\/ld+json\" class=\"yoast-schema-graph\">{\"@context\":\"https:\/\/schema.org\",\"@graph\":[{\"@type\":\"WebSite\",\"@id\":\"https:\/\/machineriesbst.com\/en\/#website\",\"url\":\"https:\/\/machineriesbst.com\/en\/\",\"name\":\"Machineries BST\",\"description\":\"Machines neuves &amp; usag\\u00e9es\",\"potentialAction\":[{\"@type\":\"SearchAction\",\"target\":{\"@type\":\"EntryPoint\",\"urlTemplate\":\"https:\/\/machineriesbst.com\/en\/?s={search_term_string}\"},\"query-input\":\"required name=search_term_string\"}],\"inLanguage\":\"en-US\"},{\"@type\":\"ImageObject\",\"@id\":\"https:\/\/machineriesbst.com\/en\/catalogue\/scanner-combiscan-c400-weinig\/#primaryimage\",\"inLanguage\":\"en-US\",\"url\":\"https:\/\/machineriesbst.com\/wp-content\/uploads\/2021\/05\/Luxscan1_468x385.jpg\",\"contentUrl\":\"https:\/\/machineriesbst.com\/wp-content\/uploads\/2021\/05\/Luxscan1_468x385.jpg\",\"width\":313,\"height\":309},{\"@type\":\"WebPage\",\"@id\":\"https:\/\/machineriesbst.com\/en\/catalogue\/scanner-combiscan-c400-weinig\/#webpage\",\"url\":\"https:\/\/machineriesbst.com\/en\/catalogue\/scanner-combiscan-c400-weinig\/\",\"name\":\"Scanner CombiScan C400 Weinig - Machineries BST\",\"isPartOf\":{\"@id\":\"https:\/\/machineriesbst.com\/en\/#website\"},\"primaryImageOfPage\":{\"@id\":\"https:\/\/machineriesbst.com\/en\/catalogue\/scanner-combiscan-c400-weinig\/#primaryimage\"},\"datePublished\":\"2021-06-08T13:28:10+00:00\",\"dateModified\":\"2023-12-01T01:24:39+00:00\",\"breadcrumb\":{\"@id\":\"https:\/\/machineriesbst.com\/en\/catalogue\/scanner-combiscan-c400-weinig\/#breadcrumb\"},\"inLanguage\":\"en-US\",\"potentialAction\":[{\"@type\":\"ReadAction\",\"target\":[\"https:\/\/machineriesbst.com\/en\/catalogue\/scanner-combiscan-c400-weinig\/\"]}]},{\"@type\":\"BreadcrumbList\",\"@id\":\"https:\/\/machineriesbst.com\/en\/catalogue\/scanner-combiscan-c400-weinig\/#breadcrumb\",\"itemListElement\":[{\"@type\":\"ListItem\",\"position\":1,\"name\":\"Accueil\",\"item\":\"https:\/\/machineriesbst.com\/en\/\"},{\"@type\":\"ListItem\",\"position\":2,\"name\":\"Catalogue\",\"item\":\"https:\/\/machineriesbst.com\/en\/catalog\/\"},{\"@type\":\"ListItem\",\"position\":3,\"name\":\"Scanner CombiScan C400 Weinig\"}]}]}<\/script>\n<!-- \/ Yoast SEO plugin. -->","yoast_head_json":{"title":"Scanner CombiScan C400 Weinig - Machineries BST","robots":{"index":"index","follow":"follow","max-snippet":"max-snippet:-1","max-image-preview":"max-image-preview:large","max-video-preview":"max-video-preview:-1"},"canonical":"https:\/\/machineriesbst.com\/en\/catalogue\/scanner-combiscan-c400-weinig\/","og_locale":"en_US","og_type":"article","og_title":"Scanner CombiScan C400 Weinig - Machineries BST","og_description":"Le scanner CombiScan C400, pour une application de coupe automatique de bois durs (\u00e9rable, ch\u00eane, etc.). Nous proposons un scanner int\u00e9grant 2 \"cam\u00e9ras laser\" et 2 cam\u00e9ras couleur, pour contr\u00f4ler les faces sup\u00e9rieure \/ inf\u00e9rieure. Le scanner est con\u00e7u pour fonctionner avec 2 tron\u00e7onneuses. Nous garantissons la compatibilit\u00e9 compl\u00e8te (m\u00e9canique, \u00e9lectrique et logiciel) de notre [&hellip;]","og_url":"https:\/\/machineriesbst.com\/en\/catalogue\/scanner-combiscan-c400-weinig\/","og_site_name":"Machineries BST","article_modified_time":"2023-12-01T01:24:39+00:00","og_image":[{"width":313,"height":309,"url":"https:\/\/machineriesbst.com\/wp-content\/uploads\/2021\/05\/Luxscan1_468x385.jpg","path":"\/home\/jepeto\/public_html\/wp-content\/uploads\/2021\/05\/Luxscan1_468x385.jpg","size":"full","id":48941,"alt":"","pixels":96717,"type":"image\/jpeg"}],"twitter_card":"summary_large_image","twitter_misc":{"Est. reading time":"1 minute"},"schema":{"@context":"https:\/\/schema.org","@graph":[{"@type":"WebSite","@id":"https:\/\/machineriesbst.com\/en\/#website","url":"https:\/\/machineriesbst.com\/en\/","name":"Machineries BST","description":"Machines neuves &amp; usag\u00e9es","potentialAction":[{"@type":"SearchAction","target":{"@type":"EntryPoint","urlTemplate":"https:\/\/machineriesbst.com\/en\/?s={search_term_string}"},"query-input":"required name=search_term_string"}],"inLanguage":"en-US"},{"@type":"ImageObject","@id":"https:\/\/machineriesbst.com\/en\/catalogue\/scanner-combiscan-c400-weinig\/#primaryimage","inLanguage":"en-US","url":"https:\/\/machineriesbst.com\/wp-content\/uploads\/2021\/05\/Luxscan1_468x385.jpg","contentUrl":"https:\/\/machineriesbst.com\/wp-content\/uploads\/2021\/05\/Luxscan1_468x385.jpg","width":313,"height":309},{"@type":"WebPage","@id":"https:\/\/machineriesbst.com\/en\/catalogue\/scanner-combiscan-c400-weinig\/#webpage","url":"https:\/\/machineriesbst.com\/en\/catalogue\/scanner-combiscan-c400-weinig\/","name":"Scanner CombiScan C400 Weinig - Machineries BST","isPartOf":{"@id":"https:\/\/machineriesbst.com\/en\/#website"},"primaryImageOfPage":{"@id":"https:\/\/machineriesbst.com\/en\/catalogue\/scanner-combiscan-c400-weinig\/#primaryimage"},"datePublished":"2021-06-08T13:28:10+00:00","dateModified":"2023-12-01T01:24:39+00:00","breadcrumb":{"@id":"https:\/\/machineriesbst.com\/en\/catalogue\/scanner-combiscan-c400-weinig\/#breadcrumb"},"inLanguage":"en-US","potentialAction":[{"@type":"ReadAction","target":["https:\/\/machineriesbst.com\/en\/catalogue\/scanner-combiscan-c400-weinig\/"]}]},{"@type":"BreadcrumbList","@id":"https:\/\/machineriesbst.com\/en\/catalogue\/scanner-combiscan-c400-weinig\/#breadcrumb","itemListElement":[{"@type":"ListItem","position":1,"name":"Accueil","item":"https:\/\/machineriesbst.com\/en\/"},{"@type":"ListItem","position":2,"name":"Catalogue","item":"https:\/\/machineriesbst.com\/en\/catalog\/"},{"@type":"ListItem","position":3,"name":"Scanner CombiScan C400 Weinig"}]}]}},"_links":{"self":[{"href":"https:\/\/machineriesbst.com\/en\/wp-json\/wp\/v2\/product\/57298"}],"collection":[{"href":"https:\/\/machineriesbst.com\/en\/wp-json\/wp\/v2\/product"}],"about":[{"href":"https:\/\/machineriesbst.com\/en\/wp-json\/wp\/v2\/types\/product"}],"author":[{"embeddable":true,"href":"https:\/\/machineriesbst.com\/en\/wp-json\/wp\/v2\/users\/3"}],"replies":[{"embeddable":true,"href":"https:\/\/machineriesbst.com\/en\/wp-json\/wp\/v2\/comments?post=57298"}],"wp:featuredmedia":[{"embeddable":true,"href":"https:\/\/machineriesbst.com\/en\/wp-json\/wp\/v2\/media\/48941"}],"wp:attachment":[{"href":"https:\/\/machineriesbst.com\/en\/wp-json\/wp\/v2\/media?parent=57298"}],"wp:term":[{"taxonomy":"product_cat","embeddable":true,"href":"https:\/\/machineriesbst.com\/en\/wp-json\/wp\/v2\/product_cat?post=57298"},{"taxonomy":"product_tag","embeddable":true,"href":"https:\/\/machineriesbst.com\/en\/wp-json\/wp\/v2\/product_tag?post=57298"}],"curies":[{"name":"wp","href":"https:\/\/api.w.org\/{rel}","templated":true}]}}